{"id":1028,"date":"2022-02-25T13:37:52","date_gmt":"2022-02-25T13:37:52","guid":{"rendered":"http:\/\/ceyalcoop.com\/?page_id=1028"},"modified":"2022-08-02T21:33:16","modified_gmt":"2022-08-02T21:33:16","slug":"inauguracion-del-nuevo-edificio","status":"publish","type":"page","link":"https:\/\/ceyalcoop.com\/index.php\/inauguracion-del-nuevo-edificio\/","title":{"rendered":"Inauguraci\u00f3n del nuevo edificio"},"content":{"rendered":"\t\t<div data-elementor-type=\"wp-page\" data-elementor-id=\"1028\" class=\"elementor elementor-1028\" data-elementor-post-type=\"page\">\n\t\t\t\t\t\t<section class=\"elementor-section elementor-top-section elementor-element elementor-element-73fc2d8 elementor-section-boxed elementor-section-height-default elementor-section-height-default\" data-id=\"73fc2d8\" data-element_type=\"section\" data-e-type=\"section\">\n\t\t\t\t\t\t<div class=\"elementor-container elementor-column-gap-default\">\n\t\t\t\t\t<div class=\"elementor-column elementor-col-100 elementor-top-column elementor-element elementor-element-5bb1ce4\" data-id=\"5bb1ce4\" data-element_type=\"column\" data-e-type=\"column\">\n\t\t\t<div class=\"elementor-widget-wrap elementor-element-populated\">\n\t\t\t\t\t\t<div class=\"elementor-element elementor-element-a0923b1 elementor-widget elementor-widget-heading\" data-id=\"a0923b1\" data-element_type=\"widget\" data-e-type=\"widget\" data-widget_type=\"heading.default\">\n\t\t\t\t<div class=\"elementor-widget-container\">\n\t\t\t\t\t<h2 class=\"elementor-heading-title elementor-size-default\"><a href=\"https:\/\/ceyalcoop.com\/index.php\/inauguracion-del-nuevo-edificio\/\" target=\"_blank\">Inauguraci\u00f3n del nuevo edificio.<\/a><\/h2>\t\t\t\t<\/div>\n\t\t\t\t<\/div>\n\t\t\t\t\t<\/div>\n\t\t<\/div>\n\t\t\t\t\t<\/div>\n\t\t<\/section>\n\t\t\t\t<section class=\"elementor-section elementor-top-section elementor-element elementor-element-92d52cd elementor-section-boxed elementor-section-height-default elementor-section-height-default\" data-id=\"92d52cd\" data-element_type=\"section\" data-e-type=\"section\">\n\t\t\t\t\t\t<div class=\"elementor-container elementor-column-gap-default\">\n\t\t\t\t\t<div class=\"elementor-column elementor-col-100 elementor-top-column elementor-element elementor-element-583972d\" data-id=\"583972d\" data-element_type=\"column\" data-e-type=\"column\">\n\t\t\t<div class=\"elementor-widget-wrap elementor-element-populated\">\n\t\t\t\t\t\t<div class=\"elementor-element elementor-element-984d39b elementor-widget elementor-widget-text-editor\" data-id=\"984d39b\" data-element_type=\"widget\" data-e-type=\"widget\" data-widget_type=\"text-editor.default\">\n\t\t\t\t<div class=\"elementor-widget-container\">\n\t\t\t\t\t\t\t\t\t<p style=\"text-align: justify;\"><span style=\"font-family: inherit; white-space: pre-wrap; color: var( --e-global-color-text ); font-weight: var( --e-global-typography-text-font-weight ); font-size: 1rem;\">CEYAL dej\u00f3 inaugurado oficialmente su nuevo edificio administrativo, biblioteca y aulas, el pasado s\u00e1bado 2 de julio, en el D\u00eda Internacional de las Cooperativas. <\/span><\/p><div style=\"overflow-wrap: break-word; margin: 0.5em 0px 0px; white-space: pre-wrap; font-family: inherit; text-align: justify;\"><div dir=\"auto\" style=\"font-family: inherit;\">Se realiz\u00f3 un acto de inauguraci\u00f3n en el que estuvieron presentes; el secretario de FECESCOR Dar\u00edo Fern\u00e1ndez, autoridades municipales, personal de bomberos, y de diferentes instituciones, docentes de los distintos niveles educativos, gerente y personal de CEYAL y de otras Cooperativas, y diferentes medios de comunicaci\u00f3n. <span style=\"margin: 0px 1px; height: 16px; width: 16px; display: inline-flex; vertical-align: middle; font-family: inherit;\"><br \/><\/span><\/div><\/div><div style=\"overflow-wrap: break-word; margin: 0.5em 0px 0px; white-space: pre-wrap; font-family: inherit; text-align: justify;\"><div dir=\"auto\" style=\"font-family: inherit;\">El corte de cintas, estuvo a cargo del presidente del Consejo de Administraci\u00f3n Emilio Agra\u00edn junto al vicepresidente Rub\u00e9n Garc\u00eda.<\/div><\/div><div style=\"overflow-wrap: break-word; margin: 0.5em 0px 0px; white-space: pre-wrap; font-family: inherit;\"><div dir=\"auto\" style=\"font-family: inherit; text-align: justify;\"><strong><span style=\"font-family: 'Segoe UI Historic', 'Segoe UI', Helvetica, Arial, sans-serif; font-size: 15px;\">\u00a1Estamos felices y agradecidos! <\/span><\/strong><\/div><\/div>\t\t\t\t\t\t\t\t<\/div>\n\t\t\t\t<\/div>\n\t\t\t\t\t<\/div>\n\t\t<\/div>\n\t\t\t\t\t<\/div>\n\t\t<\/section>\n\t\t\t\t<section class=\"elementor-section elementor-top-section elementor-element elementor-element-a2e7fc9 elementor-section-boxed elementor-section-height-default elementor-section-height-default\" data-id=\"a2e7fc9\" data-element_type=\"section\" data-e-type=\"section\">\n\t\t\t\t\t\t<div class=\"elementor-container elementor-column-gap-default\">\n\t\t\t\t\t<div class=\"elementor-column elementor-col-25 elementor-top-column elementor-element elementor-element-7645427\" data-id=\"7645427\" data-element_type=\"column\" data-e-type=\"column\">\n\t\t\t<div class=\"elementor-widget-wrap elementor-element-populated\">\n\t\t\t\t\t\t<div class=\"elementor-element elementor-element-3c858c7 elementor-widget elementor-widget-image\" data-id=\"3c858c7\" data-element_type=\"widget\" data-e-type=\"widget\" data-widget_type=\"image.default\">\n\t\t\t\t<div class=\"elementor-widget-container\">\n\t\t\t\t\t\t\t\t\t\t\t\t\t\t\t\t<a href=\"http:\/\/ceyalcoop.com\/wp-content\/uploads\/2022\/08\/293570298_105816915545770_6824636906973341819_n.jpg\" data-elementor-open-lightbox=\"yes\" data-elementor-lightbox-title=\"293570298_105816915545770_6824636906973341819_n\" data-e-action-hash=\"#elementor-action%3Aaction%3Dlightbox%26settings%3DeyJpZCI6MTk3NCwidXJsIjoiaHR0cHM6XC9cL2NleWFsY29vcC5jb21cL3dwLWNvbnRlbnRcL3VwbG9hZHNcLzIwMjJcLzA4XC8yOTM1NzAyOThfMTA1ODE2OTE1NTQ1NzcwXzY4MjQ2MzY5MDY5NzMzNDE4MTlfbi5qcGcifQ%3D%3D\">\n\t\t\t\t\t\t\t<img fetchpriority=\"high\" decoding=\"async\" width=\"800\" height=\"800\" src=\"https:\/\/ceyalcoop.com\/wp-content\/uploads\/2022\/08\/293570298_105816915545770_6824636906973341819_n.jpg\" class=\"attachment-large size-large wp-image-1974\" alt=\"\" srcset=\"https:\/\/ceyalcoop.com\/wp-content\/uploads\/2022\/08\/293570298_105816915545770_6824636906973341819_n.jpg 960w, https:\/\/ceyalcoop.com\/wp-content\/uploads\/2022\/08\/293570298_105816915545770_6824636906973341819_n-300x300.jpg 300w, https:\/\/ceyalcoop.com\/wp-content\/uploads\/2022\/08\/293570298_105816915545770_6824636906973341819_n-150x150.jpg 150w, https:\/\/ceyalcoop.com\/wp-content\/uploads\/2022\/08\/293570298_105816915545770_6824636906973341819_n-768x768.jpg 768w\" sizes=\"(max-width: 800px) 100vw, 800px\" \/>\t\t\t\t\t\t\t\t<\/a>\n\t\t\t\t\t\t\t\t\t\t\t\t\t\t\t<\/div>\n\t\t\t\t<\/div>\n\t\t\t\t\t<\/div>\n\t\t<\/div>\n\t\t\t\t<div class=\"elementor-column elementor-col-25 elementor-top-column elementor-element elementor-element-795e0f5\" data-id=\"795e0f5\" data-element_type=\"column\" data-e-type=\"column\">\n\t\t\t<div class=\"elementor-widget-wrap elementor-element-populated\">\n\t\t\t\t\t\t<div class=\"elementor-element elementor-element-1c64d87 elementor-widget elementor-widget-image\" data-id=\"1c64d87\" data-element_type=\"widget\" data-e-type=\"widget\" data-widget_type=\"image.default\">\n\t\t\t\t<div class=\"elementor-widget-container\">\n\t\t\t\t\t\t\t\t\t\t\t\t\t\t\t\t<a href=\"http:\/\/ceyalcoop.com\/wp-content\/uploads\/2022\/08\/293858930_105816928879102_3310829852388373251_n.jpg\" data-elementor-open-lightbox=\"yes\" data-elementor-lightbox-title=\"293858930_105816928879102_3310829852388373251_n\" data-e-action-hash=\"#elementor-action%3Aaction%3Dlightbox%26settings%3DeyJpZCI6MTk3NiwidXJsIjoiaHR0cHM6XC9cL2NleWFsY29vcC5jb21cL3dwLWNvbnRlbnRcL3VwbG9hZHNcLzIwMjJcLzA4XC8yOTM4NTg5MzBfMTA1ODE2OTI4ODc5MTAyXzMzMTA4Mjk4NTIzODgzNzMyNTFfbi5qcGcifQ%3D%3D\">\n\t\t\t\t\t\t\t<img decoding=\"async\" width=\"800\" height=\"800\" data-src=\"https:\/\/ceyalcoop.com\/wp-content\/uploads\/2022\/08\/293858930_105816928879102_3310829852388373251_n.jpg\" class=\"attachment-large size-large wp-image-1976 lazyload\" alt=\"\" data-srcset=\"https:\/\/ceyalcoop.com\/wp-content\/uploads\/2022\/08\/293858930_105816928879102_3310829852388373251_n.jpg 960w, https:\/\/ceyalcoop.com\/wp-content\/uploads\/2022\/08\/293858930_105816928879102_3310829852388373251_n-300x300.jpg 300w, https:\/\/ceyalcoop.com\/wp-content\/uploads\/2022\/08\/293858930_105816928879102_3310829852388373251_n-150x150.jpg 150w, https:\/\/ceyalcoop.com\/wp-content\/uploads\/2022\/08\/293858930_105816928879102_3310829852388373251_n-768x768.jpg 768w\" data-sizes=\"(max-width: 800px) 100vw, 800px\" src=\"data:image\/svg+xml;base64,PHN2ZyB3aWR0aD0iMSIgaGVpZ2h0PSIxIiB4bWxucz0iaHR0cDovL3d3dy53My5vcmcvMjAwMC9zdmciPjwvc3ZnPg==\" style=\"--smush-placeholder-width: 800px; --smush-placeholder-aspect-ratio: 800\/800;\" \/>\t\t\t\t\t\t\t\t<\/a>\n\t\t\t\t\t\t\t\t\t\t\t\t\t\t\t<\/div>\n\t\t\t\t<\/div>\n\t\t\t\t\t<\/div>\n\t\t<\/div>\n\t\t\t\t<div class=\"elementor-column elementor-col-25 elementor-top-column elementor-element elementor-element-a102dd5\" data-id=\"a102dd5\" data-element_type=\"column\" data-e-type=\"column\">\n\t\t\t<div class=\"elementor-widget-wrap elementor-element-populated\">\n\t\t\t\t\t\t<div class=\"elementor-element elementor-element-5b04bea elementor-widget elementor-widget-image\" data-id=\"5b04bea\" data-element_type=\"widget\" data-e-type=\"widget\" data-widget_type=\"image.default\">\n\t\t\t\t<div class=\"elementor-widget-container\">\n\t\t\t\t\t\t\t\t\t\t\t\t\t\t\t\t<a href=\"http:\/\/ceyalcoop.com\/wp-content\/uploads\/2022\/08\/293641559_105816955545766_8485277610586487380_n.jpg\" data-elementor-open-lightbox=\"yes\" data-elementor-lightbox-title=\"293641559_105816955545766_8485277610586487380_n\" data-e-action-hash=\"#elementor-action%3Aaction%3Dlightbox%26settings%3DeyJpZCI6MTk3NSwidXJsIjoiaHR0cHM6XC9cL2NleWFsY29vcC5jb21cL3dwLWNvbnRlbnRcL3VwbG9hZHNcLzIwMjJcLzA4XC8yOTM2NDE1NTlfMTA1ODE2OTU1NTQ1NzY2Xzg0ODUyNzc2MTA1ODY0ODczODBfbi5qcGcifQ%3D%3D\">\n\t\t\t\t\t\t\t<img decoding=\"async\" width=\"800\" height=\"800\" data-src=\"https:\/\/ceyalcoop.com\/wp-content\/uploads\/2022\/08\/293641559_105816955545766_8485277610586487380_n.jpg\" class=\"attachment-large size-large wp-image-1975 lazyload\" alt=\"\" data-srcset=\"https:\/\/ceyalcoop.com\/wp-content\/uploads\/2022\/08\/293641559_105816955545766_8485277610586487380_n.jpg 960w, https:\/\/ceyalcoop.com\/wp-content\/uploads\/2022\/08\/293641559_105816955545766_8485277610586487380_n-300x300.jpg 300w, https:\/\/ceyalcoop.com\/wp-content\/uploads\/2022\/08\/293641559_105816955545766_8485277610586487380_n-150x150.jpg 150w, https:\/\/ceyalcoop.com\/wp-content\/uploads\/2022\/08\/293641559_105816955545766_8485277610586487380_n-768x768.jpg 768w\" data-sizes=\"(max-width: 800px) 100vw, 800px\" src=\"data:image\/svg+xml;base64,PHN2ZyB3aWR0aD0iMSIgaGVpZ2h0PSIxIiB4bWxucz0iaHR0cDovL3d3dy53My5vcmcvMjAwMC9zdmciPjwvc3ZnPg==\" style=\"--smush-placeholder-width: 800px; --smush-placeholder-aspect-ratio: 800\/800;\" \/>\t\t\t\t\t\t\t\t<\/a>\n\t\t\t\t\t\t\t\t\t\t\t\t\t\t\t<\/div>\n\t\t\t\t<\/div>\n\t\t\t\t\t<\/div>\n\t\t<\/div>\n\t\t\t\t<div class=\"elementor-column elementor-col-25 elementor-top-column elementor-element elementor-element-3a3ae9c\" data-id=\"3a3ae9c\" data-element_type=\"column\" data-e-type=\"column\">\n\t\t\t<div class=\"elementor-widget-wrap elementor-element-populated\">\n\t\t\t\t\t\t<div class=\"elementor-element elementor-element-0ed5bf1 elementor-widget elementor-widget-image\" data-id=\"0ed5bf1\" data-element_type=\"widget\" data-e-type=\"widget\" data-widget_type=\"image.default\">\n\t\t\t\t<div class=\"elementor-widget-container\">\n\t\t\t\t\t\t\t\t\t\t\t\t\t\t\t\t<a href=\"http:\/\/ceyalcoop.com\/wp-content\/uploads\/2022\/08\/293377542_105816865545775_5993187751399912099_n.jpg\" data-elementor-open-lightbox=\"yes\" data-elementor-lightbox-title=\"293377542_105816865545775_5993187751399912099_n\" data-e-action-hash=\"#elementor-action%3Aaction%3Dlightbox%26settings%3DeyJpZCI6MTk3MywidXJsIjoiaHR0cHM6XC9cL2NleWFsY29vcC5jb21cL3dwLWNvbnRlbnRcL3VwbG9hZHNcLzIwMjJcLzA4XC8yOTMzNzc1NDJfMTA1ODE2ODY1NTQ1Nzc1XzU5OTMxODc3NTEzOTk5MTIwOTlfbi5qcGcifQ%3D%3D\">\n\t\t\t\t\t\t\t<img decoding=\"async\" width=\"800\" height=\"800\" data-src=\"https:\/\/ceyalcoop.com\/wp-content\/uploads\/2022\/08\/293377542_105816865545775_5993187751399912099_n.jpg\" class=\"attachment-large size-large wp-image-1973 lazyload\" alt=\"\" data-srcset=\"https:\/\/ceyalcoop.com\/wp-content\/uploads\/2022\/08\/293377542_105816865545775_5993187751399912099_n.jpg 960w, https:\/\/ceyalcoop.com\/wp-content\/uploads\/2022\/08\/293377542_105816865545775_5993187751399912099_n-300x300.jpg 300w, https:\/\/ceyalcoop.com\/wp-content\/uploads\/2022\/08\/293377542_105816865545775_5993187751399912099_n-150x150.jpg 150w, https:\/\/ceyalcoop.com\/wp-content\/uploads\/2022\/08\/293377542_105816865545775_5993187751399912099_n-768x768.jpg 768w\" data-sizes=\"(max-width: 800px) 100vw, 800px\" src=\"data:image\/svg+xml;base64,PHN2ZyB3aWR0aD0iMSIgaGVpZ2h0PSIxIiB4bWxucz0iaHR0cDovL3d3dy53My5vcmcvMjAwMC9zdmciPjwvc3ZnPg==\" style=\"--smush-placeholder-width: 800px; --smush-placeholder-aspect-ratio: 800\/800;\" \/>\t\t\t\t\t\t\t\t<\/a>\n\t\t\t\t\t\t\t\t\t\t\t\t\t\t\t<\/div>\n\t\t\t\t<\/div>\n\t\t\t\t\t<\/div>\n\t\t<\/div>\n\t\t\t\t\t<\/div>\n\t\t<\/section>\n\t\t\t\t<\/div>\n\t\t","protected":false},"excerpt":{"rendered":"<p>Inauguraci\u00f3n del nuevo edificio. CEYAL dej\u00f3 inaugurado oficialmente su nuevo edificio administrativo, biblioteca y aulas, el pasado s\u00e1bado 2 de julio, en el D\u00eda Internacional de las Cooperativas. Se realiz\u00f3 un acto de inauguraci\u00f3n en el que estuvieron presentes; el secretario de FECESCOR Dar\u00edo Fern\u00e1ndez, autoridades municipales, personal de bomberos, y de diferentes instituciones, docentes [&hellip;]<\/p>\n","protected":false},"author":3,"featured_media":0,"parent":0,"menu_order":0,"comment_status":"closed","ping_status":"closed","template":"elementor_header_footer","meta":{"footnotes":""},"class_list":["post-1028","page","type-page","status-publish","hentry"],"_links":{"self":[{"href":"https:\/\/ceyalcoop.com\/index.php\/wp-json\/wp\/v2\/pages\/1028","targetHints":{"allow":["GET"]}}],"collection":[{"href":"https:\/\/ceyalcoop.com\/index.php\/wp-json\/wp\/v2\/pages"}],"about":[{"href":"https:\/\/ceyalcoop.com\/index.php\/wp-json\/wp\/v2\/types\/page"}],"author":[{"embeddable":true,"href":"https:\/\/ceyalcoop.com\/index.php\/wp-json\/wp\/v2\/users\/3"}],"replies":[{"embeddable":true,"href":"https:\/\/ceyalcoop.com\/index.php\/wp-json\/wp\/v2\/comments?post=1028"}],"version-history":[{"count":69,"href":"https:\/\/ceyalcoop.com\/index.php\/wp-json\/wp\/v2\/pages\/1028\/revisions"}],"predecessor-version":[{"id":2056,"href":"https:\/\/ceyalcoop.com\/index.php\/wp-json\/wp\/v2\/pages\/1028\/revisions\/2056"}],"wp:attachment":[{"href":"https:\/\/ceyalcoop.com\/index.php\/wp-json\/wp\/v2\/media?parent=1028"}],"curies":[{"name":"wp","href":"https:\/\/api.w.org\/{rel}","templated":true}]}}