{"id":1056,"date":"2022-02-25T15:45:52","date_gmt":"2022-02-25T15:45:52","guid":{"rendered":"http:\/\/ceyalcoop.com\/?page_id=1056"},"modified":"2022-03-08T11:20:56","modified_gmt":"2022-03-08T11:20:56","slug":"reestructuracion-digital-2","status":"publish","type":"page","link":"https:\/\/ceyalcoop.com\/index.php\/reestructuracion-digital-2\/","title":{"rendered":"Reestructuraci\u00f3n digital"},"content":{"rendered":"\t\t<div data-elementor-type=\"wp-page\" data-elementor-id=\"1056\" class=\"elementor elementor-1056\" data-elementor-post-type=\"page\">\n\t\t\t\t\t\t<section class=\"elementor-section elementor-top-section elementor-element elementor-element-068096b elementor-section-boxed elementor-section-height-default elementor-section-height-default\" data-id=\"068096b\" data-element_type=\"section\" data-e-type=\"section\">\n\t\t\t\t\t\t<div class=\"elementor-container elementor-column-gap-default\">\n\t\t\t\t\t<div class=\"elementor-column elementor-col-100 elementor-top-column elementor-element elementor-element-2ff7968\" data-id=\"2ff7968\" data-element_type=\"column\" data-e-type=\"column\">\n\t\t\t<div class=\"elementor-widget-wrap elementor-element-populated\">\n\t\t\t\t\t\t<div class=\"elementor-element elementor-element-6e22448 elementor-widget elementor-widget-heading\" data-id=\"6e22448\" data-element_type=\"widget\" data-e-type=\"widget\" data-widget_type=\"heading.default\">\n\t\t\t\t<div class=\"elementor-widget-container\">\n\t\t\t\t\t<h2 class=\"elementor-heading-title elementor-size-default\">Reestructuraci\u00f3n Digital.<\/h2>\t\t\t\t<\/div>\n\t\t\t\t<\/div>\n\t\t\t\t\t<\/div>\n\t\t<\/div>\n\t\t\t\t\t<\/div>\n\t\t<\/section>\n\t\t\t\t<section class=\"elementor-section elementor-top-section elementor-element elementor-element-093e7e9 elementor-section-boxed elementor-section-height-default elementor-section-height-default\" data-id=\"093e7e9\" data-element_type=\"section\" data-e-type=\"section\">\n\t\t\t\t\t\t<div class=\"elementor-container elementor-column-gap-default\">\n\t\t\t\t\t<div class=\"elementor-column elementor-col-100 elementor-top-column elementor-element elementor-element-37d9382\" data-id=\"37d9382\" data-element_type=\"column\" data-e-type=\"column\">\n\t\t\t<div class=\"elementor-widget-wrap elementor-element-populated\">\n\t\t\t\t\t\t<div class=\"elementor-element elementor-element-7deb828 elementor-widget elementor-widget-text-editor\" data-id=\"7deb828\" data-element_type=\"widget\" data-e-type=\"widget\" data-widget_type=\"text-editor.default\">\n\t\t\t\t<div class=\"elementor-widget-container\">\n\t\t\t\t\t\t\t\t\t<h5><strong>Se reestructura la pagina para una mejor interacci\u00f3n del socio.<\/strong><\/h5>\t\t\t\t\t\t\t\t<\/div>\n\t\t\t\t<\/div>\n\t\t\t\t\t<\/div>\n\t\t<\/div>\n\t\t\t\t\t<\/div>\n\t\t<\/section>\n\t\t\t\t<section class=\"elementor-section elementor-top-section elementor-element elementor-element-4c76964 elementor-section-boxed elementor-section-height-default elementor-section-height-default\" data-id=\"4c76964\" data-element_type=\"section\" data-e-type=\"section\">\n\t\t\t\t\t\t<div class=\"elementor-container elementor-column-gap-default\">\n\t\t\t\t\t<div class=\"elementor-column elementor-col-100 elementor-top-column elementor-element elementor-element-c8c5867\" data-id=\"c8c5867\" data-element_type=\"column\" data-e-type=\"column\">\n\t\t\t<div class=\"elementor-widget-wrap elementor-element-populated\">\n\t\t\t\t\t\t<div class=\"elementor-element elementor-element-2b4e715 elementor-widget elementor-widget-text-editor\" data-id=\"2b4e715\" data-element_type=\"widget\" data-e-type=\"widget\" data-widget_type=\"text-editor.default\">\n\t\t\t\t<div class=\"elementor-widget-container\">\n\t\t\t\t\t\t\t\t\t<p>En el ultimo mes se comenz\u00f3 la reestructuraci\u00f3n digital de la pagina web de la Cooperativa.<\/p><p>El desarrollo del espacio est\u00e1 pensado para cortar distancias entre la informaci\u00f3n inmediata y el Socio, de tal forma que participe m\u00e1s activamente en nuestra comunidad.<\/p><p>La pagina cuenta con un dise\u00f1o org\u00e1nico de f\u00e1cil lectura, nuevos formularios online, mejores herramientas de comunicaci\u00f3n, entre otras cosas. En la misma, se pueden sugerir ediciones asegurando un feed back continuo que mantenga actualizado los intereses de la comunidad.<\/p><p>La comunicaci\u00f3n es un compromiso asumido seriamente por nuestra instituci\u00f3n. Todos los d\u00edas nuestras formas de compartir informaci\u00f3n son analizadas y actualizadas pensando las mejores formas de brindar un buen servicio.<\/p><p><strong>Que lo disfrutes!\u00a0\u00a0<\/strong><\/p>\t\t\t\t\t\t\t\t<\/div>\n\t\t\t\t<\/div>\n\t\t\t\t\t<\/div>\n\t\t<\/div>\n\t\t\t\t\t<\/div>\n\t\t<\/section>\n\t\t\t\t<\/div>\n\t\t","protected":false},"excerpt":{"rendered":"<p>Reestructuraci\u00f3n Digital. Se reestructura la pagina para una mejor interacci\u00f3n del socio. En el ultimo mes se comenz\u00f3 la reestructuraci\u00f3n digital de la pagina web de la Cooperativa. El desarrollo del espacio est\u00e1 pensado para cortar distancias entre la informaci\u00f3n inmediata y el Socio, de tal forma que participe m\u00e1s activamente en nuestra comunidad. La [&hellip;]<\/p>\n","protected":false},"author":3,"featured_media":0,"parent":0,"menu_order":0,"comment_status":"closed","ping_status":"closed","template":"","meta":{"footnotes":""},"class_list":["post-1056","page","type-page","status-publish","hentry"],"_links":{"self":[{"href":"https:\/\/ceyalcoop.com\/index.php\/wp-json\/wp\/v2\/pages\/1056","targetHints":{"allow":["GET"]}}],"collection":[{"href":"https:\/\/ceyalcoop.com\/index.php\/wp-json\/wp\/v2\/pages"}],"about":[{"href":"https:\/\/ceyalcoop.com\/index.php\/wp-json\/wp\/v2\/types\/page"}],"author":[{"embeddable":true,"href":"https:\/\/ceyalcoop.com\/index.php\/wp-json\/wp\/v2\/users\/3"}],"replies":[{"embeddable":true,"href":"https:\/\/ceyalcoop.com\/index.php\/wp-json\/wp\/v2\/comments?post=1056"}],"version-history":[{"count":12,"href":"https:\/\/ceyalcoop.com\/index.php\/wp-json\/wp\/v2\/pages\/1056\/revisions"}],"predecessor-version":[{"id":1292,"href":"https:\/\/ceyalcoop.com\/index.php\/wp-json\/wp\/v2\/pages\/1056\/revisions\/1292"}],"wp:attachment":[{"href":"https:\/\/ceyalcoop.com\/index.php\/wp-json\/wp\/v2\/media?parent=1056"}],"curies":[{"name":"wp","href":"https:\/\/api.w.org\/{rel}","templated":true}]}}