{"id":1075,"date":"2022-02-25T16:17:17","date_gmt":"2022-02-25T16:17:17","guid":{"rendered":"http:\/\/ceyalcoop.com\/?page_id=1075"},"modified":"2022-02-25T16:24:58","modified_gmt":"2022-02-25T16:24:58","slug":"cuidemos-el-medio-ambiente","status":"publish","type":"page","link":"https:\/\/ceyalcoop.com\/index.php\/cuidemos-el-medio-ambiente\/","title":{"rendered":"Cuidemos el medio ambiente"},"content":{"rendered":"\t\t<div data-elementor-type=\"wp-page\" data-elementor-id=\"1075\" class=\"elementor elementor-1075\" data-elementor-post-type=\"page\">\n\t\t\t\t\t\t<section class=\"elementor-section elementor-top-section elementor-element elementor-element-68570ce elementor-section-boxed elementor-section-height-default elementor-section-height-default\" data-id=\"68570ce\" data-element_type=\"section\" data-e-type=\"section\">\n\t\t\t\t\t\t<div class=\"elementor-container elementor-column-gap-default\">\n\t\t\t\t\t<div class=\"elementor-column elementor-col-100 elementor-top-column elementor-element elementor-element-02acbed\" data-id=\"02acbed\" data-element_type=\"column\" data-e-type=\"column\">\n\t\t\t<div class=\"elementor-widget-wrap elementor-element-populated\">\n\t\t\t\t\t\t<div class=\"elementor-element elementor-element-7689623 elementor-widget elementor-widget-heading\" data-id=\"7689623\" data-element_type=\"widget\" data-e-type=\"widget\" data-widget_type=\"heading.default\">\n\t\t\t\t<div class=\"elementor-widget-container\">\n\t\t\t\t\t<h2 class=\"elementor-heading-title elementor-size-default\">Cuidemos el medio ambiente.<\/h2>\t\t\t\t<\/div>\n\t\t\t\t<\/div>\n\t\t\t\t<div class=\"elementor-element elementor-element-316746f elementor-widget elementor-widget-heading\" data-id=\"316746f\" data-element_type=\"widget\" data-e-type=\"widget\" data-widget_type=\"heading.default\">\n\t\t\t\t<div class=\"elementor-widget-container\">\n\t\t\t\t\t<h3 class=\"elementor-heading-title elementor-size-default\">Equipos El\u00e9ctricos.<\/h3>\t\t\t\t<\/div>\n\t\t\t\t<\/div>\n\t\t\t\t\t<\/div>\n\t\t<\/div>\n\t\t\t\t\t<\/div>\n\t\t<\/section>\n\t\t\t\t<section class=\"elementor-section elementor-top-section elementor-element elementor-element-9b6e559 elementor-section-boxed elementor-section-height-default elementor-section-height-default\" data-id=\"9b6e559\" data-element_type=\"section\" data-e-type=\"section\">\n\t\t\t\t\t\t<div class=\"elementor-container elementor-column-gap-default\">\n\t\t\t\t\t<div class=\"elementor-column elementor-col-66 elementor-top-column elementor-element elementor-element-a118080\" data-id=\"a118080\" data-element_type=\"column\" data-e-type=\"column\">\n\t\t\t<div class=\"elementor-widget-wrap elementor-element-populated\">\n\t\t\t\t\t\t<div class=\"elementor-element elementor-element-748f592 elementor-widget elementor-widget-text-editor\" data-id=\"748f592\" data-element_type=\"widget\" data-e-type=\"widget\" data-widget_type=\"text-editor.default\">\n\t\t\t\t<div class=\"elementor-widget-container\">\n\t\t\t\t\t\t\t\t\t<ul><li>Configurar la temperatura del termostato de los equipos de frio, en un m\u00ednimo 24\u00b0C. Cada grado por debajo de los 24\u00b0C en verano genera aproximadamente un 8% extra de gasto energ\u00e9tico.<\/li><li>Limpiar peri\u00f3dicamente los filtros de los aires acondicionados cuando est\u00e9n sucios, ya que el motor realiza m\u00e1s trabajo y consume m\u00e1s energ\u00eda.<\/li><li>En verano y para d\u00edas no muy calurosos, priorizar el uso del ventilador en lugar del aire acondicionado. Consume un 90% menos.<\/li><li>Mantener puertas y ventanas cerradas en los espacios a climatizar, evitando p\u00e9rdidas de calor.<\/li><li>Aprovechar cuando sea posible la ventilaci\u00f3n natural, en verano se recomienda ventilar por la noche.<\/li><li>En verano, usar persianas o aleros en ventanas para evitar el sol directo y reducir el consumo en refrigeraci\u00f3n.<\/li><li>A la hora de comprar electrodom\u00e9sticos, optar por las clases m\u00e1s eficientes de la etiqueta de eficiencia energ\u00e9tica. En aires acondicionados, heladeras y lavarropas, considerar la tecnolog\u00eda Inverter.<\/li><li>Por cierto, \u00bfSab\u00edas que la heladera es el artefacto que m\u00e1s energ\u00eda consume en nuestro hogar? Al estar encendida las 24 hs los 365 d\u00edas del a\u00f1o, representa un 24% del consumo el\u00e9ctrico.<\/li><li>Regular la temperatura del agua caliente del termotanque el\u00e9ctrico, evitando entibiar con el agua fr\u00eda. Ahorras la energ\u00eda que implica calentar el agua desde el equipo.<\/li><li>Desconectar equipos el\u00e9ctricos y electr\u00f3nicos cuando no los utilices, el reloj encendido del microondas puede gastar m\u00e1s energ\u00eda de la que realmente se necesita para calentar un alimento. Casi un 15% del consumo de una vivienda se produce por aparatos electr\u00f3nicos conectados en stand by (modo de espera).<\/li><li>La iluminaci\u00f3n representa m\u00e1s de un 12% del consumo el\u00e9ctrico de una vivienda, por eso debemos apagar la luz de los espacios que no utilizamos, y aprovechar siempre que sea posible la iluminaci\u00f3n natural.<\/li><li>Reemplazar las luminarias por tecnolog\u00eda LED, consumen un 80% menos que las tradicionales y duran 7 veces m\u00e1s.<\/li><li>Incorporar sensores de movimiento en luminarias exteriores.<\/li><\/ul><p><strong>\u00a0<\/strong><\/p>\t\t\t\t\t\t\t\t<\/div>\n\t\t\t\t<\/div>\n\t\t\t\t\t<\/div>\n\t\t<\/div>\n\t\t\t\t<div class=\"elementor-column elementor-col-33 elementor-top-column elementor-element elementor-element-7000449\" data-id=\"7000449\" data-element_type=\"column\" data-e-type=\"column\">\n\t\t\t<div class=\"elementor-widget-wrap elementor-element-populated\">\n\t\t\t\t\t\t<div class=\"elementor-element elementor-element-706ade4 elementor-widget elementor-widget-image\" data-id=\"706ade4\" data-element_type=\"widget\" data-e-type=\"widget\" data-widget_type=\"image.default\">\n\t\t\t\t<div class=\"elementor-widget-container\">\n\t\t\t\t\t\t\t\t\t\t\t\t\t\t\t<img fetchpriority=\"high\" decoding=\"async\" width=\"275\" height=\"183\" src=\"https:\/\/ceyalcoop.com\/wp-content\/uploads\/2022\/02\/images-3.jpg\" class=\"attachment-large size-large wp-image-1080\" alt=\"\" \/>\t\t\t\t\t\t\t\t\t\t\t\t\t\t\t<\/div>\n\t\t\t\t<\/div>\n\t\t\t\t\t<\/div>\n\t\t<\/div>\n\t\t\t\t\t<\/div>\n\t\t<\/section>\n\t\t\t\t<section class=\"elementor-section elementor-top-section elementor-element elementor-element-03d5842 elementor-section-boxed elementor-section-height-default elementor-section-height-default\" data-id=\"03d5842\" data-element_type=\"section\" data-e-type=\"section\">\n\t\t\t\t\t\t<div class=\"elementor-container elementor-column-gap-default\">\n\t\t\t\t\t<div class=\"elementor-column elementor-col-100 elementor-top-column elementor-element elementor-element-57b704e\" data-id=\"57b704e\" data-element_type=\"column\" data-e-type=\"column\">\n\t\t\t<div class=\"elementor-widget-wrap elementor-element-populated\">\n\t\t\t\t\t\t<div class=\"elementor-element elementor-element-ee52ab7 elementor-widget elementor-widget-heading\" data-id=\"ee52ab7\" data-element_type=\"widget\" data-e-type=\"widget\" data-widget_type=\"heading.default\">\n\t\t\t\t<div class=\"elementor-widget-container\">\n\t\t\t\t\t<h3 class=\"elementor-heading-title elementor-size-default\">Cuidados del Agua.<\/h3>\t\t\t\t<\/div>\n\t\t\t\t<\/div>\n\t\t\t\t\t<\/div>\n\t\t<\/div>\n\t\t\t\t\t<\/div>\n\t\t<\/section>\n\t\t\t\t<section class=\"elementor-section elementor-top-section elementor-element elementor-element-5c32b0a elementor-section-boxed elementor-section-height-default elementor-section-height-default\" data-id=\"5c32b0a\" data-element_type=\"section\" data-e-type=\"section\">\n\t\t\t\t\t\t<div class=\"elementor-container elementor-column-gap-default\">\n\t\t\t\t\t<div class=\"elementor-column elementor-col-66 elementor-top-column elementor-element elementor-element-740601b\" data-id=\"740601b\" data-element_type=\"column\" data-e-type=\"column\">\n\t\t\t<div class=\"elementor-widget-wrap elementor-element-populated\">\n\t\t\t\t\t\t<div class=\"elementor-element elementor-element-6ddd5e2 elementor-widget elementor-widget-text-editor\" data-id=\"6ddd5e2\" data-element_type=\"widget\" data-e-type=\"widget\" data-widget_type=\"text-editor.default\">\n\t\t\t\t<div class=\"elementor-widget-container\">\n\t\t\t\t\t\t\t\t\t<ul><li>Considerar la tecnolog\u00eda eficiente para los ba\u00f1os, por ejemplo, para inodoros optar por aquellos con tecla dual o doble descarga que puede reducir el consumo de agua hasta un 65%.<\/li><\/ul><p>\u00a0<\/p><ul><li>Llenar el lavarropas y el lavavajillas. El lavarropas puede gastar hasta 90 litros cada vez que la utilizas. Un lavavajillas, alrededor de 30. Usalos inteligentemente, ponerlos siempre a carga completa y siempre que puedas evitar lavar con agua caliente (calentar el agua se lleva el 90% del consumo).<\/li><li>Recambio de agua de piletas. Un a<\/li><li>decuado mantenimiento permite conservar el agua por mucho tiempo y evita tirar miles de litros de agua para volver a llenarla.<\/li><li>Riego desmedido y sin control. Una forma de regar que lamentablemente se ha naturalizado es dejar la manguera abierta durante horas y en cualquier momento del d\u00eda. Esto genera un importante derroche de agua.<\/li><\/ul>\t\t\t\t\t\t\t\t<\/div>\n\t\t\t\t<\/div>\n\t\t\t\t\t<\/div>\n\t\t<\/div>\n\t\t\t\t<div class=\"elementor-column elementor-col-33 elementor-top-column elementor-element elementor-element-e43b099\" data-id=\"e43b099\" data-element_type=\"column\" data-e-type=\"column\">\n\t\t\t<div class=\"elementor-widget-wrap elementor-element-populated\">\n\t\t\t\t\t\t<div class=\"elementor-element elementor-element-886dddd elementor-widget elementor-widget-image\" data-id=\"886dddd\" data-element_type=\"widget\" data-e-type=\"widget\" data-widget_type=\"image.default\">\n\t\t\t\t<div class=\"elementor-widget-container\">\n\t\t\t\t\t\t\t\t\t\t\t\t\t\t\t<img decoding=\"async\" width=\"194\" height=\"259\" data-src=\"https:\/\/ceyalcoop.com\/wp-content\/uploads\/2022\/02\/images-5.jpg\" class=\"attachment-large size-large wp-image-1076 lazyload\" alt=\"\" src=\"data:image\/svg+xml;base64,PHN2ZyB3aWR0aD0iMSIgaGVpZ2h0PSIxIiB4bWxucz0iaHR0cDovL3d3dy53My5vcmcvMjAwMC9zdmciPjwvc3ZnPg==\" style=\"--smush-placeholder-width: 194px; --smush-placeholder-aspect-ratio: 194\/259;\" \/>\t\t\t\t\t\t\t\t\t\t\t\t\t\t\t<\/div>\n\t\t\t\t<\/div>\n\t\t\t\t\t<\/div>\n\t\t<\/div>\n\t\t\t\t\t<\/div>\n\t\t<\/section>\n\t\t\t\t<\/div>\n\t\t","protected":false},"excerpt":{"rendered":"<p>Cuidemos el medio ambiente. Equipos El\u00e9ctricos. Configurar la temperatura del termostato de los equipos de frio, en un m\u00ednimo 24\u00b0C. Cada grado por debajo de los 24\u00b0C en verano genera aproximadamente un 8% extra de gasto energ\u00e9tico. Limpiar peri\u00f3dicamente los filtros de los aires acondicionados cuando est\u00e9n sucios, ya que el motor realiza m\u00e1s trabajo [&hellip;]<\/p>\n","protected":false},"author":3,"featured_media":0,"parent":0,"menu_order":0,"comment_status":"closed","ping_status":"closed","template":"","meta":{"footnotes":""},"class_list":["post-1075","page","type-page","status-publish","hentry"],"_links":{"self":[{"href":"https:\/\/ceyalcoop.com\/index.php\/wp-json\/wp\/v2\/pages\/1075","targetHints":{"allow":["GET"]}}],"collection":[{"href":"https:\/\/ceyalcoop.com\/index.php\/wp-json\/wp\/v2\/pages"}],"about":[{"href":"https:\/\/ceyalcoop.com\/index.php\/wp-json\/wp\/v2\/types\/page"}],"author":[{"embeddable":true,"href":"https:\/\/ceyalcoop.com\/index.php\/wp-json\/wp\/v2\/users\/3"}],"replies":[{"embeddable":true,"href":"https:\/\/ceyalcoop.com\/index.php\/wp-json\/wp\/v2\/comments?post=1075"}],"version-history":[{"count":6,"href":"https:\/\/ceyalcoop.com\/index.php\/wp-json\/wp\/v2\/pages\/1075\/revisions"}],"predecessor-version":[{"id":1083,"href":"https:\/\/ceyalcoop.com\/index.php\/wp-json\/wp\/v2\/pages\/1075\/revisions\/1083"}],"wp:attachment":[{"href":"https:\/\/ceyalcoop.com\/index.php\/wp-json\/wp\/v2\/media?parent=1075"}],"curies":[{"name":"wp","href":"https:\/\/api.w.org\/{rel}","templated":true}]}}