{"id":1191,"date":"2022-03-04T14:16:22","date_gmt":"2022-03-04T14:16:22","guid":{"rendered":"http:\/\/ceyalcoop.com\/?page_id=1191"},"modified":"2022-08-30T11:27:10","modified_gmt":"2022-08-30T11:27:10","slug":"cambio-del-cuadro-tarifario","status":"publish","type":"page","link":"https:\/\/ceyalcoop.com\/index.php\/cambio-del-cuadro-tarifario\/","title":{"rendered":"Cambio del Cuadro Tarifario."},"content":{"rendered":"\t\t<div data-elementor-type=\"wp-page\" data-elementor-id=\"1191\" class=\"elementor elementor-1191\" data-elementor-post-type=\"page\">\n\t\t\t\t\t\t<section class=\"elementor-section elementor-top-section elementor-element elementor-element-8403a79 elementor-section-boxed elementor-section-height-default elementor-section-height-default\" data-id=\"8403a79\" data-element_type=\"section\" data-e-type=\"section\">\n\t\t\t\t\t\t<div class=\"elementor-container elementor-column-gap-default\">\n\t\t\t\t\t<div class=\"elementor-column elementor-col-100 elementor-top-column elementor-element elementor-element-03e5976\" data-id=\"03e5976\" data-element_type=\"column\" data-e-type=\"column\">\n\t\t\t<div class=\"elementor-widget-wrap elementor-element-populated\">\n\t\t\t\t\t\t<div class=\"elementor-element elementor-element-3fcfb97 elementor-widget elementor-widget-heading\" data-id=\"3fcfb97\" data-element_type=\"widget\" data-e-type=\"widget\" data-widget_type=\"heading.default\">\n\t\t\t\t<div class=\"elementor-widget-container\">\n\t\t\t\t\t<h2 class=\"elementor-heading-title elementor-size-default\">Modifiaci\u00f3n del Cuadro Tarifario.<\/h2>\t\t\t\t<\/div>\n\t\t\t\t<\/div>\n\t\t\t\t\t<\/div>\n\t\t<\/div>\n\t\t\t\t\t<\/div>\n\t\t<\/section>\n\t\t\t\t<section class=\"elementor-section elementor-top-section elementor-element elementor-element-b3888b7 elementor-section-boxed elementor-section-height-default elementor-section-height-default\" data-id=\"b3888b7\" data-element_type=\"section\" data-e-type=\"section\">\n\t\t\t\t\t\t<div class=\"elementor-container elementor-column-gap-default\">\n\t\t\t\t\t<div class=\"elementor-column elementor-col-100 elementor-top-column elementor-element elementor-element-3cdb157\" data-id=\"3cdb157\" data-element_type=\"column\" data-e-type=\"column\">\n\t\t\t<div class=\"elementor-widget-wrap elementor-element-populated\">\n\t\t\t\t\t\t<div class=\"elementor-element elementor-element-1435793 elementor-widget elementor-widget-text-editor\" data-id=\"1435793\" data-element_type=\"widget\" data-e-type=\"widget\" data-widget_type=\"text-editor.default\">\n\t\t\t\t<div class=\"elementor-widget-container\">\n\t\t\t\t\t\t\t\t\t<h6 style=\"text-align: justify;\"><strong>Estimados usuarios del Servicio de Energ\u00eda El\u00e9ctrica, se informa que conforme a la resoluci\u00f3n del ERSEP N\u00b051\/2022, se incorpora una modificaci\u00f3n en los cuadros tarifarios de las Cooperativas para los consumos desde el 1\u00b0 de Agosto, en donde para usuarios domiciliarios el valor del VAD prev\u00e9 un incremento del 20.88 %, mientras que para los cargos fijos un valor del 33.99%.\u00a0Esta Cooperativa informa que aplicar\u00e1\u00a0un 10 % para el valor del VAD y un 20.88 % para el valor de los cargos Fijos para este mes.<\/strong><\/h6>\t\t\t\t\t\t\t\t<\/div>\n\t\t\t\t<\/div>\n\t\t\t\t<div class=\"elementor-element elementor-element-f64087a elementor-widget elementor-widget-text-editor\" data-id=\"f64087a\" data-element_type=\"widget\" data-e-type=\"widget\" data-widget_type=\"text-editor.default\">\n\t\t\t\t<div class=\"elementor-widget-container\">\n\t\t\t\t\t\t\t\t\t<div style=\"overflow-wrap: break-word; margin: 0px; white-space: pre-wrap;\">\u00a0<\/div><div style=\"overflow-wrap: break-word; margin: 0.5em 0px 0px; white-space: pre-wrap;\"><div dir=\"auto\" style=\"font-family: inherit;\">\u00a0<\/div><\/div>\t\t\t\t\t\t\t\t<\/div>\n\t\t\t\t<\/div>\n\t\t\t\t\t<\/div>\n\t\t<\/div>\n\t\t\t\t\t<\/div>\n\t\t<\/section>\n\t\t\t\t<\/div>\n\t\t","protected":false},"excerpt":{"rendered":"<p>Modifiaci\u00f3n del Cuadro Tarifario. Estimados usuarios del Servicio de Energ\u00eda El\u00e9ctrica, se informa que conforme a la resoluci\u00f3n del ERSEP N\u00b051\/2022, se incorpora una modificaci\u00f3n en los cuadros tarifarios de las Cooperativas para los consumos desde el 1\u00b0 de Agosto, en donde para usuarios domiciliarios el valor del VAD prev\u00e9 un incremento del 20.88 %, [&hellip;]<\/p>\n","protected":false},"author":3,"featured_media":0,"parent":0,"menu_order":0,"comment_status":"closed","ping_status":"closed","template":"","meta":{"footnotes":""},"class_list":["post-1191","page","type-page","status-publish","hentry"],"_links":{"self":[{"href":"https:\/\/ceyalcoop.com\/index.php\/wp-json\/wp\/v2\/pages\/1191","targetHints":{"allow":["GET"]}}],"collection":[{"href":"https:\/\/ceyalcoop.com\/index.php\/wp-json\/wp\/v2\/pages"}],"about":[{"href":"https:\/\/ceyalcoop.com\/index.php\/wp-json\/wp\/v2\/types\/page"}],"author":[{"embeddable":true,"href":"https:\/\/ceyalcoop.com\/index.php\/wp-json\/wp\/v2\/users\/3"}],"replies":[{"embeddable":true,"href":"https:\/\/ceyalcoop.com\/index.php\/wp-json\/wp\/v2\/comments?post=1191"}],"version-history":[{"count":18,"href":"https:\/\/ceyalcoop.com\/index.php\/wp-json\/wp\/v2\/pages\/1191\/revisions"}],"predecessor-version":[{"id":2182,"href":"https:\/\/ceyalcoop.com\/index.php\/wp-json\/wp\/v2\/pages\/1191\/revisions\/2182"}],"wp:attachment":[{"href":"https:\/\/ceyalcoop.com\/index.php\/wp-json\/wp\/v2\/media?parent=1191"}],"curies":[{"name":"wp","href":"https:\/\/api.w.org\/{rel}","templated":true}]}}