{"id":1443,"date":"2022-03-14T11:25:02","date_gmt":"2022-03-14T11:25:02","guid":{"rendered":"http:\/\/ceyalcoop.com\/?page_id=1443"},"modified":"2022-03-14T13:09:57","modified_gmt":"2022-03-14T13:09:57","slug":"aulas-educativas","status":"publish","type":"page","link":"https:\/\/ceyalcoop.com\/index.php\/aulas-educativas\/","title":{"rendered":"Aulas Educativas"},"content":{"rendered":"\t\t<div data-elementor-type=\"wp-page\" data-elementor-id=\"1443\" class=\"elementor elementor-1443\" data-elementor-post-type=\"page\">\n\t\t\t\t\t\t<section class=\"elementor-section elementor-top-section elementor-element elementor-element-7aa3773 elementor-section-boxed elementor-section-height-default elementor-section-height-default\" data-id=\"7aa3773\" data-element_type=\"section\" data-e-type=\"section\">\n\t\t\t\t\t\t<div class=\"elementor-container elementor-column-gap-default\">\n\t\t\t\t\t<div class=\"elementor-column elementor-col-100 elementor-top-column elementor-element elementor-element-b7dece4\" data-id=\"b7dece4\" data-element_type=\"column\" data-e-type=\"column\">\n\t\t\t<div class=\"elementor-widget-wrap elementor-element-populated\">\n\t\t\t\t\t\t<div class=\"elementor-element elementor-element-4434091 elementor-widget elementor-widget-heading\" data-id=\"4434091\" data-element_type=\"widget\" data-e-type=\"widget\" data-widget_type=\"heading.default\">\n\t\t\t\t<div class=\"elementor-widget-container\">\n\t\t\t\t\t<h1 class=\"elementor-heading-title elementor-size-default\">Aulas Educativas.<\/h1>\t\t\t\t<\/div>\n\t\t\t\t<\/div>\n\t\t\t\t\t<\/div>\n\t\t<\/div>\n\t\t\t\t\t<\/div>\n\t\t<\/section>\n\t\t\t\t<section class=\"elementor-section elementor-top-section elementor-element elementor-element-499e4e1 elementor-section-boxed elementor-section-height-default elementor-section-height-default\" data-id=\"499e4e1\" data-element_type=\"section\" data-e-type=\"section\">\n\t\t\t\t\t\t<div class=\"elementor-container elementor-column-gap-default\">\n\t\t\t\t\t<div class=\"elementor-column elementor-col-100 elementor-top-column elementor-element elementor-element-d175113\" data-id=\"d175113\" data-element_type=\"column\" data-e-type=\"column\">\n\t\t\t<div class=\"elementor-widget-wrap elementor-element-populated\">\n\t\t\t\t\t\t<div class=\"elementor-element elementor-element-2525b57 elementor-widget elementor-widget-text-editor\" data-id=\"2525b57\" data-element_type=\"widget\" data-e-type=\"widget\" data-widget_type=\"text-editor.default\">\n\t\t\t\t<div class=\"elementor-widget-container\">\n\t\t\t\t\t\t\t\t\t<p>A fines de 2008 CEYAL da un paso trascendente para nuestra localidad y la regi\u00f3n: con la intervenci\u00f3n inicial de Fecescor se firma un convenio con la Universidad Empresarial Siglo 21, quedando as\u00ed conformada nuestra aula educativa que acerca la universidad a nuestra ciudad, para favorecer el cursado de carreras de grado para todas aquellas personas que por razones diversas no pod\u00edan trasladarse a los centros donde funcionan las Universidades Nacionales, como as\u00ed tambi\u00e9n para favorecer a los padres de los nuevos alumnos, con ventajas de menores costos y la posibilidad de tener a sus hijos en sus propias casas, evitando adem\u00e1s el problema del desarraigo con su familia.<\/p>\t\t\t\t\t\t\t\t<\/div>\n\t\t\t\t<\/div>\n\t\t\t\t\t<\/div>\n\t\t<\/div>\n\t\t\t\t\t<\/div>\n\t\t<\/section>\n\t\t\t\t<section class=\"elementor-section elementor-top-section elementor-element elementor-element-99c458d elementor-section-boxed elementor-section-height-default elementor-section-height-default\" data-id=\"99c458d\" data-element_type=\"section\" data-e-type=\"section\">\n\t\t\t\t\t\t<div class=\"elementor-container elementor-column-gap-default\">\n\t\t\t\t\t<div class=\"elementor-column elementor-col-100 elementor-top-column elementor-element elementor-element-492516d\" data-id=\"492516d\" data-element_type=\"column\" data-e-type=\"column\">\n\t\t\t<div class=\"elementor-widget-wrap elementor-element-populated\">\n\t\t\t\t\t\t<div class=\"elementor-element elementor-element-30c8bdc elementor-align-justify elementor-widget elementor-widget-button\" data-id=\"30c8bdc\" data-element_type=\"widget\" data-e-type=\"widget\" data-widget_type=\"button.default\">\n\t\t\t\t<div class=\"elementor-widget-container\">\n\t\t\t\t\t\t\t\t\t<div class=\"elementor-button-wrapper\">\n\t\t\t\t\t<a class=\"elementor-button elementor-button-link elementor-size-sm elementor-animation-shrink\" href=\"http:\/\/ceyalcoop.com\/index.php\/estudiar-en-cau-y-ciep\/\">\n\t\t\t\t\t\t<span class=\"elementor-button-content-wrapper\">\n\t\t\t\t\t\t\t\t\t<span class=\"elementor-button-text\">HAGA CLIC AQU\u00cd PARA VER LA OFERTA ACADEMICA.<\/span>\n\t\t\t\t\t<\/span>\n\t\t\t\t\t<\/a>\n\t\t\t\t<\/div>\n\t\t\t\t\t\t\t\t<\/div>\n\t\t\t\t<\/div>\n\t\t\t\t\t<\/div>\n\t\t<\/div>\n\t\t\t\t\t<\/div>\n\t\t<\/section>\n\t\t\t\t<section class=\"elementor-section elementor-top-section elementor-element elementor-element-1337f73 elementor-section-boxed elementor-section-height-default elementor-section-height-default\" data-id=\"1337f73\" data-element_type=\"section\" data-e-type=\"section\">\n\t\t\t\t\t\t<div class=\"elementor-container elementor-column-gap-default\">\n\t\t\t\t\t<div class=\"elementor-column elementor-col-25 elementor-top-column elementor-element elementor-element-af84fe6\" data-id=\"af84fe6\" data-element_type=\"column\" data-e-type=\"column\">\n\t\t\t<div class=\"elementor-widget-wrap elementor-element-populated\">\n\t\t\t\t\t\t<div class=\"elementor-element elementor-element-cca22c1 elementor-widget elementor-widget-image\" data-id=\"cca22c1\" data-element_type=\"widget\" data-e-type=\"widget\" data-widget_type=\"image.default\">\n\t\t\t\t<div class=\"elementor-widget-container\">\n\t\t\t\t\t\t\t\t\t\t\t\t\t\t\t<img fetchpriority=\"high\" decoding=\"async\" width=\"800\" height=\"534\" src=\"https:\/\/ceyalcoop.com\/wp-content\/uploads\/2022\/03\/DEI00296-1024x683.jpg\" class=\"attachment-large size-large wp-image-1495\" alt=\"\" srcset=\"https:\/\/ceyalcoop.com\/wp-content\/uploads\/2022\/03\/DEI00296-1024x683.jpg 1024w, https:\/\/ceyalcoop.com\/wp-content\/uploads\/2022\/03\/DEI00296-300x200.jpg 300w, https:\/\/ceyalcoop.com\/wp-content\/uploads\/2022\/03\/DEI00296-768x512.jpg 768w, https:\/\/ceyalcoop.com\/wp-content\/uploads\/2022\/03\/DEI00296-1536x1024.jpg 1536w, https:\/\/ceyalcoop.com\/wp-content\/uploads\/2022\/03\/DEI00296.jpg 1620w\" sizes=\"(max-width: 800px) 100vw, 800px\" \/>\t\t\t\t\t\t\t\t\t\t\t\t\t\t\t<\/div>\n\t\t\t\t<\/div>\n\t\t\t\t\t<\/div>\n\t\t<\/div>\n\t\t\t\t<div class=\"elementor-column elementor-col-25 elementor-top-column elementor-element elementor-element-d41e48d\" data-id=\"d41e48d\" data-element_type=\"column\" data-e-type=\"column\">\n\t\t\t<div class=\"elementor-widget-wrap elementor-element-populated\">\n\t\t\t\t\t\t<div class=\"elementor-element elementor-element-aa05a4a elementor-widget elementor-widget-image\" data-id=\"aa05a4a\" data-element_type=\"widget\" data-e-type=\"widget\" data-widget_type=\"image.default\">\n\t\t\t\t<div class=\"elementor-widget-container\">\n\t\t\t\t\t\t\t\t\t\t\t\t\t\t\t<img decoding=\"async\" width=\"800\" height=\"534\" data-src=\"https:\/\/ceyalcoop.com\/wp-content\/uploads\/2022\/03\/DEI00293-1024x683.jpg\" class=\"attachment-large size-large wp-image-1494 lazyload\" alt=\"\" data-srcset=\"https:\/\/ceyalcoop.com\/wp-content\/uploads\/2022\/03\/DEI00293-1024x683.jpg 1024w, https:\/\/ceyalcoop.com\/wp-content\/uploads\/2022\/03\/DEI00293-300x200.jpg 300w, https:\/\/ceyalcoop.com\/wp-content\/uploads\/2022\/03\/DEI00293-768x512.jpg 768w, https:\/\/ceyalcoop.com\/wp-content\/uploads\/2022\/03\/DEI00293-1536x1024.jpg 1536w, https:\/\/ceyalcoop.com\/wp-content\/uploads\/2022\/03\/DEI00293.jpg 1620w\" data-sizes=\"(max-width: 800px) 100vw, 800px\" src=\"data:image\/svg+xml;base64,PHN2ZyB3aWR0aD0iMSIgaGVpZ2h0PSIxIiB4bWxucz0iaHR0cDovL3d3dy53My5vcmcvMjAwMC9zdmciPjwvc3ZnPg==\" style=\"--smush-placeholder-width: 800px; --smush-placeholder-aspect-ratio: 800\/534;\" \/>\t\t\t\t\t\t\t\t\t\t\t\t\t\t\t<\/div>\n\t\t\t\t<\/div>\n\t\t\t\t\t<\/div>\n\t\t<\/div>\n\t\t\t\t<div class=\"elementor-column elementor-col-25 elementor-top-column elementor-element elementor-element-89b589e\" data-id=\"89b589e\" data-element_type=\"column\" data-e-type=\"column\">\n\t\t\t<div class=\"elementor-widget-wrap elementor-element-populated\">\n\t\t\t\t\t\t<div class=\"elementor-element elementor-element-e9971a0 elementor-widget elementor-widget-image\" data-id=\"e9971a0\" data-element_type=\"widget\" data-e-type=\"widget\" data-widget_type=\"image.default\">\n\t\t\t\t<div class=\"elementor-widget-container\">\n\t\t\t\t\t\t\t\t\t\t\t\t\t\t\t<img decoding=\"async\" width=\"800\" height=\"534\" data-src=\"https:\/\/ceyalcoop.com\/wp-content\/uploads\/2022\/03\/DEI00298-1024x683.jpg\" class=\"attachment-large size-large wp-image-1497 lazyload\" alt=\"\" data-srcset=\"https:\/\/ceyalcoop.com\/wp-content\/uploads\/2022\/03\/DEI00298-1024x683.jpg 1024w, https:\/\/ceyalcoop.com\/wp-content\/uploads\/2022\/03\/DEI00298-300x200.jpg 300w, https:\/\/ceyalcoop.com\/wp-content\/uploads\/2022\/03\/DEI00298-768x512.jpg 768w, https:\/\/ceyalcoop.com\/wp-content\/uploads\/2022\/03\/DEI00298-1536x1024.jpg 1536w, https:\/\/ceyalcoop.com\/wp-content\/uploads\/2022\/03\/DEI00298.jpg 1620w\" data-sizes=\"(max-width: 800px) 100vw, 800px\" src=\"data:image\/svg+xml;base64,PHN2ZyB3aWR0aD0iMSIgaGVpZ2h0PSIxIiB4bWxucz0iaHR0cDovL3d3dy53My5vcmcvMjAwMC9zdmciPjwvc3ZnPg==\" style=\"--smush-placeholder-width: 800px; --smush-placeholder-aspect-ratio: 800\/534;\" \/>\t\t\t\t\t\t\t\t\t\t\t\t\t\t\t<\/div>\n\t\t\t\t<\/div>\n\t\t\t\t\t<\/div>\n\t\t<\/div>\n\t\t\t\t<div class=\"elementor-column elementor-col-25 elementor-top-column elementor-element elementor-element-d84d730\" data-id=\"d84d730\" data-element_type=\"column\" data-e-type=\"column\">\n\t\t\t<div class=\"elementor-widget-wrap elementor-element-populated\">\n\t\t\t\t\t\t<div class=\"elementor-element elementor-element-400bc09 elementor-widget elementor-widget-image\" data-id=\"400bc09\" data-element_type=\"widget\" data-e-type=\"widget\" data-widget_type=\"image.default\">\n\t\t\t\t<div class=\"elementor-widget-container\">\n\t\t\t\t\t\t\t\t\t\t\t\t\t\t\t<img decoding=\"async\" width=\"800\" height=\"534\" data-src=\"https:\/\/ceyalcoop.com\/wp-content\/uploads\/2022\/03\/DEI00290-1024x683.jpg\" class=\"attachment-large size-large wp-image-1498 lazyload\" alt=\"\" data-srcset=\"https:\/\/ceyalcoop.com\/wp-content\/uploads\/2022\/03\/DEI00290-1024x683.jpg 1024w, https:\/\/ceyalcoop.com\/wp-content\/uploads\/2022\/03\/DEI00290-300x200.jpg 300w, https:\/\/ceyalcoop.com\/wp-content\/uploads\/2022\/03\/DEI00290-768x512.jpg 768w, https:\/\/ceyalcoop.com\/wp-content\/uploads\/2022\/03\/DEI00290-1536x1024.jpg 1536w, https:\/\/ceyalcoop.com\/wp-content\/uploads\/2022\/03\/DEI00290.jpg 1620w\" data-sizes=\"(max-width: 800px) 100vw, 800px\" src=\"data:image\/svg+xml;base64,PHN2ZyB3aWR0aD0iMSIgaGVpZ2h0PSIxIiB4bWxucz0iaHR0cDovL3d3dy53My5vcmcvMjAwMC9zdmciPjwvc3ZnPg==\" style=\"--smush-placeholder-width: 800px; --smush-placeholder-aspect-ratio: 800\/534;\" \/>\t\t\t\t\t\t\t\t\t\t\t\t\t\t\t<\/div>\n\t\t\t\t<\/div>\n\t\t\t\t\t<\/div>\n\t\t<\/div>\n\t\t\t\t\t<\/div>\n\t\t<\/section>\n\t\t\t\t<\/div>\n\t\t","protected":false},"excerpt":{"rendered":"<p>Aulas Educativas. A fines de 2008 CEYAL da un paso trascendente para nuestra localidad y la regi\u00f3n: con la intervenci\u00f3n inicial de Fecescor se firma un convenio con la Universidad Empresarial Siglo 21, quedando as\u00ed conformada nuestra aula educativa que acerca la universidad a nuestra ciudad, para favorecer el cursado de carreras de grado para [&hellip;]<\/p>\n","protected":false},"author":3,"featured_media":0,"parent":0,"menu_order":0,"comment_status":"closed","ping_status":"closed","template":"","meta":{"footnotes":""},"class_list":["post-1443","page","type-page","status-publish","hentry"],"_links":{"self":[{"href":"https:\/\/ceyalcoop.com\/index.php\/wp-json\/wp\/v2\/pages\/1443","targetHints":{"allow":["GET"]}}],"collection":[{"href":"https:\/\/ceyalcoop.com\/index.php\/wp-json\/wp\/v2\/pages"}],"about":[{"href":"https:\/\/ceyalcoop.com\/index.php\/wp-json\/wp\/v2\/types\/page"}],"author":[{"embeddable":true,"href":"https:\/\/ceyalcoop.com\/index.php\/wp-json\/wp\/v2\/users\/3"}],"replies":[{"embeddable":true,"href":"https:\/\/ceyalcoop.com\/index.php\/wp-json\/wp\/v2\/comments?post=1443"}],"version-history":[{"count":12,"href":"https:\/\/ceyalcoop.com\/index.php\/wp-json\/wp\/v2\/pages\/1443\/revisions"}],"predecessor-version":[{"id":1501,"href":"https:\/\/ceyalcoop.com\/index.php\/wp-json\/wp\/v2\/pages\/1443\/revisions\/1501"}],"wp:attachment":[{"href":"https:\/\/ceyalcoop.com\/index.php\/wp-json\/wp\/v2\/media?parent=1443"}],"curies":[{"name":"wp","href":"https:\/\/api.w.org\/{rel}","templated":true}]}}