{"id":446,"date":"2022-02-17T23:03:46","date_gmt":"2022-02-17T23:03:46","guid":{"rendered":"http:\/\/ceyalcoop.com\/?page_id=446"},"modified":"2025-09-24T20:06:11","modified_gmt":"2025-09-24T20:06:11","slug":"biblioteca","status":"publish","type":"page","link":"https:\/\/ceyalcoop.com\/index.php\/biblioteca\/","title":{"rendered":"Biblioteca"},"content":{"rendered":"\t\t<div data-elementor-type=\"wp-page\" data-elementor-id=\"446\" class=\"elementor elementor-446\" data-elementor-post-type=\"page\">\n\t\t\t\t\t\t<section class=\"elementor-section elementor-top-section elementor-element elementor-element-6f92e94 elementor-section-boxed elementor-section-height-default elementor-section-height-default\" data-id=\"6f92e94\" data-element_type=\"section\" data-e-type=\"section\">\n\t\t\t\t\t\t<div class=\"elementor-container elementor-column-gap-default\">\n\t\t\t\t\t<div class=\"elementor-column elementor-col-100 elementor-top-column elementor-element elementor-element-6cb4ebf\" data-id=\"6cb4ebf\" data-element_type=\"column\" data-e-type=\"column\">\n\t\t\t<div class=\"elementor-widget-wrap elementor-element-populated\">\n\t\t\t\t\t\t<div class=\"elementor-element elementor-element-ad449f5 elementor-widget elementor-widget-heading\" data-id=\"ad449f5\" data-element_type=\"widget\" data-e-type=\"widget\" data-widget_type=\"heading.default\">\n\t\t\t\t<div class=\"elementor-widget-container\">\n\t\t\t\t\t<h2 class=\"elementor-heading-title elementor-size-default\">Un espacio pensado para vos.<\/h2>\t\t\t\t<\/div>\n\t\t\t\t<\/div>\n\t\t\t\t\t<\/div>\n\t\t<\/div>\n\t\t\t\t\t<\/div>\n\t\t<\/section>\n\t\t\t\t<section class=\"elementor-section elementor-top-section elementor-element elementor-element-c493528 elementor-section-boxed elementor-section-height-default elementor-section-height-default\" data-id=\"c493528\" data-element_type=\"section\" data-e-type=\"section\">\n\t\t\t\t\t\t<div class=\"elementor-container elementor-column-gap-default\">\n\t\t\t\t\t<div class=\"elementor-column elementor-col-100 elementor-top-column elementor-element elementor-element-12f3769\" data-id=\"12f3769\" data-element_type=\"column\" data-e-type=\"column\">\n\t\t\t<div class=\"elementor-widget-wrap elementor-element-populated\">\n\t\t\t\t\t\t<div class=\"elementor-element elementor-element-a1552ae elementor-widget elementor-widget-text-editor\" data-id=\"a1552ae\" data-element_type=\"widget\" data-e-type=\"widget\" data-widget_type=\"text-editor.default\">\n\t\t\t\t<div class=\"elementor-widget-container\">\n\t\t\t\t\t\t\t\t\t<p>La <strong>Biblioteca<\/strong> se encuentra en en su nueva ubicaci\u00f3n: <span style=\"color: var( --e-global-color-text ); font-family: var( --e-global-typography-text-font-family ), Sans-serif; font-weight: var( --e-global-typography-text-font-weight ); font-size: 1rem;\">J. A. Roca 769.<\/span><\/p><p><span style=\"color: var( --e-global-color-text ); font-family: var( --e-global-typography-text-font-family ), Sans-serif; font-weight: var( --e-global-typography-text-font-weight ); font-size: 1rem;\">Ingresando por las escaleras a la derecha de las oficinas, se puede acceder a la planta alta, all\u00ed se encuentra la <strong>Biblioteca<\/strong>. De la misma forma se pueden acceder a las <strong>Aulas Educativas<\/strong>.<\/span><\/p><p>El nuevo espacio, dise\u00f1ado y construido con la \u00fanica finalidad de brindar la mayor comodidad para el estudiante, cuenta con computadoras de libre acceso y mesas distribuidas que alientan a la concentraci\u00f3n tanto a los grupos de estudio como a los individuales.<\/p><p>El costo mensual para acceder a estos servicios es de $2400.00<\/p><p>Podr\u00e1s acceder a ella de Lunes a Viernes de 8:00hs a 12:00hs. y de 16:00hs. a 19:00hs.<\/p>\t\t\t\t\t\t\t\t<\/div>\n\t\t\t\t<\/div>\n\t\t\t\t\t<\/div>\n\t\t<\/div>\n\t\t\t\t\t<\/div>\n\t\t<\/section>\n\t\t\t\t<section class=\"elementor-section elementor-top-section elementor-element elementor-element-f4de067 elementor-section-boxed elementor-section-height-default elementor-section-height-default\" data-id=\"f4de067\" data-element_type=\"section\" data-e-type=\"section\">\n\t\t\t\t\t\t<div class=\"elementor-container elementor-column-gap-default\">\n\t\t\t\t\t<div class=\"elementor-column elementor-col-100 elementor-top-column elementor-element elementor-element-52c79cc\" data-id=\"52c79cc\" data-element_type=\"column\" data-e-type=\"column\">\n\t\t\t<div class=\"elementor-widget-wrap elementor-element-populated\">\n\t\t\t\t\t\t<div class=\"elementor-element elementor-element-0d8a0f5 elementor-widget elementor-widget-heading\" data-id=\"0d8a0f5\" data-element_type=\"widget\" data-e-type=\"widget\" data-widget_type=\"heading.default\">\n\t\t\t\t<div class=\"elementor-widget-container\">\n\t\t\t\t\t<h4 class=\"elementor-heading-title elementor-size-default\">Conoce la Biblioteca.<\/h4>\t\t\t\t<\/div>\n\t\t\t\t<\/div>\n\t\t\t\t\t<\/div>\n\t\t<\/div>\n\t\t\t\t\t<\/div>\n\t\t<\/section>\n\t\t\t\t<section class=\"elementor-section elementor-top-section elementor-element elementor-element-29f681e elementor-section-boxed elementor-section-height-default elementor-section-height-default\" data-id=\"29f681e\" data-element_type=\"section\" data-e-type=\"section\">\n\t\t\t\t\t\t<div class=\"elementor-container elementor-column-gap-default\">\n\t\t\t\t\t<div class=\"elementor-column elementor-col-100 elementor-top-column elementor-element elementor-element-567118e\" data-id=\"567118e\" data-element_type=\"column\" data-e-type=\"column\">\n\t\t\t<div class=\"elementor-widget-wrap elementor-element-populated\">\n\t\t\t\t\t\t<div class=\"elementor-element elementor-element-dd20b14 elementor-widget elementor-widget-video\" data-id=\"dd20b14\" data-element_type=\"widget\" data-e-type=\"widget\" data-settings=\"{&quot;video_type&quot;:&quot;hosted&quot;,&quot;autoplay&quot;:&quot;yes&quot;,&quot;controls&quot;:&quot;yes&quot;}\" data-widget_type=\"video.default\">\n\t\t\t\t<div class=\"elementor-widget-container\">\n\t\t\t\t\t\t\t<div class=\"e-hosted-video elementor-wrapper elementor-open-inline\">\n\t\t\t\t\t<video class=\"elementor-video\" src=\"http:\/\/ceyalcoop.com\/wp-content\/uploads\/2022\/02\/C0133.mp4\" autoplay=\"\" controls=\"\" controlsList=\"nodownload\"><\/video>\n\t\t\t\t<\/div>\n\t\t\t\t\t\t<\/div>\n\t\t\t\t<\/div>\n\t\t\t\t\t<\/div>\n\t\t<\/div>\n\t\t\t\t\t<\/div>\n\t\t<\/section>\n\t\t\t\t<\/div>\n\t\t","protected":false},"excerpt":{"rendered":"<p>Un espacio pensado para vos. La Biblioteca se encuentra en en su nueva ubicaci\u00f3n: J. A. Roca 769. Ingresando por las escaleras a la derecha de las oficinas, se puede acceder a la planta alta, all\u00ed se encuentra la Biblioteca. De la misma forma se pueden acceder a las Aulas Educativas. El nuevo espacio, dise\u00f1ado [&hellip;]<\/p>\n","protected":false},"author":3,"featured_media":0,"parent":0,"menu_order":0,"comment_status":"closed","ping_status":"closed","template":"","meta":{"footnotes":""},"class_list":["post-446","page","type-page","status-publish","hentry"],"_links":{"self":[{"href":"https:\/\/ceyalcoop.com\/index.php\/wp-json\/wp\/v2\/pages\/446","targetHints":{"allow":["GET"]}}],"collection":[{"href":"https:\/\/ceyalcoop.com\/index.php\/wp-json\/wp\/v2\/pages"}],"about":[{"href":"https:\/\/ceyalcoop.com\/index.php\/wp-json\/wp\/v2\/types\/page"}],"author":[{"embeddable":true,"href":"https:\/\/ceyalcoop.com\/index.php\/wp-json\/wp\/v2\/users\/3"}],"replies":[{"embeddable":true,"href":"https:\/\/ceyalcoop.com\/index.php\/wp-json\/wp\/v2\/comments?post=446"}],"version-history":[{"count":55,"href":"https:\/\/ceyalcoop.com\/index.php\/wp-json\/wp\/v2\/pages\/446\/revisions"}],"predecessor-version":[{"id":6432,"href":"https:\/\/ceyalcoop.com\/index.php\/wp-json\/wp\/v2\/pages\/446\/revisions\/6432"}],"wp:attachment":[{"href":"https:\/\/ceyalcoop.com\/index.php\/wp-json\/wp\/v2\/media?parent=446"}],"curies":[{"name":"wp","href":"https:\/\/api.w.org\/{rel}","templated":true}]}}