{"id":449,"date":"2022-07-10T09:11:43","date_gmt":"2022-07-10T09:11:43","guid":{"rendered":"http:\/\/ceyalcoop.com\/?page_id=449"},"modified":"2026-03-31T19:13:33","modified_gmt":"2026-03-31T19:13:33","slug":"449-2","status":"publish","type":"page","link":"https:\/\/ceyalcoop.com\/index.php\/449-2\/","title":{"rendered":"Cine y Sala de Espect\u00e1culos."},"content":{"rendered":"<h2 style=\"text-align: center;\"><\/h2>\n<h3 style=\"text-align: center;\"><\/h3>\n<h3 style=\"text-align: center;\"><strong>&#8221;\u00a0SUPER MARIO GALAXY: LA PEL\u00cdCULA&#8221;- 2D &#8211; 20:30hs.<\/strong><\/h3>\n<h4 style=\"text-align: center;\"><\/h4>\n<hr \/>\n<p><a href=\"http:\/\/ceyalcoop.com\/wp-content\/uploads\/2026\/03\/CINE-2SEMANA-2.jpg\"><img fetchpriority=\"high\" decoding=\"async\" class=\"wp-image-6753 size-full\" src=\"http:\/\/ceyalcoop.com\/wp-content\/uploads\/2026\/03\/CINE-2SEMANA-2.jpg\" alt=\"\" width=\"1607\" height=\"2475\" srcset=\"https:\/\/ceyalcoop.com\/wp-content\/uploads\/2026\/03\/CINE-2SEMANA-2.jpg 1607w, https:\/\/ceyalcoop.com\/wp-content\/uploads\/2026\/03\/CINE-2SEMANA-2-195x300.jpg 195w, https:\/\/ceyalcoop.com\/wp-content\/uploads\/2026\/03\/CINE-2SEMANA-2-665x1024.jpg 665w, https:\/\/ceyalcoop.com\/wp-content\/uploads\/2026\/03\/CINE-2SEMANA-2-768x1183.jpg 768w, https:\/\/ceyalcoop.com\/wp-content\/uploads\/2026\/03\/CINE-2SEMANA-2-997x1536.jpg 997w, https:\/\/ceyalcoop.com\/wp-content\/uploads\/2026\/03\/CINE-2SEMANA-2-1330x2048.jpg 1330w\" sizes=\"(max-width: 1607px) 100vw, 1607px\" \/><\/a><\/p>\n<p><span style=\"text-decoration: underline;\"><strong><span style=\"vertical-align: inherit;\"><span style=\"vertical-align: inherit;\"><span style=\"vertical-align: inherit;\"><span style=\"vertical-align: inherit;\"><span style=\"vertical-align: inherit;\"><span style=\"vertical-align: inherit;\"><span style=\"vertical-align: inherit;\"><span style=\"vertical-align: inherit;\"><span style=\"vertical-align: inherit;\"><span style=\"vertical-align: inherit;\"><span style=\"vertical-align: inherit;\"><span style=\"vertical-align: inherit;\"><span style=\"vertical-align: inherit;\"><span style=\"vertical-align: inherit;\"><span style=\"vertical-align: inherit;\"><span style=\"vertical-align: inherit;\"><span style=\"vertical-align: inherit;\"><span style=\"vertical-align: inherit;\"><span style=\"vertical-align: inherit;\"><span style=\"vertical-align: inherit;\"><span style=\"vertical-align: inherit;\"><span style=\"vertical-align: inherit;\"><span style=\"vertical-align: inherit;\"><span style=\"vertical-align: inherit;\"><span style=\"vertical-align: inherit;\"><span style=\"vertical-align: inherit;\"><span style=\"vertical-align: inherit;\"><span style=\"vertical-align: inherit;\"><span style=\"vertical-align: inherit;\"><span style=\"vertical-align: inherit;\"><span style=\"vertical-align: inherit;\"><span style=\"vertical-align: inherit;\"><span style=\"vertical-align: inherit;\"><span style=\"vertical-align: inherit;\">Tr\u00e1iler de la pel\u00edcula<\/span><\/span><\/span><\/span><\/span><\/span><\/span><\/span><\/span><\/span><\/span><\/span><\/span><\/span><\/span><\/span><\/span><\/span><\/span><\/span><\/span><\/span><\/span><\/span><\/span><\/span><\/span><\/span><\/span><\/span><\/span><\/span><\/span><\/span><\/strong><\/span><\/p>\n<p><iframe title=\"Super Mario Galaxy: La Pel\u00edcula | Tr\u00e1iler Oficial\" width=\"800\" height=\"450\" data-src=\"https:\/\/www.youtube.com\/embed\/iTzCWDQSwvk?feature=oembed\" frameborder=\"0\" allow=\"accelerometer; autoplay; clipboard-write; encrypted-media; gyroscope; picture-in-picture; web-share\" referrerpolicy=\"strict-origin-when-cross-origin\" allowfullscreen src=\"data:image\/svg+xml;base64,PHN2ZyB3aWR0aD0iMSIgaGVpZ2h0PSIxIiB4bWxucz0iaHR0cDovL3d3dy53My5vcmcvMjAwMC9zdmciPjwvc3ZnPg==\" class=\"lazyload\" data-load-mode=\"1\"><\/iframe><\/p>\n","protected":false},"excerpt":{"rendered":"<p>&#8221;\u00a0SUPER MARIO GALAXY: LA PEL\u00cdCULA&#8221;- 2D &#8211; 20:30hs. Tr\u00e1iler de la pel\u00edcula<\/p>\n","protected":false},"author":3,"featured_media":5371,"parent":0,"menu_order":0,"comment_status":"closed","ping_status":"closed","template":"","meta":{"footnotes":""},"class_list":["post-449","page","type-page","status-publish","has-post-thumbnail","hentry"],"_links":{"self":[{"href":"https:\/\/ceyalcoop.com\/index.php\/wp-json\/wp\/v2\/pages\/449","targetHints":{"allow":["GET"]}}],"collection":[{"href":"https:\/\/ceyalcoop.com\/index.php\/wp-json\/wp\/v2\/pages"}],"about":[{"href":"https:\/\/ceyalcoop.com\/index.php\/wp-json\/wp\/v2\/types\/page"}],"author":[{"embeddable":true,"href":"https:\/\/ceyalcoop.com\/index.php\/wp-json\/wp\/v2\/users\/3"}],"replies":[{"embeddable":true,"href":"https:\/\/ceyalcoop.com\/index.php\/wp-json\/wp\/v2\/comments?post=449"}],"version-history":[{"count":383,"href":"https:\/\/ceyalcoop.com\/index.php\/wp-json\/wp\/v2\/pages\/449\/revisions"}],"predecessor-version":[{"id":6755,"href":"https:\/\/ceyalcoop.com\/index.php\/wp-json\/wp\/v2\/pages\/449\/revisions\/6755"}],"wp:featuredmedia":[{"embeddable":true,"href":"https:\/\/ceyalcoop.com\/index.php\/wp-json\/wp\/v2\/media\/5371"}],"wp:attachment":[{"href":"https:\/\/ceyalcoop.com\/index.php\/wp-json\/wp\/v2\/media?parent=449"}],"curies":[{"name":"wp","href":"https:\/\/api.w.org\/{rel}","templated":true}]}}