{"id":4608,"date":"2023-06-01T14:03:38","date_gmt":"2023-06-01T14:03:38","guid":{"rendered":"https:\/\/ceyalcoop.com\/?page_id=4608"},"modified":"2023-06-06T19:41:53","modified_gmt":"2023-06-06T19:41:53","slug":"quita-de-subsidios","status":"publish","type":"page","link":"https:\/\/ceyalcoop.com\/index.php\/quita-de-subsidios\/","title":{"rendered":"Quita de subsidios"},"content":{"rendered":"\n<p class=\"has-text-align-center\">El Estado Nacional avanz\u00f3 con una nueva quita de subsidios energ\u00e9ticos <\/p>\n\n\n\n<p class=\"has-text-align-center\">A partir de los consumos de energ\u00eda el\u00e9ctrica registrados desde el 1\u00b0 de Mayo, se eliminan completamente los subsidios sobre aquellos hogares considerados de ingresos altos (ingresos mayores a $ 711.763,00), y aquellos usuarios que no realizaron la inscripci\u00f3n en el Registro de Acceso a los Subsidios a la Energ\u00eda (RASE), independientemente de su situaci\u00f3n patrimonial. Tambi\u00e9n pagaran el 100% de la tarifa los hogares con ingresos medios, pero solo lo har\u00e1n sobre lo consumido a partir de los 400 kW\/h.<\/p>\n\n\n\n<p class=\"has-text-align-center\">Es por ello que aquellos usuarios residenciales que no se han inscripto o habi\u00e9ndose inscripto debieran modificar o actualizar sus datos, aun cuentan con la posibilidad de hacerlo, para ello deber\u00e1n imngresar en el siguiente enlace y completar el formulario:<\/p>\n\n\n\n<p class=\"has-text-align-center\"><a href=\"https:\/\/www.argentina.gob.ar\/subsidios\">https:\/\/www.argentina.gob.ar\/subsidios<\/a><\/p>\n\n\n\n<p class=\"has-text-align-center\">Este incremento que se corresponde con el precio mayorista, determinado por las generadoras de energ\u00eda el\u00e9ctrica, como consecuencia de la quita de subsidios del Estado Nacional, no corresponde a un incremento para nuestra Cooperativa.<\/p>\n\n\n\n<p><\/p>\n","protected":false},"excerpt":{"rendered":"<p>El Estado Nacional avanz\u00f3 con una nueva quita de subsidios energ\u00e9ticos A partir de los consumos de energ\u00eda el\u00e9ctrica registrados desde el 1\u00b0 de Mayo, se eliminan completamente los subsidios sobre aquellos hogares considerados de ingresos altos (ingresos mayores a $ 711.763,00), y aquellos usuarios que no realizaron la inscripci\u00f3n en el Registro de Acceso [&hellip;]<\/p>\n","protected":false},"author":4,"featured_media":0,"parent":0,"menu_order":0,"comment_status":"closed","ping_status":"closed","template":"","meta":{"footnotes":""},"class_list":["post-4608","page","type-page","status-publish","hentry"],"_links":{"self":[{"href":"https:\/\/ceyalcoop.com\/index.php\/wp-json\/wp\/v2\/pages\/4608","targetHints":{"allow":["GET"]}}],"collection":[{"href":"https:\/\/ceyalcoop.com\/index.php\/wp-json\/wp\/v2\/pages"}],"about":[{"href":"https:\/\/ceyalcoop.com\/index.php\/wp-json\/wp\/v2\/types\/page"}],"author":[{"embeddable":true,"href":"https:\/\/ceyalcoop.com\/index.php\/wp-json\/wp\/v2\/users\/4"}],"replies":[{"embeddable":true,"href":"https:\/\/ceyalcoop.com\/index.php\/wp-json\/wp\/v2\/comments?post=4608"}],"version-history":[{"count":4,"href":"https:\/\/ceyalcoop.com\/index.php\/wp-json\/wp\/v2\/pages\/4608\/revisions"}],"predecessor-version":[{"id":4662,"href":"https:\/\/ceyalcoop.com\/index.php\/wp-json\/wp\/v2\/pages\/4608\/revisions\/4662"}],"wp:attachment":[{"href":"https:\/\/ceyalcoop.com\/index.php\/wp-json\/wp\/v2\/media?parent=4608"}],"curies":[{"name":"wp","href":"https:\/\/api.w.org\/{rel}","templated":true}]}}