{"id":4645,"date":"2023-06-01T14:51:14","date_gmt":"2023-06-01T14:51:14","guid":{"rendered":"https:\/\/ceyalcoop.com\/?page_id=4645"},"modified":"2023-06-01T15:43:26","modified_gmt":"2023-06-01T15:43:26","slug":"dia-internacional-del-libro","status":"publish","type":"page","link":"https:\/\/ceyalcoop.com\/index.php\/dia-internacional-del-libro\/","title":{"rendered":"D\u00eda Internacional del libro"},"content":{"rendered":"\n<p>El pasado 21 de abril y pr\u00f3ximos a la celebraci\u00f3n del Dia Internacional del Libro (el 23 de abril) se realiz\u00f3 en nuestra Biblioteca Cooperativa Mariano Moreno, una actividad con ni\u00f1os de entre 9 y 11 a\u00f1os.<\/p>\n\n\n\n<p>En la actividad: \u201cCu\u00e9ntame un cuento\u201d, participaron 30 ni\u00f1os de nuestra ciudad, quienes en grupo, escribieron e ilustraron 6 cuentos, que se encuentran en exposici\u00f3n en nuestra biblioteca para poder leerlos.<\/p>\n\n\n\n<p>Celebramos este d\u00eda con un momento muy especial y divertido en donde pudieron disfrutar y dejar volar su imaginaci\u00f3n, adem\u00e1s de interactuar con otros estudiantes.<\/p>\n\n\n\n<p>Agradecemos la participaci\u00f3n de las familias por acercarlos a nuestro espacio y a las instituciones educativas por ayudarnos a difundir este evento.<\/p>\n\n\n\n<div class=\"wp-block-columns is-layout-flex wp-container-core-columns-is-layout-28f84493 wp-block-columns-is-layout-flex\">\n<div class=\"wp-block-column is-layout-flow wp-block-column-is-layout-flow\" style=\"flex-basis:100%\">\n<figure class=\"wp-block-gallery has-nested-images columns-default is-cropped wp-block-gallery-1 is-layout-flex wp-block-gallery-is-layout-flex\">\n<figure class=\"wp-block-image size-large\"><img fetchpriority=\"high\" decoding=\"async\" width=\"1024\" height=\"1024\" data-id=\"4646\" src=\"https:\/\/ceyalcoop.com\/wp-content\/uploads\/2023\/06\/343640335_906950860598474_3647968171581344528_n-1024x1024.jpg\" alt=\"\" class=\"wp-image-4646\" srcset=\"https:\/\/ceyalcoop.com\/wp-content\/uploads\/2023\/06\/343640335_906950860598474_3647968171581344528_n-1024x1024.jpg 1024w, https:\/\/ceyalcoop.com\/wp-content\/uploads\/2023\/06\/343640335_906950860598474_3647968171581344528_n-300x300.jpg 300w, https:\/\/ceyalcoop.com\/wp-content\/uploads\/2023\/06\/343640335_906950860598474_3647968171581344528_n-150x150.jpg 150w, https:\/\/ceyalcoop.com\/wp-content\/uploads\/2023\/06\/343640335_906950860598474_3647968171581344528_n-768x768.jpg 768w, https:\/\/ceyalcoop.com\/wp-content\/uploads\/2023\/06\/343640335_906950860598474_3647968171581344528_n.jpg 1081w\" sizes=\"(max-width: 1024px) 100vw, 1024px\" \/><\/figure>\n\n\n\n<figure class=\"wp-block-image size-large\"><img decoding=\"async\" width=\"1024\" height=\"1024\" data-id=\"4647\" data-src=\"https:\/\/ceyalcoop.com\/wp-content\/uploads\/2023\/06\/343790036_2258744980981838_1076084601828025684_n-1024x1024.jpg\" alt=\"\" class=\"wp-image-4647 lazyload\" data-srcset=\"https:\/\/ceyalcoop.com\/wp-content\/uploads\/2023\/06\/343790036_2258744980981838_1076084601828025684_n-1024x1024.jpg 1024w, https:\/\/ceyalcoop.com\/wp-content\/uploads\/2023\/06\/343790036_2258744980981838_1076084601828025684_n-300x300.jpg 300w, https:\/\/ceyalcoop.com\/wp-content\/uploads\/2023\/06\/343790036_2258744980981838_1076084601828025684_n-150x150.jpg 150w, https:\/\/ceyalcoop.com\/wp-content\/uploads\/2023\/06\/343790036_2258744980981838_1076084601828025684_n-768x768.jpg 768w, https:\/\/ceyalcoop.com\/wp-content\/uploads\/2023\/06\/343790036_2258744980981838_1076084601828025684_n.jpg 1081w\" data-sizes=\"(max-width: 1024px) 100vw, 1024px\" src=\"data:image\/svg+xml;base64,PHN2ZyB3aWR0aD0iMSIgaGVpZ2h0PSIxIiB4bWxucz0iaHR0cDovL3d3dy53My5vcmcvMjAwMC9zdmciPjwvc3ZnPg==\" style=\"--smush-placeholder-width: 1024px; --smush-placeholder-aspect-ratio: 1024\/1024;\" \/><\/figure>\n\n\n\n<figure class=\"wp-block-image size-large\"><img decoding=\"async\" width=\"1024\" height=\"1024\" data-id=\"4648\" data-src=\"https:\/\/ceyalcoop.com\/wp-content\/uploads\/2023\/06\/343652585_209568075141977_913545531283585024_n-1024x1024.jpg\" alt=\"\" class=\"wp-image-4648 lazyload\" data-srcset=\"https:\/\/ceyalcoop.com\/wp-content\/uploads\/2023\/06\/343652585_209568075141977_913545531283585024_n-1024x1024.jpg 1024w, https:\/\/ceyalcoop.com\/wp-content\/uploads\/2023\/06\/343652585_209568075141977_913545531283585024_n-300x300.jpg 300w, https:\/\/ceyalcoop.com\/wp-content\/uploads\/2023\/06\/343652585_209568075141977_913545531283585024_n-150x150.jpg 150w, https:\/\/ceyalcoop.com\/wp-content\/uploads\/2023\/06\/343652585_209568075141977_913545531283585024_n-768x768.jpg 768w, https:\/\/ceyalcoop.com\/wp-content\/uploads\/2023\/06\/343652585_209568075141977_913545531283585024_n.jpg 1081w\" data-sizes=\"(max-width: 1024px) 100vw, 1024px\" src=\"data:image\/svg+xml;base64,PHN2ZyB3aWR0aD0iMSIgaGVpZ2h0PSIxIiB4bWxucz0iaHR0cDovL3d3dy53My5vcmcvMjAwMC9zdmciPjwvc3ZnPg==\" style=\"--smush-placeholder-width: 1024px; --smush-placeholder-aspect-ratio: 1024\/1024;\" \/><\/figure>\n\n\n\n<figure class=\"wp-block-image size-large\"><img decoding=\"async\" width=\"1024\" height=\"1024\" data-id=\"4649\" data-src=\"https:\/\/ceyalcoop.com\/wp-content\/uploads\/2023\/06\/343063472_1337599683475063_6247735893723929655_n-1024x1024.jpg\" alt=\"\" class=\"wp-image-4649 lazyload\" data-srcset=\"https:\/\/ceyalcoop.com\/wp-content\/uploads\/2023\/06\/343063472_1337599683475063_6247735893723929655_n-1024x1024.jpg 1024w, https:\/\/ceyalcoop.com\/wp-content\/uploads\/2023\/06\/343063472_1337599683475063_6247735893723929655_n-300x300.jpg 300w, https:\/\/ceyalcoop.com\/wp-content\/uploads\/2023\/06\/343063472_1337599683475063_6247735893723929655_n-150x150.jpg 150w, https:\/\/ceyalcoop.com\/wp-content\/uploads\/2023\/06\/343063472_1337599683475063_6247735893723929655_n-768x768.jpg 768w, https:\/\/ceyalcoop.com\/wp-content\/uploads\/2023\/06\/343063472_1337599683475063_6247735893723929655_n.jpg 1081w\" data-sizes=\"(max-width: 1024px) 100vw, 1024px\" src=\"data:image\/svg+xml;base64,PHN2ZyB3aWR0aD0iMSIgaGVpZ2h0PSIxIiB4bWxucz0iaHR0cDovL3d3dy53My5vcmcvMjAwMC9zdmciPjwvc3ZnPg==\" style=\"--smush-placeholder-width: 1024px; --smush-placeholder-aspect-ratio: 1024\/1024;\" \/><\/figure>\n<\/figure>\n<\/div>\n<\/div>\n","protected":false},"excerpt":{"rendered":"<p>El pasado 21 de abril y pr\u00f3ximos a la celebraci\u00f3n del Dia Internacional del Libro (el 23 de abril) se realiz\u00f3 en nuestra Biblioteca Cooperativa Mariano Moreno, una actividad con ni\u00f1os de entre 9 y 11 a\u00f1os. En la actividad: \u201cCu\u00e9ntame un cuento\u201d, participaron 30 ni\u00f1os de nuestra ciudad, quienes en grupo, escribieron e ilustraron [&hellip;]<\/p>\n","protected":false},"author":4,"featured_media":0,"parent":0,"menu_order":0,"comment_status":"closed","ping_status":"closed","template":"","meta":{"footnotes":""},"class_list":["post-4645","page","type-page","status-publish","hentry"],"_links":{"self":[{"href":"https:\/\/ceyalcoop.com\/index.php\/wp-json\/wp\/v2\/pages\/4645","targetHints":{"allow":["GET"]}}],"collection":[{"href":"https:\/\/ceyalcoop.com\/index.php\/wp-json\/wp\/v2\/pages"}],"about":[{"href":"https:\/\/ceyalcoop.com\/index.php\/wp-json\/wp\/v2\/types\/page"}],"author":[{"embeddable":true,"href":"https:\/\/ceyalcoop.com\/index.php\/wp-json\/wp\/v2\/users\/4"}],"replies":[{"embeddable":true,"href":"https:\/\/ceyalcoop.com\/index.php\/wp-json\/wp\/v2\/comments?post=4645"}],"version-history":[{"count":2,"href":"https:\/\/ceyalcoop.com\/index.php\/wp-json\/wp\/v2\/pages\/4645\/revisions"}],"predecessor-version":[{"id":4655,"href":"https:\/\/ceyalcoop.com\/index.php\/wp-json\/wp\/v2\/pages\/4645\/revisions\/4655"}],"wp:attachment":[{"href":"https:\/\/ceyalcoop.com\/index.php\/wp-json\/wp\/v2\/media?parent=4645"}],"curies":[{"name":"wp","href":"https:\/\/api.w.org\/{rel}","templated":true}]}}