{"id":4754,"date":"2023-07-26T09:59:42","date_gmt":"2023-07-26T09:59:42","guid":{"rendered":"https:\/\/ceyalcoop.com\/?page_id=4754"},"modified":"2023-07-26T09:59:43","modified_gmt":"2023-07-26T09:59:43","slug":"parque-solar","status":"publish","type":"page","link":"https:\/\/ceyalcoop.com\/index.php\/parque-solar\/","title":{"rendered":"Parque Solar"},"content":{"rendered":"\n<p>Se comenz\u00f3 a transitar la etapa final del parque solar de la Cooperativa CEYAL, la misma va a contar con una potencia instalada de 131 Kwp y estar\u00e1 generando aproximadamente 223 MWH\/ A\u00d1O. <\/p>\n\n\n\n<p>En las siguientes im\u00e1genes se ven la etapas constructivas <\/p>\n\n\n\n<p>1 &#8211; Hormigonado y construcci\u00f3n de base de hormig\u00f3n.<\/p>\n\n\n\n<p>2 &#8211; Replanteo de bases de fundaci\u00f3n para soportar estructura met\u00e1lica de soporte a los paneles.<\/p>\n\n\n\n<p>3 &#8211; Colocaci\u00f3n de estructura met\u00e1lica para posteriormente recibir la paneler\u00eda fotovoltaica.<\/p>\n\n\n\n<figure class=\"wp-block-gallery has-nested-images columns-default is-cropped wp-block-gallery-1 is-layout-flex wp-block-gallery-is-layout-flex\">\n<figure class=\"wp-block-image size-large\"><img fetchpriority=\"high\" decoding=\"async\" width=\"1024\" height=\"1024\" data-id=\"4756\" src=\"https:\/\/ceyalcoop.com\/wp-content\/uploads\/2023\/07\/SOLAR-2-1024x1024.jpg\" alt=\"\" class=\"wp-image-4756\" srcset=\"https:\/\/ceyalcoop.com\/wp-content\/uploads\/2023\/07\/SOLAR-2-1024x1024.jpg 1024w, https:\/\/ceyalcoop.com\/wp-content\/uploads\/2023\/07\/SOLAR-2-300x300.jpg 300w, https:\/\/ceyalcoop.com\/wp-content\/uploads\/2023\/07\/SOLAR-2-150x150.jpg 150w, https:\/\/ceyalcoop.com\/wp-content\/uploads\/2023\/07\/SOLAR-2-768x768.jpg 768w, https:\/\/ceyalcoop.com\/wp-content\/uploads\/2023\/07\/SOLAR-2.jpg 1081w\" sizes=\"(max-width: 1024px) 100vw, 1024px\" \/><\/figure>\n\n\n\n<figure class=\"wp-block-image size-large\"><img decoding=\"async\" width=\"1024\" height=\"1024\" data-id=\"4757\" data-src=\"https:\/\/ceyalcoop.com\/wp-content\/uploads\/2023\/07\/SOLAR3-1024x1024.jpg\" alt=\"\" class=\"wp-image-4757 lazyload\" data-srcset=\"https:\/\/ceyalcoop.com\/wp-content\/uploads\/2023\/07\/SOLAR3-1024x1024.jpg 1024w, https:\/\/ceyalcoop.com\/wp-content\/uploads\/2023\/07\/SOLAR3-300x300.jpg 300w, https:\/\/ceyalcoop.com\/wp-content\/uploads\/2023\/07\/SOLAR3-150x150.jpg 150w, https:\/\/ceyalcoop.com\/wp-content\/uploads\/2023\/07\/SOLAR3-768x768.jpg 768w, https:\/\/ceyalcoop.com\/wp-content\/uploads\/2023\/07\/SOLAR3.jpg 1081w\" data-sizes=\"(max-width: 1024px) 100vw, 1024px\" src=\"data:image\/svg+xml;base64,PHN2ZyB3aWR0aD0iMSIgaGVpZ2h0PSIxIiB4bWxucz0iaHR0cDovL3d3dy53My5vcmcvMjAwMC9zdmciPjwvc3ZnPg==\" style=\"--smush-placeholder-width: 1024px; --smush-placeholder-aspect-ratio: 1024\/1024;\" \/><\/figure>\n\n\n\n<figure class=\"wp-block-image size-large\"><img decoding=\"async\" width=\"1024\" height=\"1024\" data-id=\"4755\" data-src=\"https:\/\/ceyalcoop.com\/wp-content\/uploads\/2023\/07\/SOLAR4-1024x1024.jpg\" alt=\"\" class=\"wp-image-4755 lazyload\" data-srcset=\"https:\/\/ceyalcoop.com\/wp-content\/uploads\/2023\/07\/SOLAR4-1024x1024.jpg 1024w, https:\/\/ceyalcoop.com\/wp-content\/uploads\/2023\/07\/SOLAR4-300x300.jpg 300w, https:\/\/ceyalcoop.com\/wp-content\/uploads\/2023\/07\/SOLAR4-150x150.jpg 150w, https:\/\/ceyalcoop.com\/wp-content\/uploads\/2023\/07\/SOLAR4-768x768.jpg 768w, https:\/\/ceyalcoop.com\/wp-content\/uploads\/2023\/07\/SOLAR4.jpg 1081w\" data-sizes=\"(max-width: 1024px) 100vw, 1024px\" src=\"data:image\/svg+xml;base64,PHN2ZyB3aWR0aD0iMSIgaGVpZ2h0PSIxIiB4bWxucz0iaHR0cDovL3d3dy53My5vcmcvMjAwMC9zdmciPjwvc3ZnPg==\" style=\"--smush-placeholder-width: 1024px; --smush-placeholder-aspect-ratio: 1024\/1024;\" \/><\/figure>\n<\/figure>\n","protected":false},"excerpt":{"rendered":"<p>Se comenz\u00f3 a transitar la etapa final del parque solar de la Cooperativa CEYAL, la misma va a contar con una potencia instalada de 131 Kwp y estar\u00e1 generando aproximadamente 223 MWH\/ A\u00d1O. En las siguientes im\u00e1genes se ven la etapas constructivas 1 &#8211; Hormigonado y construcci\u00f3n de base de hormig\u00f3n. 2 &#8211; Replanteo de [&hellip;]<\/p>\n","protected":false},"author":4,"featured_media":0,"parent":0,"menu_order":0,"comment_status":"closed","ping_status":"closed","template":"","meta":{"footnotes":""},"class_list":["post-4754","page","type-page","status-publish","hentry"],"_links":{"self":[{"href":"https:\/\/ceyalcoop.com\/index.php\/wp-json\/wp\/v2\/pages\/4754","targetHints":{"allow":["GET"]}}],"collection":[{"href":"https:\/\/ceyalcoop.com\/index.php\/wp-json\/wp\/v2\/pages"}],"about":[{"href":"https:\/\/ceyalcoop.com\/index.php\/wp-json\/wp\/v2\/types\/page"}],"author":[{"embeddable":true,"href":"https:\/\/ceyalcoop.com\/index.php\/wp-json\/wp\/v2\/users\/4"}],"replies":[{"embeddable":true,"href":"https:\/\/ceyalcoop.com\/index.php\/wp-json\/wp\/v2\/comments?post=4754"}],"version-history":[{"count":1,"href":"https:\/\/ceyalcoop.com\/index.php\/wp-json\/wp\/v2\/pages\/4754\/revisions"}],"predecessor-version":[{"id":4758,"href":"https:\/\/ceyalcoop.com\/index.php\/wp-json\/wp\/v2\/pages\/4754\/revisions\/4758"}],"wp:attachment":[{"href":"https:\/\/ceyalcoop.com\/index.php\/wp-json\/wp\/v2\/media?parent=4754"}],"curies":[{"name":"wp","href":"https:\/\/api.w.org\/{rel}","templated":true}]}}