{"id":505,"date":"2022-02-21T12:50:31","date_gmt":"2022-02-21T12:50:31","guid":{"rendered":"http:\/\/ceyalcoop.com\/?page_id=505"},"modified":"2022-02-25T13:06:10","modified_gmt":"2022-02-25T13:06:10","slug":"grua","status":"publish","type":"page","link":"https:\/\/ceyalcoop.com\/index.php\/grua\/","title":{"rendered":"Grua"},"content":{"rendered":"\t\t<div data-elementor-type=\"wp-page\" data-elementor-id=\"505\" class=\"elementor elementor-505\" data-elementor-post-type=\"page\">\n\t\t\t\t\t\t<section class=\"elementor-section elementor-top-section elementor-element elementor-element-c45feb5 elementor-section-boxed elementor-section-height-default elementor-section-height-default\" data-id=\"c45feb5\" data-element_type=\"section\" data-e-type=\"section\">\n\t\t\t\t\t\t<div class=\"elementor-container elementor-column-gap-default\">\n\t\t\t\t\t<div class=\"elementor-column elementor-col-100 elementor-top-column elementor-element elementor-element-492a8ec\" data-id=\"492a8ec\" data-element_type=\"column\" data-e-type=\"column\">\n\t\t\t<div class=\"elementor-widget-wrap elementor-element-populated\">\n\t\t\t\t\t\t<div class=\"elementor-element elementor-element-59fcada elementor-widget elementor-widget-heading\" data-id=\"59fcada\" data-element_type=\"widget\" data-e-type=\"widget\" data-widget_type=\"heading.default\">\n\t\t\t\t<div class=\"elementor-widget-container\">\n\t\t\t\t\t<h2 class=\"elementor-heading-title elementor-size-default\">Nueva Gr\u00faa.<\/h2>\t\t\t\t<\/div>\n\t\t\t\t<\/div>\n\t\t\t\t\t<\/div>\n\t\t<\/div>\n\t\t\t\t\t<\/div>\n\t\t<\/section>\n\t\t\t\t<section class=\"elementor-section elementor-top-section elementor-element elementor-element-f36172e elementor-section-boxed elementor-section-height-default elementor-section-height-default\" data-id=\"f36172e\" data-element_type=\"section\" data-e-type=\"section\">\n\t\t\t\t\t\t<div class=\"elementor-container elementor-column-gap-default\">\n\t\t\t\t\t<div class=\"elementor-column elementor-col-100 elementor-top-column elementor-element elementor-element-15c26e4\" data-id=\"15c26e4\" data-element_type=\"column\" data-e-type=\"column\">\n\t\t\t<div class=\"elementor-widget-wrap elementor-element-populated\">\n\t\t\t\t\t\t<div class=\"elementor-element elementor-element-eee6d81 elementor-widget elementor-widget-text-editor\" data-id=\"eee6d81\" data-element_type=\"widget\" data-e-type=\"widget\" data-widget_type=\"text-editor.default\">\n\t\t\t\t<div class=\"elementor-widget-container\">\n\t\t\t\t\t\t\t\t\t<p>Nuestra cooperativa cuenta con una nueva Gr\u00faa.<\/p><p>El equipo se mont\u00f3 sobre un cami\u00f3n Mercedes Benz 1725 recientemente adquirido.<\/p><p>La\u00a0 hidrogr\u00faa posee una capacidad de extensi\u00f3n en horizontal de 10 metros y una extensi\u00f3n en vertical de 12 metros.<\/p><p>Una capacidad de elevaci\u00f3n al pie del equipo de 6 Tn y a capacidad a los 6 metros de extensi\u00f3n de 2.1 Tn.<\/p><p>El equipo posee estabilizadores laterales que permiten estabilizar al momento de realizar maniobras, un cabrestante para poder realizar maniobras de izajes y una barquilla para trabajos en altura.<\/p><p>Con la incorporaci\u00f3n de esta hidrogrua se optimizan los tiempos de izajes de elementos\u00a0 pesados, brindando mayor rapidez, precisi\u00f3n y seguridad en las maniobras, a la\u00a0 vez\u00a0 que\u00a0 permite poder\u00a0 llegar a una mayor altura con la barquilla para realizar tareas en altura.<\/p>\t\t\t\t\t\t\t\t<\/div>\n\t\t\t\t<\/div>\n\t\t\t\t\t<\/div>\n\t\t<\/div>\n\t\t\t\t\t<\/div>\n\t\t<\/section>\n\t\t\t\t<section class=\"elementor-section elementor-top-section elementor-element elementor-element-949854f elementor-section-boxed elementor-section-height-default elementor-section-height-default\" data-id=\"949854f\" data-element_type=\"section\" data-e-type=\"section\">\n\t\t\t\t\t\t<div class=\"elementor-container elementor-column-gap-default\">\n\t\t\t\t\t<div class=\"elementor-column elementor-col-100 elementor-top-column elementor-element elementor-element-6c77b26\" data-id=\"6c77b26\" data-element_type=\"column\" data-e-type=\"column\">\n\t\t\t<div class=\"elementor-widget-wrap elementor-element-populated\">\n\t\t\t\t\t\t<div class=\"elementor-element elementor-element-efcc882 elementor-widget elementor-widget-image\" data-id=\"efcc882\" data-element_type=\"widget\" data-e-type=\"widget\" data-widget_type=\"image.default\">\n\t\t\t\t<div class=\"elementor-widget-container\">\n\t\t\t\t\t\t\t\t\t\t\t\t\t\t\t<img fetchpriority=\"high\" decoding=\"async\" width=\"650\" height=\"366\" src=\"https:\/\/ceyalcoop.com\/wp-content\/uploads\/2022\/02\/WhatsApp-Image-2021-12-20-at-1.43.50-PM-650x366-1.jpg\" class=\"attachment-large size-large wp-image-948\" alt=\"\" srcset=\"https:\/\/ceyalcoop.com\/wp-content\/uploads\/2022\/02\/WhatsApp-Image-2021-12-20-at-1.43.50-PM-650x366-1.jpg 650w, https:\/\/ceyalcoop.com\/wp-content\/uploads\/2022\/02\/WhatsApp-Image-2021-12-20-at-1.43.50-PM-650x366-1-300x169.jpg 300w\" sizes=\"(max-width: 650px) 100vw, 650px\" \/>\t\t\t\t\t\t\t\t\t\t\t\t\t\t\t<\/div>\n\t\t\t\t<\/div>\n\t\t\t\t\t<\/div>\n\t\t<\/div>\n\t\t\t\t\t<\/div>\n\t\t<\/section>\n\t\t\t\t<\/div>\n\t\t","protected":false},"excerpt":{"rendered":"<p>Nueva Gr\u00faa. Nuestra cooperativa cuenta con una nueva Gr\u00faa. El equipo se mont\u00f3 sobre un cami\u00f3n Mercedes Benz 1725 recientemente adquirido. La\u00a0 hidrogr\u00faa posee una capacidad de extensi\u00f3n en horizontal de 10 metros y una extensi\u00f3n en vertical de 12 metros. Una capacidad de elevaci\u00f3n al pie del equipo de 6 Tn y a capacidad [&hellip;]<\/p>\n","protected":false},"author":3,"featured_media":0,"parent":0,"menu_order":0,"comment_status":"closed","ping_status":"closed","template":"","meta":{"footnotes":""},"class_list":["post-505","page","type-page","status-publish","hentry"],"_links":{"self":[{"href":"https:\/\/ceyalcoop.com\/index.php\/wp-json\/wp\/v2\/pages\/505","targetHints":{"allow":["GET"]}}],"collection":[{"href":"https:\/\/ceyalcoop.com\/index.php\/wp-json\/wp\/v2\/pages"}],"about":[{"href":"https:\/\/ceyalcoop.com\/index.php\/wp-json\/wp\/v2\/types\/page"}],"author":[{"embeddable":true,"href":"https:\/\/ceyalcoop.com\/index.php\/wp-json\/wp\/v2\/users\/3"}],"replies":[{"embeddable":true,"href":"https:\/\/ceyalcoop.com\/index.php\/wp-json\/wp\/v2\/comments?post=505"}],"version-history":[{"count":16,"href":"https:\/\/ceyalcoop.com\/index.php\/wp-json\/wp\/v2\/pages\/505\/revisions"}],"predecessor-version":[{"id":990,"href":"https:\/\/ceyalcoop.com\/index.php\/wp-json\/wp\/v2\/pages\/505\/revisions\/990"}],"wp:attachment":[{"href":"https:\/\/ceyalcoop.com\/index.php\/wp-json\/wp\/v2\/media?parent=505"}],"curies":[{"name":"wp","href":"https:\/\/api.w.org\/{rel}","templated":true}]}}