{"id":5523,"date":"2024-07-31T16:17:59","date_gmt":"2024-07-31T16:17:59","guid":{"rendered":"https:\/\/ceyalcoop.com\/?page_id=5523"},"modified":"2025-07-29T16:14:43","modified_gmt":"2025-07-29T16:14:43","slug":"pasantia","status":"publish","type":"page","link":"https:\/\/ceyalcoop.com\/index.php\/pasantia\/","title":{"rendered":"Pasant\u00edas"},"content":{"rendered":"\t\t<div data-elementor-type=\"wp-page\" data-elementor-id=\"5523\" class=\"elementor elementor-5523\" data-elementor-post-type=\"page\">\n\t\t\t\t<div class=\"elementor-element elementor-element-120b6f9 e-flex e-con-boxed e-con e-parent\" data-id=\"120b6f9\" data-element_type=\"container\" data-e-type=\"container\">\n\t\t\t\t\t<div class=\"e-con-inner\">\n\t\t\t\t<div class=\"elementor-element elementor-element-540539ec elementor-widget elementor-widget-text-editor\" data-id=\"540539ec\" data-element_type=\"widget\" data-e-type=\"widget\" data-widget_type=\"text-editor.default\">\n\t\t\t\t<div class=\"elementor-widget-container\">\n\t\t\t\t\t\t\t\t\t\n<p>El d\u00eda lunes 28 de Julio de 2025, comenzaron sus pasant\u00edas en CEYAL los alumnos de 6to a\u00f1o de la Escuela Experimental ProA:<\/p>\n\n<p>Bautista Macagno, Cristian Leiva (ambos en el servicio de telecomunicaciones) y Valentina Britos (en el \u00e1rea administrativa).<\/p>\n\n<p>Los alumnos estar\u00e1n de Lunes a Viernes de 8.00 a 12:00 Hs. durante 3 semanas.<\/p>\n\n<p>Le damos la bienvenida a Bautista, Cristian y Valentina!!<\/p>\n<p><img fetchpriority=\"high\" decoding=\"async\" class=\"wp-image-6307 size-full alignnone\" src=\"http:\/\/ceyalcoop.com\/wp-content\/uploads\/2025\/07\/pasantia.jpg\" alt=\"\" width=\"491\" height=\"502\" srcset=\"https:\/\/ceyalcoop.com\/wp-content\/uploads\/2025\/07\/pasantia.jpg 491w, https:\/\/ceyalcoop.com\/wp-content\/uploads\/2025\/07\/pasantia-293x300.jpg 293w\" sizes=\"(max-width: 491px) 100vw, 491px\" \/><\/p>\n<hr \/>\n<p>Facundo Maza Aparicio, alumno de 6to. a\u00f1o del Instituto Secundario Juan Pascual Pringles especialidad Comunicaci\u00f3n, realiz\u00f3 su pasant\u00eda en nuestra radio FM Pertenecer. <img decoding=\"async\" data-src=\"https:\/\/static.xx.fbcdn.net\/images\/emoji.php\/v9\/tba\/1\/16\/1f4e3.png\" alt=\"\ud83d\udce3\" width=\"16\" height=\"16\" src=\"data:image\/svg+xml;base64,PHN2ZyB3aWR0aD0iMSIgaGVpZ2h0PSIxIiB4bWxucz0iaHR0cDovL3d3dy53My5vcmcvMjAwMC9zdmciPjwvc3ZnPg==\" class=\"lazyload\" style=\"--smush-placeholder-width: 16px; --smush-placeholder-aspect-ratio: 16\/16;\" \/><img decoding=\"async\" data-src=\"https:\/\/static.xx.fbcdn.net\/images\/emoji.php\/v9\/tfd\/1\/16\/1f64c.png\" alt=\"\ud83d\ude4c\" width=\"16\" height=\"16\" src=\"data:image\/svg+xml;base64,PHN2ZyB3aWR0aD0iMSIgaGVpZ2h0PSIxIiB4bWxucz0iaHR0cDovL3d3dy53My5vcmcvMjAwMC9zdmciPjwvc3ZnPg==\" class=\"lazyload\" style=\"--smush-placeholder-width: 16px; --smush-placeholder-aspect-ratio: 16\/16;\" \/><\/p>\n\n<p>Facundo, junto a nuestra locutora Claudia Bertoletti, particip\u00f3 de tareas de producci\u00f3n, lectura de noticias y tambi\u00e9n en los duplex con radios de la regi\u00f3n y manejo de consola.<\/p>\n\n<p>Adem\u00e1s se le brind\u00f3 un espacio para que hablara de deportes, en el cu\u00e1l realiz\u00f3 entrevistas en vivo, que el mismo organiz\u00f3.<\/p>\n\n<figure class=\"wp-block-image size-large is-resized\"><img decoding=\"async\" width=\"1024\" height=\"1024\" class=\"wp-image-5680 lazyload\" style=\"--smush-placeholder-width: 1024px; --smush-placeholder-aspect-ratio: 1024\/1024;width: 529px; height: auto;\" data-src=\"https:\/\/ceyalcoop.com\/wp-content\/uploads\/2024\/10\/facu-1024x1024.jpg\" alt=\"\" data-srcset=\"https:\/\/ceyalcoop.com\/wp-content\/uploads\/2024\/10\/facu-1024x1024.jpg 1024w, https:\/\/ceyalcoop.com\/wp-content\/uploads\/2024\/10\/facu-300x300.jpg 300w, https:\/\/ceyalcoop.com\/wp-content\/uploads\/2024\/10\/facu-150x150.jpg 150w, https:\/\/ceyalcoop.com\/wp-content\/uploads\/2024\/10\/facu-768x768.jpg 768w, https:\/\/ceyalcoop.com\/wp-content\/uploads\/2024\/10\/facu.jpg 1081w\" data-sizes=\"(max-width: 1024px) 100vw, 1024px\" src=\"data:image\/svg+xml;base64,PHN2ZyB3aWR0aD0iMSIgaGVpZ2h0PSIxIiB4bWxucz0iaHR0cDovL3d3dy53My5vcmcvMjAwMC9zdmciPjwvc3ZnPg==\" \/><\/figure>\n\n<p><br \/>Muchas gracias Facundo!!<\/p>\n<hr class=\"wp-block-separator has-alpha-channel-opacity\" \/>\n<p>En el d\u00eda 20 de Agosto de 2024 comenz\u00f3 su pasant\u00eda en CEYAL, el alumno Thiago Alaniz de 6to A\u00f1o de la Escuela Experimental ProA de Vicu\u00f1a Mackenna, quien estar\u00e1 de Lunes a Viernes de 8.00 a 12:00 Hs. durante las pr\u00f3ximas 2 semanas, en el \u00e1rea de administraci\u00f3n.<\/p>\n\n<p>Dentro de sus actividades, el pasante colaborar\u00e1 con la Inscripci\u00f3n al RASE (SUBSIDIO DE ENERG\u00cdA) de todos aquellos adultos mayores que no han podido inscribirse, o aquellos usuarios con tarifa social provincial que no se han inscripto y deben realizarlo para mantener el beneficio, desempe\u00f1ando as\u00ed una tarea social desde su pasant\u00eda.<\/p>\n\n<figure class=\"wp-block-image size-full\"><img decoding=\"async\" width=\"526\" height=\"526\" class=\"wp-image-5588 lazyload\" data-src=\"https:\/\/ceyalcoop.com\/wp-content\/uploads\/2024\/08\/456146238_481789291282500_3420695307311733432_n.jpg\" alt=\"\" data-srcset=\"https:\/\/ceyalcoop.com\/wp-content\/uploads\/2024\/08\/456146238_481789291282500_3420695307311733432_n.jpg 526w, https:\/\/ceyalcoop.com\/wp-content\/uploads\/2024\/08\/456146238_481789291282500_3420695307311733432_n-300x300.jpg 300w, https:\/\/ceyalcoop.com\/wp-content\/uploads\/2024\/08\/456146238_481789291282500_3420695307311733432_n-150x150.jpg 150w\" data-sizes=\"(max-width: 526px) 100vw, 526px\" src=\"data:image\/svg+xml;base64,PHN2ZyB3aWR0aD0iMSIgaGVpZ2h0PSIxIiB4bWxucz0iaHR0cDovL3d3dy53My5vcmcvMjAwMC9zdmciPjwvc3ZnPg==\" style=\"--smush-placeholder-width: 526px; --smush-placeholder-aspect-ratio: 526\/526;\" \/><\/figure>\n\n<p>\u00a1Le damos la bienvenida a Thiago! <img decoding=\"async\" data-src=\"https:\/\/static.xx.fbcdn.net\/images\/emoji.php\/v9\/tfd\/1\/16\/1f64c.png\" alt=\"\ud83d\ude4c\" width=\"16\" height=\"16\" src=\"data:image\/svg+xml;base64,PHN2ZyB3aWR0aD0iMSIgaGVpZ2h0PSIxIiB4bWxucz0iaHR0cDovL3d3dy53My5vcmcvMjAwMC9zdmciPjwvc3ZnPg==\" class=\"lazyload\" style=\"--smush-placeholder-width: 16px; --smush-placeholder-aspect-ratio: 16\/16;\" \/><img decoding=\"async\" data-src=\"https:\/\/static.xx.fbcdn.net\/images\/emoji.php\/v9\/tfd\/1\/16\/1f64c.png\" alt=\"\ud83d\ude4c\" width=\"16\" height=\"16\" src=\"data:image\/svg+xml;base64,PHN2ZyB3aWR0aD0iMSIgaGVpZ2h0PSIxIiB4bWxucz0iaHR0cDovL3d3dy53My5vcmcvMjAwMC9zdmciPjwvc3ZnPg==\" class=\"lazyload\" style=\"--smush-placeholder-width: 16px; --smush-placeholder-aspect-ratio: 16\/16;\" \/><img decoding=\"async\" data-src=\"https:\/\/static.xx.fbcdn.net\/images\/emoji.php\/v9\/tfd\/1\/16\/1f64c.png\" alt=\"\ud83d\ude4c\" width=\"16\" height=\"16\" src=\"data:image\/svg+xml;base64,PHN2ZyB3aWR0aD0iMSIgaGVpZ2h0PSIxIiB4bWxucz0iaHR0cDovL3d3dy53My5vcmcvMjAwMC9zdmciPjwvc3ZnPg==\" class=\"lazyload\" style=\"--smush-placeholder-width: 16px; --smush-placeholder-aspect-ratio: 16\/16;\" \/><\/p>\n\n<p>&#8212;&#8212;&#8212;&#8212;&#8212;&#8212;&#8212;&#8212;&#8212;&#8212;&#8212;&#8212;&#8212;&#8212;&#8212;&#8212;&#8212;&#8212;&#8212;&#8212;&#8212;&#8212;&#8212;&#8212;&#8212;&#8212;&#8212;&#8212;&#8212;&#8212;&#8212;&#8212;&#8212;&#8212;&#8212;&#8212;&#8212;&#8212;&#8211;<\/p>\n\n<p>El d\u00eda lunes 12 de Agosto de 2024, comenz\u00f3 su pasant\u00eda en CEYAL, el alumno Juan Pablo Romero de 6to A\u00f1o de la Escuela Experimental ProA de Vicu\u00f1a Mackenna, quien estar\u00e1 de Lunes a Viernes de 8.30 a 12:30 Hs. durante las pr\u00f3ximas 2 semanas, en el \u00e1rea del servicio de telecomunicaciones.<\/p>\n\n<p>Dentro de sus actividades, el pasante junto con la cuadrilla de este servicio, realizar\u00e1 tareas de atenci\u00f3n de reclamos, instalaci\u00f3n de conexiones nuevas y mantenimiento del plantel.<\/p>\n\n<figure class=\"wp-block-image size-full\"><img decoding=\"async\" width=\"526\" height=\"526\" class=\"wp-image-5589 lazyload\" data-src=\"https:\/\/ceyalcoop.com\/wp-content\/uploads\/2024\/08\/455030189_478381341623295_5299618932251421310_n.jpg\" alt=\"\" data-srcset=\"https:\/\/ceyalcoop.com\/wp-content\/uploads\/2024\/08\/455030189_478381341623295_5299618932251421310_n.jpg 526w, https:\/\/ceyalcoop.com\/wp-content\/uploads\/2024\/08\/455030189_478381341623295_5299618932251421310_n-300x300.jpg 300w, https:\/\/ceyalcoop.com\/wp-content\/uploads\/2024\/08\/455030189_478381341623295_5299618932251421310_n-150x150.jpg 150w\" data-sizes=\"(max-width: 526px) 100vw, 526px\" src=\"data:image\/svg+xml;base64,PHN2ZyB3aWR0aD0iMSIgaGVpZ2h0PSIxIiB4bWxucz0iaHR0cDovL3d3dy53My5vcmcvMjAwMC9zdmciPjwvc3ZnPg==\" style=\"--smush-placeholder-width: 526px; --smush-placeholder-aspect-ratio: 526\/526;\" \/><\/figure>\n\n<p>Le damos la bienvenida a Juan Pablo !!<\/p>\n\n<p>&#8212;&#8212;&#8212;&#8212;&#8212;&#8212;&#8212;&#8212;&#8212;&#8212;&#8212;&#8212;&#8212;&#8212;&#8212;&#8212;&#8212;&#8212;&#8212;&#8212;&#8212;&#8212;&#8212;&#8212;&#8212;&#8212;&#8212;&#8212;&#8212;&#8212;&#8212;&#8212;&#8212;&#8212;&#8212;&#8212;&#8212;&#8212;&#8211;<\/p>\n\n<p>El d\u00eda 30 de Julio de 2024 comenz\u00f3 su pasant\u00eda en CEYAL, el alumno Benjamin Qui\u00f1onez de 6to A\u00f1o &#8220;Gesti\u00f3n&#8221; del Instituto Secundario Juan Pascual Pringles, quien estar\u00e1 de Lunes a Viernes de 8.30 a 12:00 Hs. durante las pr\u00f3ximas 3 semanas.<\/p>\n\n<p>Dentro de sus actividades, el pasante colaborar\u00e1 con la Inscripci\u00f3n al RASE (SUBSIDIO DE ENERG\u00cdA) de todos aquellos adultos mayores que no han podido inscribirse, o aquellos usuarios con tarifa social provincial que no se han inscripto y deben realizarlo para mantener el beneficio, desempe\u00f1ando asi una tarea social desde su pasant\u00eda.<\/p>\n\n<figure class=\"wp-block-image size-full\"><img decoding=\"async\" width=\"526\" height=\"526\" class=\"wp-image-5522 lazyload\" data-src=\"http:\/\/ceyalcoop.com\/wp-content\/uploads\/2024\/07\/pasante.jpg\" alt=\"\" data-srcset=\"https:\/\/ceyalcoop.com\/wp-content\/uploads\/2024\/07\/pasante.jpg 526w, https:\/\/ceyalcoop.com\/wp-content\/uploads\/2024\/07\/pasante-300x300.jpg 300w, https:\/\/ceyalcoop.com\/wp-content\/uploads\/2024\/07\/pasante-150x150.jpg 150w\" data-sizes=\"(max-width: 526px) 100vw, 526px\" src=\"data:image\/svg+xml;base64,PHN2ZyB3aWR0aD0iMSIgaGVpZ2h0PSIxIiB4bWxucz0iaHR0cDovL3d3dy53My5vcmcvMjAwMC9zdmciPjwvc3ZnPg==\" style=\"--smush-placeholder-width: 526px; --smush-placeholder-aspect-ratio: 526\/526;\" \/><\/figure>\n\n<p>Le damos la bienvenida a Benjam\u00edn!! <img decoding=\"async\" data-src=\"https:\/\/static.xx.fbcdn.net\/images\/emoji.php\/v9\/t51\/1\/16\/1f603.png\" alt=\"\ud83d\ude03\" width=\"16\" height=\"16\" src=\"data:image\/svg+xml;base64,PHN2ZyB3aWR0aD0iMSIgaGVpZ2h0PSIxIiB4bWxucz0iaHR0cDovL3d3dy53My5vcmcvMjAwMC9zdmciPjwvc3ZnPg==\" class=\"lazyload\" style=\"--smush-placeholder-width: 16px; --smush-placeholder-aspect-ratio: 16\/16;\" \/><img decoding=\"async\" data-src=\"https:\/\/static.xx.fbcdn.net\/images\/emoji.php\/v9\/t51\/1\/16\/1f603.png\" alt=\"\ud83d\ude03\" width=\"16\" height=\"16\" src=\"data:image\/svg+xml;base64,PHN2ZyB3aWR0aD0iMSIgaGVpZ2h0PSIxIiB4bWxucz0iaHR0cDovL3d3dy53My5vcmcvMjAwMC9zdmciPjwvc3ZnPg==\" class=\"lazyload\" style=\"--smush-placeholder-width: 16px; --smush-placeholder-aspect-ratio: 16\/16;\" \/><\/p>\n\n<p>\u00a0<\/p>\n\t\t\t\t\t\t\t\t<\/div>\n\t\t\t\t<\/div>\n\t\t\t\t\t<\/div>\n\t\t\t\t<\/div>\n\t\t\t\t<\/div>\n\t\t","protected":false},"excerpt":{"rendered":"<p>El d\u00eda lunes 28 de Julio de 2025, comenzaron sus pasant\u00edas en CEYAL los alumnos de 6to a\u00f1o de la Escuela Experimental ProA: Bautista Macagno, Cristian Leiva (ambos en el servicio de telecomunicaciones) y Valentina Britos (en el \u00e1rea administrativa). Los alumnos estar\u00e1n de Lunes a Viernes de 8.00 a 12:00 Hs. durante 3 semanas. [&hellip;]<\/p>\n","protected":false},"author":4,"featured_media":0,"parent":0,"menu_order":0,"comment_status":"closed","ping_status":"closed","template":"","meta":{"footnotes":""},"class_list":["post-5523","page","type-page","status-publish","hentry"],"_links":{"self":[{"href":"https:\/\/ceyalcoop.com\/index.php\/wp-json\/wp\/v2\/pages\/5523","targetHints":{"allow":["GET"]}}],"collection":[{"href":"https:\/\/ceyalcoop.com\/index.php\/wp-json\/wp\/v2\/pages"}],"about":[{"href":"https:\/\/ceyalcoop.com\/index.php\/wp-json\/wp\/v2\/types\/page"}],"author":[{"embeddable":true,"href":"https:\/\/ceyalcoop.com\/index.php\/wp-json\/wp\/v2\/users\/4"}],"replies":[{"embeddable":true,"href":"https:\/\/ceyalcoop.com\/index.php\/wp-json\/wp\/v2\/comments?post=5523"}],"version-history":[{"count":14,"href":"https:\/\/ceyalcoop.com\/index.php\/wp-json\/wp\/v2\/pages\/5523\/revisions"}],"predecessor-version":[{"id":6322,"href":"https:\/\/ceyalcoop.com\/index.php\/wp-json\/wp\/v2\/pages\/5523\/revisions\/6322"}],"wp:attachment":[{"href":"https:\/\/ceyalcoop.com\/index.php\/wp-json\/wp\/v2\/media?parent=5523"}],"curies":[{"name":"wp","href":"https:\/\/api.w.org\/{rel}","templated":true}]}}