{"id":583,"date":"2022-02-21T15:59:44","date_gmt":"2022-02-21T15:59:44","guid":{"rendered":"http:\/\/ceyalcoop.com\/?page_id=583"},"modified":"2025-07-29T11:12:18","modified_gmt":"2025-07-29T11:12:18","slug":"banco-de-sangre","status":"publish","type":"page","link":"https:\/\/ceyalcoop.com\/index.php\/banco-de-sangre\/","title":{"rendered":"Banco de Sangre"},"content":{"rendered":"\t\t<div data-elementor-type=\"wp-page\" data-elementor-id=\"583\" class=\"elementor elementor-583\" data-elementor-post-type=\"page\">\n\t\t\t\t\t\t<section class=\"elementor-section elementor-top-section elementor-element elementor-element-92ba878 elementor-section-boxed elementor-section-height-default elementor-section-height-default\" data-id=\"92ba878\" data-element_type=\"section\" data-e-type=\"section\">\n\t\t\t\t\t\t<div class=\"elementor-container elementor-column-gap-default\">\n\t\t\t\t\t<div class=\"elementor-column elementor-col-100 elementor-top-column elementor-element elementor-element-de2187a\" data-id=\"de2187a\" data-element_type=\"column\" data-e-type=\"column\">\n\t\t\t<div class=\"elementor-widget-wrap elementor-element-populated\">\n\t\t\t\t\t\t<div class=\"elementor-element elementor-element-e188875 elementor-widget elementor-widget-heading\" data-id=\"e188875\" data-element_type=\"widget\" data-e-type=\"widget\" data-widget_type=\"heading.default\">\n\t\t\t\t<div class=\"elementor-widget-container\">\n\t\t\t\t\t<h2 class=\"elementor-heading-title elementor-size-default\">Banco de Sangre.<\/h2>\t\t\t\t<\/div>\n\t\t\t\t<\/div>\n\t\t\t\t<div class=\"elementor-element elementor-element-47dc959 elementor-widget elementor-widget-text-editor\" data-id=\"47dc959\" data-element_type=\"widget\" data-e-type=\"widget\" data-widget_type=\"text-editor.default\">\n\t\t\t\t<div class=\"elementor-widget-container\">\n\t\t\t\t\t\t\t\t\t<p>Comienzo de <strong>Prestaci\u00f3n:<\/strong> 1 de Marzo de 2009.<\/p><p style=\"text-align: justify;\"><strong>Cantidad de Grupos Familiares Adheridos:<\/strong> 1800<\/p><p style=\"text-align: justify;\">Se encuentra incluido en los grupos del Servicio de Traslado Social que hayan presentado la Declaraci\u00f3n Jurada familiar.<\/p><p style=\"text-align: justify;\">Gracias al convenio firmado entre Fecescor y la Fundaci\u00f3n Banco de Sangre de la provincia de C\u00f3rdoba, CEYAL les ofrece a sus asociados poder disponer de abastecimiento de sangre cuando por operaciones \u00f3 tratamientos necesitan la provisi\u00f3n.<\/p>\t\t\t\t\t\t\t\t<\/div>\n\t\t\t\t<\/div>\n\t\t\t\t\t<\/div>\n\t\t<\/div>\n\t\t\t\t\t<\/div>\n\t\t<\/section>\n\t\t\t\t<section class=\"elementor-section elementor-top-section elementor-element elementor-element-b1d5bae elementor-section-boxed elementor-section-height-default elementor-section-height-default\" data-id=\"b1d5bae\" data-element_type=\"section\" data-e-type=\"section\">\n\t\t\t\t\t\t<div class=\"elementor-container elementor-column-gap-default\">\n\t\t\t\t\t<div class=\"elementor-column elementor-col-100 elementor-top-column elementor-element elementor-element-8ffeffe\" data-id=\"8ffeffe\" data-element_type=\"column\" data-e-type=\"column\">\n\t\t\t<div class=\"elementor-widget-wrap elementor-element-populated\">\n\t\t\t\t\t\t<div class=\"elementor-element elementor-element-eb1b169 elementor-widget elementor-widget-heading\" data-id=\"eb1b169\" data-element_type=\"widget\" data-e-type=\"widget\" data-widget_type=\"heading.default\">\n\t\t\t\t<div class=\"elementor-widget-container\">\n\t\t\t\t\t<h2 class=\"elementor-heading-title elementor-size-default\">Caracter\u00edsticas. <\/h2>\t\t\t\t<\/div>\n\t\t\t\t<\/div>\n\t\t\t\t<div class=\"elementor-element elementor-element-75c4ae5 elementor-widget elementor-widget-video\" data-id=\"75c4ae5\" data-element_type=\"widget\" data-e-type=\"widget\" data-settings=\"{&quot;video_type&quot;:&quot;hosted&quot;,&quot;start&quot;:0,&quot;autoplay&quot;:&quot;yes&quot;,&quot;controls&quot;:&quot;yes&quot;}\" data-widget_type=\"video.default\">\n\t\t\t\t<div class=\"elementor-widget-container\">\n\t\t\t\t\t\t\t<div class=\"e-hosted-video elementor-wrapper elementor-open-inline\">\n\t\t\t\t\t<video class=\"elementor-video\" src=\"http:\/\/ceyalcoop.com\/wp-content\/uploads\/2025\/07\/dona-sangre.mp4\" autoplay=\"\" controls=\"\" controlsList=\"nodownload\"><\/video>\n\t\t\t\t<\/div>\n\t\t\t\t\t\t<\/div>\n\t\t\t\t<\/div>\n\t\t\t\t<div class=\"elementor-element elementor-element-5c9c3cc elementor-widget elementor-widget-text-editor\" data-id=\"5c9c3cc\" data-element_type=\"widget\" data-e-type=\"widget\" data-widget_type=\"text-editor.default\">\n\t\t\t\t<div class=\"elementor-widget-container\">\n\t\t\t\t\t\t\t\t\t<p style=\"text-align: justify;\">Los adherentes al servicio de Traslado Social de\u00a0<strong>CEYAL<\/strong>, pueden adherir a este beneficio que le facilita este tr\u00e1mite en circunstancias especiales ahorrando el problema que significa conseguir los donantes, costear sus gastos de traslados y gestionar ante las patronales la posibilidad de faltar a sus tareas para viajar a los centros de tratamientos.<\/p><p style=\"text-align: justify;\"><strong>\u00bfC\u00f3mo se accede a este beneficio?<\/strong><\/p><p style=\"text-align: justify;\">Llenando una solicitud de adhesi\u00f3n con Declaraci\u00f3n Jurada del Grupo Familiar.<\/p><p style=\"text-align: justify;\"><strong>\u00bfC\u00f3mo se procede en caso de necesitarlo?<\/strong><\/p><p style=\"text-align: justify;\">En primer lugar, el grupo adherente debe haber cumplido la carencia establecida por reglamento.<\/p><p style=\"text-align: justify;\">El m\u00e9dico solicitante debe llenar un formulario solicitando las Unidades de Sangre, el que debe ser enviado \u00f3 presentado por el familiar Del paciente en Ceyal, donde firman el compromiso de devoluci\u00f3n.<\/p><p style=\"text-align: justify;\"><strong>CEYAL<\/strong>\u00a0autoriza y realiza la solicitud a la fundaci\u00f3n Banco de Sangre a trav\u00e9s de Fecescor y la sangre es entregada en el lugar solicitado.<\/p><p style=\"text-align: justify;\"><strong>\u00bfC\u00f3mo se realiza la devoluci\u00f3n?<\/strong><\/p><p style=\"text-align: justify;\">La Fundaci\u00f3n Banco de Sangre, programa salidas al interior de la provincia para recuperar la sangre entregada, y es ah\u00ed cuando los asociados que han hecho uso del servicio deben presentar los donantes en el d\u00eda y horario que\u00a0<strong>CEYAL<\/strong>\u00a0comunica con un semana de antelaci\u00f3n.<\/p><p style=\"text-align: justify;\">Este procedimiento evita gastos por parte del asociado.<\/p><p style=\"text-align: justify;\"><strong>\u00bfQuienes pueden ser donantes para devolver la sangre utilizada?<\/strong><\/p><p style=\"text-align: justify;\">Toda persona de entre 18 y 65 a\u00f1os, con un peso mayor de 50 kg. y no tener antecedentes de enfermedades como hepatitis viral, ni enfermedades transmisibles por sangre, y no estar en tratamientos contra infecciones.<\/p><p style=\"text-align: justify;\">Para cualquier consulta puede comunicarse a:<\/p><ul><li><strong>Guardia: (03583) 480000 \u2013 488888<\/strong><\/li><li><strong>Correo Electr\u00f3nico: ceyalcoop@ceyalcoop.com.ar<\/strong><\/li><\/ul>\t\t\t\t\t\t\t\t<\/div>\n\t\t\t\t<\/div>\n\t\t\t\t\t<\/div>\n\t\t<\/div>\n\t\t\t\t\t<\/div>\n\t\t<\/section>\n\t\t\t\t<\/div>\n\t\t","protected":false},"excerpt":{"rendered":"<p>Banco de Sangre. Comienzo de Prestaci\u00f3n: 1 de Marzo de 2009. Cantidad de Grupos Familiares Adheridos: 1800 Se encuentra incluido en los grupos del Servicio de Traslado Social que hayan presentado la Declaraci\u00f3n Jurada familiar. Gracias al convenio firmado entre Fecescor y la Fundaci\u00f3n Banco de Sangre de la provincia de C\u00f3rdoba, CEYAL les ofrece [&hellip;]<\/p>\n","protected":false},"author":3,"featured_media":0,"parent":0,"menu_order":0,"comment_status":"closed","ping_status":"closed","template":"","meta":{"footnotes":""},"class_list":["post-583","page","type-page","status-publish","hentry"],"_links":{"self":[{"href":"https:\/\/ceyalcoop.com\/index.php\/wp-json\/wp\/v2\/pages\/583","targetHints":{"allow":["GET"]}}],"collection":[{"href":"https:\/\/ceyalcoop.com\/index.php\/wp-json\/wp\/v2\/pages"}],"about":[{"href":"https:\/\/ceyalcoop.com\/index.php\/wp-json\/wp\/v2\/types\/page"}],"author":[{"embeddable":true,"href":"https:\/\/ceyalcoop.com\/index.php\/wp-json\/wp\/v2\/users\/3"}],"replies":[{"embeddable":true,"href":"https:\/\/ceyalcoop.com\/index.php\/wp-json\/wp\/v2\/comments?post=583"}],"version-history":[{"count":42,"href":"https:\/\/ceyalcoop.com\/index.php\/wp-json\/wp\/v2\/pages\/583\/revisions"}],"predecessor-version":[{"id":6280,"href":"https:\/\/ceyalcoop.com\/index.php\/wp-json\/wp\/v2\/pages\/583\/revisions\/6280"}],"wp:attachment":[{"href":"https:\/\/ceyalcoop.com\/index.php\/wp-json\/wp\/v2\/media?parent=583"}],"curies":[{"name":"wp","href":"https:\/\/api.w.org\/{rel}","templated":true}]}}