{"id":606,"date":"2022-02-21T16:11:28","date_gmt":"2022-02-21T16:11:28","guid":{"rendered":"http:\/\/ceyalcoop.com\/?page_id=606"},"modified":"2026-01-30T16:02:38","modified_gmt":"2026-01-30T16:02:38","slug":"agua-corriente","status":"publish","type":"page","link":"https:\/\/ceyalcoop.com\/index.php\/agua-corriente\/","title":{"rendered":"AGUA CORRIENTE"},"content":{"rendered":"\t\t<div data-elementor-type=\"wp-page\" data-elementor-id=\"606\" class=\"elementor elementor-606\" data-elementor-post-type=\"page\">\n\t\t\t\t\t\t<section class=\"elementor-section elementor-top-section elementor-element elementor-element-bf96ffe elementor-section-boxed elementor-section-height-default elementor-section-height-default\" data-id=\"bf96ffe\" data-element_type=\"section\" data-e-type=\"section\">\n\t\t\t\t\t\t<div class=\"elementor-container elementor-column-gap-default\">\n\t\t\t\t\t<div class=\"elementor-column elementor-col-100 elementor-top-column elementor-element elementor-element-5916301\" data-id=\"5916301\" data-element_type=\"column\" data-e-type=\"column\">\n\t\t\t<div class=\"elementor-widget-wrap elementor-element-populated\">\n\t\t\t\t\t\t<div class=\"elementor-element elementor-element-d2722a6 elementor-widget elementor-widget-heading\" data-id=\"d2722a6\" data-element_type=\"widget\" data-e-type=\"widget\" data-widget_type=\"heading.default\">\n\t\t\t\t<div class=\"elementor-widget-container\">\n\t\t\t\t\t<h2 class=\"elementor-heading-title elementor-size-default\">Tr\u00e1mites y requisitos.<\/h2>\t\t\t\t<\/div>\n\t\t\t\t<\/div>\n\t\t\t\t<div class=\"elementor-element elementor-element-f33dfee elementor-widget elementor-widget-image\" data-id=\"f33dfee\" data-element_type=\"widget\" data-e-type=\"widget\" data-widget_type=\"image.default\">\n\t\t\t\t<div class=\"elementor-widget-container\">\n\t\t\t\t\t\t\t\t\t\t\t\t\t\t\t<img fetchpriority=\"high\" decoding=\"async\" width=\"695\" height=\"1024\" src=\"https:\/\/ceyalcoop.com\/wp-content\/uploads\/2022\/02\/Folleto-de-Servicios-Agua-1-695x1024.jpg\" class=\"attachment-large size-large wp-image-619\" alt=\"\" srcset=\"https:\/\/ceyalcoop.com\/wp-content\/uploads\/2022\/02\/Folleto-de-Servicios-Agua-1-695x1024.jpg 695w, https:\/\/ceyalcoop.com\/wp-content\/uploads\/2022\/02\/Folleto-de-Servicios-Agua-1-204x300.jpg 204w, https:\/\/ceyalcoop.com\/wp-content\/uploads\/2022\/02\/Folleto-de-Servicios-Agua-1.jpg 733w\" sizes=\"(max-width: 695px) 100vw, 695px\" \/>\t\t\t\t\t\t\t\t\t\t\t\t\t\t\t<\/div>\n\t\t\t\t<\/div>\n\t\t\t\t<div class=\"elementor-element elementor-element-5d0ddb4 elementor-widget elementor-widget-heading\" data-id=\"5d0ddb4\" data-element_type=\"widget\" data-e-type=\"widget\" data-widget_type=\"heading.default\">\n\t\t\t\t<div class=\"elementor-widget-container\">\n\t\t\t\t\t<h2 class=\"elementor-heading-title elementor-size-default\">Tarifas.<\/h2>\t\t\t\t<\/div>\n\t\t\t\t<\/div>\n\t\t\t\t\t<\/div>\n\t\t<\/div>\n\t\t\t\t\t<\/div>\n\t\t<\/section>\n\t\t\t\t<section class=\"elementor-section elementor-top-section elementor-element elementor-element-9687d55 elementor-section-boxed elementor-section-height-default elementor-section-height-default\" data-id=\"9687d55\" data-element_type=\"section\" data-e-type=\"section\">\n\t\t\t\t\t\t<div class=\"elementor-container elementor-column-gap-default\">\n\t\t\t\t\t<div class=\"elementor-column elementor-col-100 elementor-top-column elementor-element elementor-element-605ea54\" data-id=\"605ea54\" data-element_type=\"column\" data-e-type=\"column\">\n\t\t\t<div class=\"elementor-widget-wrap elementor-element-populated\">\n\t\t\t\t\t\t<div class=\"elementor-element elementor-element-9c9e68d elementor-widget elementor-widget-text-editor\" data-id=\"9c9e68d\" data-element_type=\"widget\" data-e-type=\"widget\" data-widget_type=\"text-editor.default\">\n\t\t\t\t<div class=\"elementor-widget-container\">\n\t\t\t\t\t\t\t\t\t<p>El costo de la red estar\u00e1 determinado en cada inmueble por:<\/p><ul><li>Metros de frente que posea la vivienda<\/li><li>Base imponible<\/li><li>Superficie del terreno<\/li><\/ul><p><span lang=\"ES-AR\">El m\u00ednimo de consumo mensual es de 8 m3 de agua de uso higi\u00e9nico y cada conexi\u00f3n dispone de 50 litros diarios sin cargo por d\u00eda de agua potable.<\/span><\/p><p><span lang=\"ES-AR\">\u00a0<\/span><\/p><p><strong>CUADRO TARIFARIO VIGENTE<\/strong><\/p><p><strong><span style=\"text-decoration: underline;\">Tarifa de Agua Corriente<\/span> Ordenanza 1202-2020<\/strong><\/p><p>Reconexi\u00f3n $4000<\/p><p>Traslado $10000<\/p><p><strong>Consumos de 0 a 8 m3 = $194.70 el m3<\/strong><\/p><p><strong>Consumos de 8 a 15 m3 = $295 el m3<\/strong><\/p><p><strong>Consumos de 15 a 30 m3 = $460.20 el m3<\/strong><\/p><p><strong>Consumos de \u00a0mas de 30 m3 = $637.20 el m3<\/strong><\/p><p>Conjuntamente con este servicio se factura el servicio de cloacas.<\/p><p><span style=\"text-decoration: underline;\"><strong>Tarifa de Cloacas.<\/strong><\/span><\/p><p><strong>Cargo Fijo:<\/strong><\/p><p><strong>Conectados $360<\/strong><\/p><p><strong>Desconectados $1500<\/strong><\/p><p><strong>Consumos de 0 a 8 m3 = $13.00 el m3<\/strong><\/p><p><strong>Consumos de 8 a 15 m3 = $24.00 el m3<\/strong><\/p><p><strong>Consumos de 15 a 30 m3 = $31.00 el m3<\/strong><\/p><p><strong>Consumos de \u00a0mas de 30 m3 = $39.00 el m3<\/strong><\/p><p>Los valores de dicho servicio se encuentran detallados en el servicio de Cloacas , sector tarifas dentro de la p\u00e1gina.<\/p>\t\t\t\t\t\t\t\t<\/div>\n\t\t\t\t<\/div>\n\t\t\t\t\t<\/div>\n\t\t<\/div>\n\t\t\t\t\t<\/div>\n\t\t<\/section>\n\t\t\t\t<section class=\"elementor-section elementor-top-section elementor-element elementor-element-bb5e4c3 elementor-section-boxed elementor-section-height-default elementor-section-height-default\" data-id=\"bb5e4c3\" data-element_type=\"section\" data-e-type=\"section\">\n\t\t\t\t\t\t<div class=\"elementor-container elementor-column-gap-default\">\n\t\t\t\t\t<div class=\"elementor-column elementor-col-100 elementor-top-column elementor-element elementor-element-3d51d04\" data-id=\"3d51d04\" data-element_type=\"column\" data-e-type=\"column\">\n\t\t\t<div class=\"elementor-widget-wrap elementor-element-populated\">\n\t\t\t\t\t\t<div class=\"elementor-element elementor-element-5927207 elementor-widget elementor-widget-heading\" data-id=\"5927207\" data-element_type=\"widget\" data-e-type=\"widget\" data-widget_type=\"heading.default\">\n\t\t\t\t<div class=\"elementor-widget-container\">\n\t\t\t\t\t<h2 class=\"elementor-heading-title elementor-size-default\">An\u00e1lisis y Control.<\/h2>\t\t\t\t<\/div>\n\t\t\t\t<\/div>\n\t\t\t\t\t<\/div>\n\t\t<\/div>\n\t\t\t\t\t<\/div>\n\t\t<\/section>\n\t\t\t\t<section class=\"elementor-section elementor-top-section elementor-element elementor-element-525fbe6 elementor-section-boxed elementor-section-height-default elementor-section-height-default\" data-id=\"525fbe6\" data-element_type=\"section\" data-e-type=\"section\">\n\t\t\t\t\t\t<div class=\"elementor-container elementor-column-gap-default\">\n\t\t\t\t\t<div class=\"elementor-column elementor-col-100 elementor-top-column elementor-element elementor-element-60e97c1\" data-id=\"60e97c1\" data-element_type=\"column\" data-e-type=\"column\">\n\t\t\t<div class=\"elementor-widget-wrap elementor-element-populated\">\n\t\t\t\t\t\t<div class=\"elementor-element elementor-element-91fa214 elementor-widget elementor-widget-text-editor\" data-id=\"91fa214\" data-element_type=\"widget\" data-e-type=\"widget\" data-widget_type=\"text-editor.default\">\n\t\t\t\t<div class=\"elementor-widget-container\">\n\t\t\t\t\t\t\t\t\t<p><strong>Procedimiento para obtenci\u00f3n de muestras:<\/strong><\/p><p>Las muestras se toman en forma conjunta con el Departamento de Bromatolog\u00eda Municipal, con recipientes esterilizados y con las precauciones que dictan las reglamentaciones. Una vez extra\u00eddas se labra un acta y se lacran las mismas para su env\u00edo en las condiciones de transporte adecuadas.<\/p><p><strong>Periodicidad:<\/strong><\/p><p><strong>Mensualmente:<\/strong> An\u00e1lisis bacteriol\u00f3gicos y f\u00edsico \u2013 qu\u00edmicos de Agua Potable y de Uso Higi\u00e9nico en el Cequimap (Laboratorio de la Facultad de Ciencias Qu\u00edmicas de la ciudad de C\u00f3rdoba) con muestras tomadas en la salida de cisterna de la planta potabilizadora<\/p><p><strong>Mensualmente:<\/strong> An\u00e1lisis Bacteriol\u00f3gico de Agua Potable y de Uso Higi\u00e9nico en distintos puntos de la red.<\/p><p><strong>Semestralmente:<\/strong> An\u00e1lisis f\u00edsico \u2013 qu\u00edmico en las bombas de extracci\u00f3n de Agua Potable.<\/p><p><strong>Resultados:<\/strong>\u00a0A disposici\u00f3n de los usuarios en oficina de bromatolog\u00eda municipal, y en oficina administrativa de Ceyal.<\/p>\t\t\t\t\t\t\t\t<\/div>\n\t\t\t\t<\/div>\n\t\t\t\t\t<\/div>\n\t\t<\/div>\n\t\t\t\t\t<\/div>\n\t\t<\/section>\n\t\t\t\t<section class=\"elementor-section elementor-top-section elementor-element elementor-element-5328dab elementor-section-boxed elementor-section-height-default elementor-section-height-default\" data-id=\"5328dab\" data-element_type=\"section\" data-e-type=\"section\">\n\t\t\t\t\t\t<div class=\"elementor-container elementor-column-gap-default\">\n\t\t\t\t\t<div class=\"elementor-column elementor-col-50 elementor-top-column elementor-element elementor-element-7a85f25\" data-id=\"7a85f25\" data-element_type=\"column\" data-e-type=\"column\">\n\t\t\t<div class=\"elementor-widget-wrap elementor-element-populated\">\n\t\t\t\t\t\t<div class=\"elementor-element elementor-element-040d576 elementor-widget elementor-widget-image\" data-id=\"040d576\" data-element_type=\"widget\" data-e-type=\"widget\" data-widget_type=\"image.default\">\n\t\t\t\t<div class=\"elementor-widget-container\">\n\t\t\t\t\t\t\t\t\t\t\t\t\t\t\t\t<a href=\"http:\/\/ceyalcoop.com\/wp-content\/uploads\/2025\/12\/Potable_1.jpg\" data-elementor-open-lightbox=\"yes\" data-elementor-lightbox-title=\"Potable_1\" data-e-action-hash=\"#elementor-action%3Aaction%3Dlightbox%26settings%3DeyJpZCI6NjU2NywidXJsIjoiaHR0cHM6XC9cL2NleWFsY29vcC5jb21cL3dwLWNvbnRlbnRcL3VwbG9hZHNcLzIwMjVcLzEyXC9Qb3RhYmxlXzEuanBnIn0%3D\">\n\t\t\t\t\t\t\t<img decoding=\"async\" width=\"725\" height=\"1024\" data-src=\"https:\/\/ceyalcoop.com\/wp-content\/uploads\/2025\/12\/Potable_1-725x1024.jpg\" class=\"attachment-large size-large wp-image-6567 lazyload\" alt=\"\" data-srcset=\"https:\/\/ceyalcoop.com\/wp-content\/uploads\/2025\/12\/Potable_1-725x1024.jpg 725w, https:\/\/ceyalcoop.com\/wp-content\/uploads\/2025\/12\/Potable_1-212x300.jpg 212w, https:\/\/ceyalcoop.com\/wp-content\/uploads\/2025\/12\/Potable_1-768x1085.jpg 768w, https:\/\/ceyalcoop.com\/wp-content\/uploads\/2025\/12\/Potable_1-1087x1536.jpg 1087w, https:\/\/ceyalcoop.com\/wp-content\/uploads\/2025\/12\/Potable_1-1449x2048.jpg 1449w, https:\/\/ceyalcoop.com\/wp-content\/uploads\/2025\/12\/Potable_1.jpg 1653w\" data-sizes=\"(max-width: 725px) 100vw, 725px\" src=\"data:image\/svg+xml;base64,PHN2ZyB3aWR0aD0iMSIgaGVpZ2h0PSIxIiB4bWxucz0iaHR0cDovL3d3dy53My5vcmcvMjAwMC9zdmciPjwvc3ZnPg==\" style=\"--smush-placeholder-width: 725px; --smush-placeholder-aspect-ratio: 725\/1024;\" \/>\t\t\t\t\t\t\t\t<\/a>\n\t\t\t\t\t\t\t\t\t\t\t\t\t\t\t<\/div>\n\t\t\t\t<\/div>\n\t\t\t\t\t<\/div>\n\t\t<\/div>\n\t\t\t\t<div class=\"elementor-column elementor-col-50 elementor-top-column elementor-element elementor-element-a851813\" data-id=\"a851813\" data-element_type=\"column\" data-e-type=\"column\">\n\t\t\t<div class=\"elementor-widget-wrap elementor-element-populated\">\n\t\t\t\t\t\t<div class=\"elementor-element elementor-element-813b4a7 elementor-widget elementor-widget-image\" data-id=\"813b4a7\" data-element_type=\"widget\" data-e-type=\"widget\" data-widget_type=\"image.default\">\n\t\t\t\t<div class=\"elementor-widget-container\">\n\t\t\t\t\t\t\t\t\t\t\t\t\t\t\t\t<a href=\"http:\/\/ceyalcoop.com\/wp-content\/uploads\/2025\/12\/Potable-2.jpg\" data-elementor-open-lightbox=\"yes\" data-elementor-lightbox-title=\"Potable-2\" data-e-action-hash=\"#elementor-action%3Aaction%3Dlightbox%26settings%3DeyJpZCI6NjU2OCwidXJsIjoiaHR0cHM6XC9cL2NleWFsY29vcC5jb21cL3dwLWNvbnRlbnRcL3VwbG9hZHNcLzIwMjVcLzEyXC9Qb3RhYmxlLTIuanBnIn0%3D\">\n\t\t\t\t\t\t\t<img decoding=\"async\" width=\"791\" height=\"1024\" data-src=\"https:\/\/ceyalcoop.com\/wp-content\/uploads\/2025\/12\/Potable-2-791x1024.jpg\" class=\"attachment-large size-large wp-image-6568 lazyload\" alt=\"\" data-srcset=\"https:\/\/ceyalcoop.com\/wp-content\/uploads\/2025\/12\/Potable-2-791x1024.jpg 791w, https:\/\/ceyalcoop.com\/wp-content\/uploads\/2025\/12\/Potable-2-232x300.jpg 232w, https:\/\/ceyalcoop.com\/wp-content\/uploads\/2025\/12\/Potable-2-768x994.jpg 768w, https:\/\/ceyalcoop.com\/wp-content\/uploads\/2025\/12\/Potable-2-1187x1536.jpg 1187w, https:\/\/ceyalcoop.com\/wp-content\/uploads\/2025\/12\/Potable-2-1583x2048.jpg 1583w, https:\/\/ceyalcoop.com\/wp-content\/uploads\/2025\/12\/Potable-2.jpg 1700w\" data-sizes=\"(max-width: 791px) 100vw, 791px\" src=\"data:image\/svg+xml;base64,PHN2ZyB3aWR0aD0iMSIgaGVpZ2h0PSIxIiB4bWxucz0iaHR0cDovL3d3dy53My5vcmcvMjAwMC9zdmciPjwvc3ZnPg==\" style=\"--smush-placeholder-width: 791px; --smush-placeholder-aspect-ratio: 791\/1024;\" \/>\t\t\t\t\t\t\t\t<\/a>\n\t\t\t\t\t\t\t\t\t\t\t\t\t\t\t<\/div>\n\t\t\t\t<\/div>\n\t\t\t\t\t<\/div>\n\t\t<\/div>\n\t\t\t\t\t<\/div>\n\t\t<\/section>\n\t\t\t\t<\/div>\n\t\t","protected":false},"excerpt":{"rendered":"<p>Tr\u00e1mites y requisitos. Tarifas. El costo de la red estar\u00e1 determinado en cada inmueble por: Metros de frente que posea la vivienda Base imponible Superficie del terreno El m\u00ednimo de consumo mensual es de 8 m3 de agua de uso higi\u00e9nico y cada conexi\u00f3n dispone de 50 litros diarios sin cargo por d\u00eda de agua [&hellip;]<\/p>\n","protected":false},"author":4,"featured_media":0,"parent":0,"menu_order":0,"comment_status":"closed","ping_status":"closed","template":"","meta":{"footnotes":""},"class_list":["post-606","page","type-page","status-publish","hentry"],"_links":{"self":[{"href":"https:\/\/ceyalcoop.com\/index.php\/wp-json\/wp\/v2\/pages\/606","targetHints":{"allow":["GET"]}}],"collection":[{"href":"https:\/\/ceyalcoop.com\/index.php\/wp-json\/wp\/v2\/pages"}],"about":[{"href":"https:\/\/ceyalcoop.com\/index.php\/wp-json\/wp\/v2\/types\/page"}],"author":[{"embeddable":true,"href":"https:\/\/ceyalcoop.com\/index.php\/wp-json\/wp\/v2\/users\/4"}],"replies":[{"embeddable":true,"href":"https:\/\/ceyalcoop.com\/index.php\/wp-json\/wp\/v2\/comments?post=606"}],"version-history":[{"count":52,"href":"https:\/\/ceyalcoop.com\/index.php\/wp-json\/wp\/v2\/pages\/606\/revisions"}],"predecessor-version":[{"id":6649,"href":"https:\/\/ceyalcoop.com\/index.php\/wp-json\/wp\/v2\/pages\/606\/revisions\/6649"}],"wp:attachment":[{"href":"https:\/\/ceyalcoop.com\/index.php\/wp-json\/wp\/v2\/media?parent=606"}],"curies":[{"name":"wp","href":"https:\/\/api.w.org\/{rel}","templated":true}]}}