{"id":6829,"date":"2026-04-06T18:45:16","date_gmt":"2026-04-06T18:45:16","guid":{"rendered":"https:\/\/ceyalcoop.com\/?page_id=6829"},"modified":"2026-04-06T19:26:42","modified_gmt":"2026-04-06T19:26:42","slug":"elementor-page-6829","status":"publish","type":"page","link":"https:\/\/ceyalcoop.com\/index.php\/elementor-page-6829\/","title":{"rendered":"Elementor Page #6829"},"content":{"rendered":"\t\t<div data-elementor-type=\"wp-page\" data-elementor-id=\"6829\" class=\"elementor elementor-6829\" data-elementor-post-type=\"page\">\n\t\t\t\t<div class=\"elementor-element elementor-element-445cc29 e-flex e-con-boxed e-con e-parent\" data-id=\"445cc29\" data-element_type=\"container\" data-e-type=\"container\">\n\t\t\t\t\t<div class=\"e-con-inner\">\n\t\t\t\t<div class=\"elementor-element elementor-element-68184a6 elementor-widget elementor-widget-heading\" data-id=\"68184a6\" data-element_type=\"widget\" data-e-type=\"widget\" data-widget_type=\"heading.default\">\n\t\t\t\t<div class=\"elementor-widget-container\">\n\t\t\t\t\t<h2 class=\"elementor-heading-title elementor-size-default\">Arranca la votaci\u00f3n del proyecto: Hogar Para la Tercera Edad.<\/h2>\t\t\t\t<\/div>\n\t\t\t\t<\/div>\n\t\t\t\t\t<\/div>\n\t\t\t\t<\/div>\n\t\t<div class=\"elementor-element elementor-element-d5ae5cf e-flex e-con-boxed e-con e-parent\" data-id=\"d5ae5cf\" data-element_type=\"container\" data-e-type=\"container\">\n\t\t\t\t\t<div class=\"e-con-inner\">\n\t\t\t\t<div class=\"elementor-element elementor-element-db1e997 elementor-widget elementor-widget-text-editor\" data-id=\"db1e997\" data-element_type=\"widget\" data-e-type=\"widget\" data-widget_type=\"text-editor.default\">\n\t\t\t\t<div class=\"elementor-widget-container\">\n\t\t\t\t\t\t\t\t\t<p data-start=\"61\" data-end=\"365\">Desde nuestra cooperativa, nos complace anunciar que avanza el desarrollo del Hogar para la Tercera Edad. En este marco, la Regional 4 del Colegio de Arquitectos organiza el Concurso Regional de Anteproyectos para el nuevo Hogar para la Tercera Edad Cooperativa Ceyal, utilizando su sistema de concursos.<\/p><p data-start=\"367\" data-end=\"635\">El proceso, el llamado a convocatoria y la votaci\u00f3n se llevan a cabo junto con el Colegio de Arquitectos de R\u00edo Cuarto, con la participaci\u00f3n de tres arquitectos que lo integran y de los representantes designados del Consejo Ceyal, Francisco Echecolanea y Rub\u00e9n Garc\u00eda.<\/p><p data-start=\"637\" data-end=\"925\">La convocatoria abri\u00f3 el 3 de febrero de 2026, con inscripciones hasta el 25 de marzo y presentaci\u00f3n de trabajos hasta el 26 de marzo. En total, se postularon 23 proyectos, en los que participaron m\u00e1s de 51 profesionales que desarrollaron propuestas con un fuerte enfoque en la comunidad.<\/p><p data-start=\"927\" data-end=\"1152\">A partir del 6 de abril se llevar\u00e1 a cabo la votaci\u00f3n para elegir los proyectos ganadores, cuyo fallo ser\u00e1 anunciado el 10 de abril de 2026, incluyendo el primer, segundo y tercer puesto, junto con sus distinciones y premios.<\/p><p data-start=\"1154\" data-end=\"1345\">Los premios establecidos son:<br \/>\u2022 1er Premio: u$d 9.000 (d\u00f3lares nueve mil).<br data-start=\"1228\" data-end=\"1231\" \/>\u2022 2do Premio: u$d 4.000 (d\u00f3lares cuatro mil).<br data-start=\"1276\" data-end=\"1279\" \/>\u2022 Menciones honor\u00edficas en orden de m\u00e9rito, a criterio del jurado.<\/p><p data-start=\"1347\" data-end=\"1437\">Estamos orgullosos y felices por el alt\u00edsimo nivel y calidad de los proyectos presentados. Comenzaremos la construcci\u00f3n este 2026.<\/p><p data-start=\"1439\" data-end=\"1501\">Avanzamos con el cooperativismo como pilar de nuestra labor.<\/p><p data-start=\"1503\" data-end=\"1525\">Ceyal, tu cooperativa.<\/p>\t\t\t\t\t\t\t\t<\/div>\n\t\t\t\t<\/div>\n\t\t\t\t\t<\/div>\n\t\t\t\t<\/div>\n\t\t\t\t<\/div>\n\t\t","protected":false},"excerpt":{"rendered":"<p>Arranca la votaci\u00f3n del proyecto: Hogar Para la Tercera Edad. Desde nuestra cooperativa, nos complace anunciar que avanza el desarrollo del Hogar para la Tercera Edad. En este marco, la Regional 4 del Colegio de Arquitectos organiza el Concurso Regional de Anteproyectos para el nuevo Hogar para la Tercera Edad Cooperativa Ceyal, utilizando su sistema [&hellip;]<\/p>\n","protected":false},"author":3,"featured_media":0,"parent":0,"menu_order":0,"comment_status":"closed","ping_status":"closed","template":"","meta":{"footnotes":""},"class_list":["post-6829","page","type-page","status-publish","hentry"],"_links":{"self":[{"href":"https:\/\/ceyalcoop.com\/index.php\/wp-json\/wp\/v2\/pages\/6829","targetHints":{"allow":["GET"]}}],"collection":[{"href":"https:\/\/ceyalcoop.com\/index.php\/wp-json\/wp\/v2\/pages"}],"about":[{"href":"https:\/\/ceyalcoop.com\/index.php\/wp-json\/wp\/v2\/types\/page"}],"author":[{"embeddable":true,"href":"https:\/\/ceyalcoop.com\/index.php\/wp-json\/wp\/v2\/users\/3"}],"replies":[{"embeddable":true,"href":"https:\/\/ceyalcoop.com\/index.php\/wp-json\/wp\/v2\/comments?post=6829"}],"version-history":[{"count":7,"href":"https:\/\/ceyalcoop.com\/index.php\/wp-json\/wp\/v2\/pages\/6829\/revisions"}],"predecessor-version":[{"id":6844,"href":"https:\/\/ceyalcoop.com\/index.php\/wp-json\/wp\/v2\/pages\/6829\/revisions\/6844"}],"wp:attachment":[{"href":"https:\/\/ceyalcoop.com\/index.php\/wp-json\/wp\/v2\/media?parent=6829"}],"curies":[{"name":"wp","href":"https:\/\/api.w.org\/{rel}","templated":true}]}}