{"id":6864,"date":"2026-04-07T19:53:50","date_gmt":"2026-04-07T19:53:50","guid":{"rendered":"https:\/\/ceyalcoop.com\/?page_id=6864"},"modified":"2026-04-07T22:31:09","modified_gmt":"2026-04-07T22:31:09","slug":"elementor-page-6864","status":"publish","type":"page","link":"https:\/\/ceyalcoop.com\/index.php\/elementor-page-6864\/","title":{"rendered":"Elementor Page #6864"},"content":{"rendered":"\t\t<div data-elementor-type=\"wp-page\" data-elementor-id=\"6864\" class=\"elementor elementor-6864\" data-elementor-post-type=\"page\">\n\t\t\t\t<div class=\"elementor-element elementor-element-2f8da64 e-flex e-con-boxed e-con e-parent\" data-id=\"2f8da64\" data-element_type=\"container\" data-e-type=\"container\">\n\t\t\t\t\t<div class=\"e-con-inner\">\n\t\t\t\t<div class=\"elementor-element elementor-element-1929c27 elementor-widget elementor-widget-heading\" data-id=\"1929c27\" data-element_type=\"widget\" data-e-type=\"widget\" data-widget_type=\"heading.default\">\n\t\t\t\t<div class=\"elementor-widget-container\">\n\t\t\t\t\t<h2 class=\"elementor-heading-title elementor-size-default\">Todo en tus manos con CoopOnline<\/h2>\t\t\t\t<\/div>\n\t\t\t\t<\/div>\n\t\t\t\t\t<\/div>\n\t\t\t\t<\/div>\n\t\t<div class=\"elementor-element elementor-element-91087d0 e-flex e-con-boxed e-con e-parent\" data-id=\"91087d0\" data-element_type=\"container\" data-e-type=\"container\">\n\t\t\t\t\t<div class=\"e-con-inner\">\n\t\t\t\t<div class=\"elementor-element elementor-element-abf8174 elementor-widget elementor-widget-text-editor\" data-id=\"abf8174\" data-element_type=\"widget\" data-e-type=\"widget\" data-widget_type=\"text-editor.default\">\n\t\t\t\t<div class=\"elementor-widget-container\">\n\t\t\t\t\t\t\t\t\t<p data-start=\"61\" data-end=\"249\">La aplicaci\u00f3n <strong data-start=\"75\" data-end=\"116\"><span class=\"hover:entity-accent entity-underline inline cursor-pointer align-baseline\"><span class=\"whitespace-normal\">CoopOnline<\/span><\/span><\/strong> es una herramienta pensada para brindarte mayor comodidad y facilitar la gesti\u00f3n de tus servicios de manera simple, r\u00e1pida y segura.<\/p><p data-start=\"251\" data-end=\"399\">A trav\u00e9s de CoopOnline, pod\u00e9s acceder a tus servicios en cualquier momento y desde cualquier lugar, sin necesidad de realizar tr\u00e1mites presenciales.<\/p><p data-start=\"401\" data-end=\"426\"><strong data-start=\"401\" data-end=\"426\">Con CoopOnline pod\u00e9s:<\/strong><\/p><ol data-start=\"428\" data-end=\"1212\"><li data-section-id=\"bj1j98\" data-start=\"428\" data-end=\"571\"><strong data-start=\"431\" data-end=\"480\">Consultar todas tus facturas en un solo lugar<\/strong><br data-start=\"480\" data-end=\"483\" \/>Acced\u00e9 a tu historial de facturaci\u00f3n de forma ordenada, sin necesidad de utilizar papel.<\/li><li data-section-id=\"rtb7b\" data-start=\"573\" data-end=\"685\"><strong data-start=\"576\" data-end=\"614\">Realizar pagos desde la aplicaci\u00f3n<\/strong><br data-start=\"614\" data-end=\"617\" \/>Abon\u00e1 tus servicios de manera r\u00e1pida y segura, sin salir de tu casa.<\/li><li data-section-id=\"1ikazp3\" data-start=\"687\" data-end=\"797\"><strong data-start=\"690\" data-end=\"736\">Pagar con billeteras virtuales mediante QR<\/strong><br data-start=\"736\" data-end=\"739\" \/>Escane\u00e1 el c\u00f3digo QR y complet\u00e1 el pago en pocos segundos.<\/li><li data-section-id=\"qij6eo\" data-start=\"799\" data-end=\"896\"><strong data-start=\"802\" data-end=\"834\">Adherirte al d\u00e9bito bancario<\/strong><br data-start=\"834\" data-end=\"837\" \/>Automatiz\u00e1 tus pagos y evit\u00e1 olvidarte de los vencimientos.<\/li><li data-section-id=\"1319n3s\" data-start=\"898\" data-end=\"999\"><strong data-start=\"901\" data-end=\"934\">Consultar tu estado de cuenta<\/strong><br data-start=\"934\" data-end=\"937\" \/>Revis\u00e1 de forma clara tu situaci\u00f3n y manten\u00e9 tus pagos al d\u00eda.<\/li><li data-section-id=\"9c0ywi\" data-start=\"1001\" data-end=\"1105\"><strong data-start=\"1004\" data-end=\"1041\">Descargar facturas y comprobantes<\/strong><br data-start=\"1041\" data-end=\"1044\" \/>Guard\u00e1 tu documentaci\u00f3n cuando la necesites, de forma simple.<\/li><li data-section-id=\"ap6jj4\" data-start=\"1107\" data-end=\"1212\"><strong data-start=\"1110\" data-end=\"1139\">Realizar gestiones online<\/strong><br data-start=\"1139\" data-end=\"1142\" \/>Evit\u00e1 traslados y resolv\u00e9 tus consultas de manera r\u00e1pida desde la app.<\/li><\/ol><p data-start=\"1214\" data-end=\"1412\">Adem\u00e1s, pod\u00e9s ingresar a CoopOnline <strong data-start=\"1250\" data-end=\"1282\">desde la p\u00e1gina web de CEYAL<\/strong>, lo que te permite gestionar tus servicios tanto desde tu celular como desde una computadora, con acceso disponible las 24 horas.<\/p><p data-start=\"1414\" data-end=\"1585\">De esta manera, CoopOnline es la soluci\u00f3n integral que simplifica tus gestiones y te permite administrar tus servicios de forma m\u00e1s c\u00f3moda, \u00e1gil y eficiente.<\/p><p data-start=\"1414\" data-end=\"1585\">Desc\u00e1rgala de tu tienda de apps en tu celular.<\/p>\t\t\t\t\t\t\t\t<\/div>\n\t\t\t\t<\/div>\n\t\t\t\t\t<\/div>\n\t\t\t\t<\/div>\n\t\t<div class=\"elementor-element elementor-element-5a8e860 e-flex e-con-boxed e-con e-parent\" data-id=\"5a8e860\" data-element_type=\"container\" data-e-type=\"container\">\n\t\t\t\t\t<div class=\"e-con-inner\">\n\t\t\t\t<div class=\"elementor-element elementor-element-0484fda elementor-widget elementor-widget-image\" data-id=\"0484fda\" data-element_type=\"widget\" data-e-type=\"widget\" data-widget_type=\"image.default\">\n\t\t\t\t<div class=\"elementor-widget-container\">\n\t\t\t\t\t\t\t\t\t\t\t\t\t\t\t<img decoding=\"async\" width=\"162\" height=\"300\" data-src=\"https:\/\/ceyalcoop.com\/wp-content\/uploads\/2026\/04\/Screenshot_20260407_085210_Chrome-162x300.jpg\" class=\"attachment-medium size-medium wp-image-6866 lazyload\" alt=\"\" data-srcset=\"https:\/\/ceyalcoop.com\/wp-content\/uploads\/2026\/04\/Screenshot_20260407_085210_Chrome-162x300.jpg 162w, https:\/\/ceyalcoop.com\/wp-content\/uploads\/2026\/04\/Screenshot_20260407_085210_Chrome-553x1024.jpg 553w, https:\/\/ceyalcoop.com\/wp-content\/uploads\/2026\/04\/Screenshot_20260407_085210_Chrome-768x1422.jpg 768w, https:\/\/ceyalcoop.com\/wp-content\/uploads\/2026\/04\/Screenshot_20260407_085210_Chrome-829x1536.jpg 829w, https:\/\/ceyalcoop.com\/wp-content\/uploads\/2026\/04\/Screenshot_20260407_085210_Chrome.jpg 1080w\" data-sizes=\"(max-width: 162px) 100vw, 162px\" src=\"data:image\/svg+xml;base64,PHN2ZyB3aWR0aD0iMSIgaGVpZ2h0PSIxIiB4bWxucz0iaHR0cDovL3d3dy53My5vcmcvMjAwMC9zdmciPjwvc3ZnPg==\" style=\"--smush-placeholder-width: 162px; --smush-placeholder-aspect-ratio: 162\/300;\" \/>\t\t\t\t\t\t\t\t\t\t\t\t\t\t\t<\/div>\n\t\t\t\t<\/div>\n\t\t\t\t\t<\/div>\n\t\t\t\t<\/div>\n\t\t\t\t<\/div>\n\t\t","protected":false},"excerpt":{"rendered":"<p>Todo en tus manos con CoopOnline La aplicaci\u00f3n CoopOnline es una herramienta pensada para brindarte mayor comodidad y facilitar la gesti\u00f3n de tus servicios de manera simple, r\u00e1pida y segura. A trav\u00e9s de CoopOnline, pod\u00e9s acceder a tus servicios en cualquier momento y desde cualquier lugar, sin necesidad de realizar tr\u00e1mites presenciales. Con CoopOnline pod\u00e9s: [&hellip;]<\/p>\n","protected":false},"author":3,"featured_media":0,"parent":0,"menu_order":0,"comment_status":"closed","ping_status":"closed","template":"","meta":{"footnotes":""},"class_list":["post-6864","page","type-page","status-publish","hentry"],"_links":{"self":[{"href":"https:\/\/ceyalcoop.com\/index.php\/wp-json\/wp\/v2\/pages\/6864","targetHints":{"allow":["GET"]}}],"collection":[{"href":"https:\/\/ceyalcoop.com\/index.php\/wp-json\/wp\/v2\/pages"}],"about":[{"href":"https:\/\/ceyalcoop.com\/index.php\/wp-json\/wp\/v2\/types\/page"}],"author":[{"embeddable":true,"href":"https:\/\/ceyalcoop.com\/index.php\/wp-json\/wp\/v2\/users\/3"}],"replies":[{"embeddable":true,"href":"https:\/\/ceyalcoop.com\/index.php\/wp-json\/wp\/v2\/comments?post=6864"}],"version-history":[{"count":7,"href":"https:\/\/ceyalcoop.com\/index.php\/wp-json\/wp\/v2\/pages\/6864\/revisions"}],"predecessor-version":[{"id":6875,"href":"https:\/\/ceyalcoop.com\/index.php\/wp-json\/wp\/v2\/pages\/6864\/revisions\/6875"}],"wp:attachment":[{"href":"https:\/\/ceyalcoop.com\/index.php\/wp-json\/wp\/v2\/media?parent=6864"}],"curies":[{"name":"wp","href":"https:\/\/api.w.org\/{rel}","templated":true}]}}