{"id":694,"date":"2022-02-23T12:49:59","date_gmt":"2022-02-23T12:49:59","guid":{"rendered":"http:\/\/ceyalcoop.com\/?page_id=694"},"modified":"2022-02-23T13:57:25","modified_gmt":"2022-02-23T13:57:25","slug":"cloacas","status":"publish","type":"page","link":"https:\/\/ceyalcoop.com\/index.php\/cloacas\/","title":{"rendered":"Cloacas"},"content":{"rendered":"\t\t<div data-elementor-type=\"wp-page\" data-elementor-id=\"694\" class=\"elementor elementor-694\" data-elementor-post-type=\"page\">\n\t\t\t\t\t\t<section class=\"elementor-section elementor-top-section elementor-element elementor-element-4c15cef elementor-section-boxed elementor-section-height-default elementor-section-height-default\" data-id=\"4c15cef\" data-element_type=\"section\" data-e-type=\"section\">\n\t\t\t\t\t\t<div class=\"elementor-container elementor-column-gap-default\">\n\t\t\t\t\t<div class=\"elementor-column elementor-col-100 elementor-top-column elementor-element elementor-element-f571da3\" data-id=\"f571da3\" data-element_type=\"column\" data-e-type=\"column\">\n\t\t\t<div class=\"elementor-widget-wrap elementor-element-populated\">\n\t\t\t\t\t\t<div class=\"elementor-element elementor-element-ef0254a elementor-widget elementor-widget-heading\" data-id=\"ef0254a\" data-element_type=\"widget\" data-e-type=\"widget\" data-widget_type=\"heading.default\">\n\t\t\t\t<div class=\"elementor-widget-container\">\n\t\t\t\t\t<h2 class=\"elementor-heading-title elementor-size-default\">Cloacas.<\/h2>\t\t\t\t<\/div>\n\t\t\t\t<\/div>\n\t\t\t\t\t<\/div>\n\t\t<\/div>\n\t\t\t\t\t<\/div>\n\t\t<\/section>\n\t\t\t\t<section class=\"elementor-section elementor-top-section elementor-element elementor-element-381cbd2 elementor-section-boxed elementor-section-height-default elementor-section-height-default\" data-id=\"381cbd2\" data-element_type=\"section\" data-e-type=\"section\">\n\t\t\t\t\t\t<div class=\"elementor-container elementor-column-gap-default\">\n\t\t\t\t\t<div class=\"elementor-column elementor-col-50 elementor-top-column elementor-element elementor-element-c6c7ad7\" data-id=\"c6c7ad7\" data-element_type=\"column\" data-e-type=\"column\">\n\t\t\t<div class=\"elementor-widget-wrap elementor-element-populated\">\n\t\t\t\t\t\t<div class=\"elementor-element elementor-element-ecf7177 elementor-widget elementor-widget-text-editor\" data-id=\"ecf7177\" data-element_type=\"widget\" data-e-type=\"widget\" data-widget_type=\"text-editor.default\">\n\t\t\t\t<div class=\"elementor-widget-container\">\n\t\t\t\t\t\t\t\t\t<p><strong>Comienzo de Prestaci\u00f3n:<\/strong><\/p><p>1 de diciembre de 2013<\/p><p><strong>Zona de prestaci\u00f3n:<\/strong><\/p><p>Zona urbana de Vicu\u00f1a Mackenna.<\/p><p><strong>Cantidad de Usuarios:\u00a0168<\/strong><\/p><p><strong>Tipo de Concesi\u00f3n:<\/strong> Municipal.<\/p><p>Se construye la red de la ciudad.<\/p>\t\t\t\t\t\t\t\t<\/div>\n\t\t\t\t<\/div>\n\t\t\t\t\t<\/div>\n\t\t<\/div>\n\t\t\t\t<div class=\"elementor-column elementor-col-50 elementor-top-column elementor-element elementor-element-7e22cb0\" data-id=\"7e22cb0\" data-element_type=\"column\" data-e-type=\"column\">\n\t\t\t<div class=\"elementor-widget-wrap elementor-element-populated\">\n\t\t\t\t\t\t<div class=\"elementor-element elementor-element-9f2fadb elementor-widget elementor-widget-image\" data-id=\"9f2fadb\" data-element_type=\"widget\" data-e-type=\"widget\" data-widget_type=\"image.default\">\n\t\t\t\t<div class=\"elementor-widget-container\">\n\t\t\t\t\t\t\t\t\t\t\t\t\t\t\t<img fetchpriority=\"high\" decoding=\"async\" width=\"225\" height=\"300\" src=\"https:\/\/ceyalcoop.com\/wp-content\/uploads\/2022\/02\/PC120171-225x300-1.jpg\" class=\"attachment-large size-large wp-image-695\" alt=\"\" \/>\t\t\t\t\t\t\t\t\t\t\t\t\t\t\t<\/div>\n\t\t\t\t<\/div>\n\t\t\t\t\t<\/div>\n\t\t<\/div>\n\t\t\t\t\t<\/div>\n\t\t<\/section>\n\t\t\t\t<section class=\"elementor-section elementor-top-section elementor-element elementor-element-b8efe16 elementor-section-boxed elementor-section-height-default elementor-section-height-default\" data-id=\"b8efe16\" data-element_type=\"section\" data-e-type=\"section\">\n\t\t\t\t\t\t<div class=\"elementor-container elementor-column-gap-default\">\n\t\t\t\t\t<div class=\"elementor-column elementor-col-100 elementor-top-column elementor-element elementor-element-da890e4\" data-id=\"da890e4\" data-element_type=\"column\" data-e-type=\"column\">\n\t\t\t<div class=\"elementor-widget-wrap elementor-element-populated\">\n\t\t\t\t\t\t<div class=\"elementor-element elementor-element-f7abc52 elementor-widget elementor-widget-heading\" data-id=\"f7abc52\" data-element_type=\"widget\" data-e-type=\"widget\" data-widget_type=\"heading.default\">\n\t\t\t\t<div class=\"elementor-widget-container\">\n\t\t\t\t\t<h2 class=\"elementor-heading-title elementor-size-default\">Tr\u00e1mites y Requisitos.<\/h2>\t\t\t\t<\/div>\n\t\t\t\t<\/div>\n\t\t\t\t\t<\/div>\n\t\t<\/div>\n\t\t\t\t\t<\/div>\n\t\t<\/section>\n\t\t\t\t<section class=\"elementor-section elementor-top-section elementor-element elementor-element-988db35 elementor-section-boxed elementor-section-height-default elementor-section-height-default\" data-id=\"988db35\" data-element_type=\"section\" data-e-type=\"section\">\n\t\t\t\t\t\t<div class=\"elementor-container elementor-column-gap-default\">\n\t\t\t\t\t<div class=\"elementor-column elementor-col-100 elementor-top-column elementor-element elementor-element-6005027\" data-id=\"6005027\" data-element_type=\"column\" data-e-type=\"column\">\n\t\t\t<div class=\"elementor-widget-wrap elementor-element-populated\">\n\t\t\t\t\t\t<div class=\"elementor-element elementor-element-6d6f012 elementor-widget elementor-widget-text-editor\" data-id=\"6d6f012\" data-element_type=\"widget\" data-e-type=\"widget\" data-widget_type=\"text-editor.default\">\n\t\t\t\t<div class=\"elementor-widget-container\">\n\t\t\t\t\t\t\t\t\t<p>Todos aquellos vecinos cuyos domicilios est\u00e9n en los sectores de la ciudad donde se han terminado las obras de construcci\u00f3n de redes, podr\u00e1n conectarse al servicio. Como ya se informara quienes est\u00e9n en condiciones de conectarse (los que frente a su propiedad posean la caja de registro colocada) <strong>deber\u00e1n realizar los siguientes procedimientos:<\/strong><\/p><ul><li>Dirigirse al departamento de Obras P\u00fablicas de la municipalidad para solicitar las condiciones t\u00e9cnicas de la instalaci\u00f3n interna de cada domicilio para adaptar su propiedad al efecto.<\/li><li>Cuando considere que est\u00e1 en condiciones de conectarse, deber\u00e1 dirigirse a la Municipalidad para solicitar la inspecci\u00f3n por parte del personal asignado, quienes otorgar\u00e1n una constancia de aprobaci\u00f3n.<\/li><li>Obtenido el certificado de inspecci\u00f3n Municipal deber\u00e1n dirigirse, de lunes a viernes de 16:30 a 18:30 a la Cooperativa Ceyal, a los efectos de solicitar la habilitaci\u00f3n del servicio, munidos de la siguiente documentaci\u00f3n:<\/li><\/ul><p>\u00a0<\/p><ol><li><strong>Documento Nacional de Identidad<\/strong><\/li><li><strong>Certificado de Inspecci\u00f3n Municipal<\/strong><\/li><li><strong>En caso de ser inquilino con contrato de alquiler<\/strong><\/li><\/ol><p>\u00a0<\/p><ul><li><strong>Se recuerda que obligatoriamente debe ser usuario del servicio de agua corriente y que el tr\u00e1mite es personal del titular de la conexi\u00f3n.<\/strong><\/li><\/ul>\t\t\t\t\t\t\t\t<\/div>\n\t\t\t\t<\/div>\n\t\t\t\t\t<\/div>\n\t\t<\/div>\n\t\t\t\t\t<\/div>\n\t\t<\/section>\n\t\t\t\t<section class=\"elementor-section elementor-top-section elementor-element elementor-element-2618f8b elementor-section-boxed elementor-section-height-default elementor-section-height-default\" data-id=\"2618f8b\" data-element_type=\"section\" data-e-type=\"section\">\n\t\t\t\t\t\t<div class=\"elementor-container elementor-column-gap-default\">\n\t\t\t\t\t<div class=\"elementor-column elementor-col-100 elementor-top-column elementor-element elementor-element-439036e\" data-id=\"439036e\" data-element_type=\"column\" data-e-type=\"column\">\n\t\t\t<div class=\"elementor-widget-wrap elementor-element-populated\">\n\t\t\t\t\t\t<div class=\"elementor-element elementor-element-5bbb8a7 elementor-widget elementor-widget-heading\" data-id=\"5bbb8a7\" data-element_type=\"widget\" data-e-type=\"widget\" data-widget_type=\"heading.default\">\n\t\t\t\t<div class=\"elementor-widget-container\">\n\t\t\t\t\t<h2 class=\"elementor-heading-title elementor-size-default\">Tarifas.<\/h2>\t\t\t\t<\/div>\n\t\t\t\t<\/div>\n\t\t\t\t\t<\/div>\n\t\t<\/div>\n\t\t\t\t\t<\/div>\n\t\t<\/section>\n\t\t\t\t<section class=\"elementor-section elementor-top-section elementor-element elementor-element-436e890 elementor-section-boxed elementor-section-height-default elementor-section-height-default\" data-id=\"436e890\" data-element_type=\"section\" data-e-type=\"section\">\n\t\t\t\t\t\t<div class=\"elementor-container elementor-column-gap-default\">\n\t\t\t\t\t<div class=\"elementor-column elementor-col-100 elementor-top-column elementor-element elementor-element-045b3a6\" data-id=\"045b3a6\" data-element_type=\"column\" data-e-type=\"column\">\n\t\t\t<div class=\"elementor-widget-wrap elementor-element-populated\">\n\t\t\t\t\t\t<div class=\"elementor-element elementor-element-b29059e elementor-widget elementor-widget-text-editor\" data-id=\"b29059e\" data-element_type=\"widget\" data-e-type=\"widget\" data-widget_type=\"text-editor.default\">\n\t\t\t\t<div class=\"elementor-widget-container\">\n\t\t\t\t\t\t\t\t\t<p><strong>CUADRO TARIFARIO VIGENTE<\/strong><\/p><p><strong>Agua y cloacas: Ambos servicios se facturar\u00e1n en conjunto de acuerdo a:<\/strong><\/p><p>Concejo Deliberante de la Municipalidad de Vicu\u00f1a Mackenna, por Ordenanza N\u00b0 1065\/2015, fijo los valores que regir\u00e1n en forma conjunta para estos dos servicios:<\/p><p><strong>Tarifa de Cloacas: Ordenanza 1168\/2019<\/strong><\/p><p><strong>Cargo Fijo:<\/strong><\/p><p><strong>Conectados: $ 60.-<\/strong><\/p><p><strong>No Conectados: $ 250<\/strong><\/p><p><strong>Cargos Variables:<\/strong><\/p><p><strong>0 a 8 m3: $2.662<\/strong><\/p><p><strong>9 a 15 m3: $4.500<\/strong><\/p><p><strong>16 a 31 m3 $5.750<\/strong><\/p><p><strong>mas de 31 m3 $ 7.00<\/strong><\/p><p>Para cualquier consulta puede comunicarse a:<\/p><ul><li>Tel\u00e9fonos Guardia: (03583) 480000 \u2013 488888<\/li><li>Correo Electr\u00f3nico: ceyalcoop@ceyalcoop.com.ar<\/li><\/ul>\t\t\t\t\t\t\t\t<\/div>\n\t\t\t\t<\/div>\n\t\t\t\t\t<\/div>\n\t\t<\/div>\n\t\t\t\t\t<\/div>\n\t\t<\/section>\n\t\t\t\t<\/div>\n\t\t","protected":false},"excerpt":{"rendered":"<p>Cloacas. Comienzo de Prestaci\u00f3n: 1 de diciembre de 2013 Zona de prestaci\u00f3n: Zona urbana de Vicu\u00f1a Mackenna. Cantidad de Usuarios:\u00a0168 Tipo de Concesi\u00f3n: Municipal. Se construye la red de la ciudad. Tr\u00e1mites y Requisitos. Todos aquellos vecinos cuyos domicilios est\u00e9n en los sectores de la ciudad donde se han terminado las obras de construcci\u00f3n de [&hellip;]<\/p>\n","protected":false},"author":3,"featured_media":0,"parent":0,"menu_order":0,"comment_status":"closed","ping_status":"closed","template":"","meta":{"footnotes":""},"class_list":["post-694","page","type-page","status-publish","hentry"],"_links":{"self":[{"href":"https:\/\/ceyalcoop.com\/index.php\/wp-json\/wp\/v2\/pages\/694","targetHints":{"allow":["GET"]}}],"collection":[{"href":"https:\/\/ceyalcoop.com\/index.php\/wp-json\/wp\/v2\/pages"}],"about":[{"href":"https:\/\/ceyalcoop.com\/index.php\/wp-json\/wp\/v2\/types\/page"}],"author":[{"embeddable":true,"href":"https:\/\/ceyalcoop.com\/index.php\/wp-json\/wp\/v2\/users\/3"}],"replies":[{"embeddable":true,"href":"https:\/\/ceyalcoop.com\/index.php\/wp-json\/wp\/v2\/comments?post=694"}],"version-history":[{"count":6,"href":"https:\/\/ceyalcoop.com\/index.php\/wp-json\/wp\/v2\/pages\/694\/revisions"}],"predecessor-version":[{"id":722,"href":"https:\/\/ceyalcoop.com\/index.php\/wp-json\/wp\/v2\/pages\/694\/revisions\/722"}],"wp:attachment":[{"href":"https:\/\/ceyalcoop.com\/index.php\/wp-json\/wp\/v2\/media?parent=694"}],"curies":[{"name":"wp","href":"https:\/\/api.w.org\/{rel}","templated":true}]}}