{"id":703,"date":"2022-02-23T13:29:26","date_gmt":"2022-02-23T13:29:26","guid":{"rendered":"http:\/\/ceyalcoop.com\/?page_id=703"},"modified":"2026-03-27T14:23:45","modified_gmt":"2026-03-27T14:23:45","slug":"internet-3","status":"publish","type":"page","link":"https:\/\/ceyalcoop.com\/index.php\/internet-3\/","title":{"rendered":"Internet"},"content":{"rendered":"\t\t<div data-elementor-type=\"wp-page\" data-elementor-id=\"703\" class=\"elementor elementor-703\" data-elementor-post-type=\"page\">\n\t\t\t\t\t\t<section class=\"elementor-section elementor-top-section elementor-element elementor-element-7be1ab1 elementor-section-boxed elementor-section-height-default elementor-section-height-default\" data-id=\"7be1ab1\" data-element_type=\"section\" data-e-type=\"section\">\n\t\t\t\t\t\t<div class=\"elementor-container elementor-column-gap-default\">\n\t\t\t\t\t<div class=\"elementor-column elementor-col-100 elementor-top-column elementor-element elementor-element-da2252f\" data-id=\"da2252f\" data-element_type=\"column\" data-e-type=\"column\">\n\t\t\t<div class=\"elementor-widget-wrap elementor-element-populated\">\n\t\t\t\t\t\t<div class=\"elementor-element elementor-element-d533dce elementor-widget elementor-widget-heading\" data-id=\"d533dce\" data-element_type=\"widget\" data-e-type=\"widget\" data-widget_type=\"heading.default\">\n\t\t\t\t<div class=\"elementor-widget-container\">\n\t\t\t\t\t<h2 class=\"elementor-heading-title elementor-size-default\">Tr\u00e1mites y requisitos.<\/h2>\t\t\t\t<\/div>\n\t\t\t\t<\/div>\n\t\t\t\t\t<\/div>\n\t\t<\/div>\n\t\t\t\t\t<\/div>\n\t\t<\/section>\n\t\t\t\t<section class=\"elementor-section elementor-top-section elementor-element elementor-element-5743d76 elementor-section-boxed elementor-section-height-default elementor-section-height-default\" data-id=\"5743d76\" data-element_type=\"section\" data-e-type=\"section\">\n\t\t\t\t\t\t<div class=\"elementor-container elementor-column-gap-default\">\n\t\t\t\t\t<div class=\"elementor-column elementor-col-100 elementor-top-column elementor-element elementor-element-b99cf3b\" data-id=\"b99cf3b\" data-element_type=\"column\" data-e-type=\"column\">\n\t\t\t<div class=\"elementor-widget-wrap elementor-element-populated\">\n\t\t\t\t\t\t<div class=\"elementor-element elementor-element-347b45b elementor-widget elementor-widget-text-editor\" data-id=\"347b45b\" data-element_type=\"widget\" data-e-type=\"widget\" data-widget_type=\"text-editor.default\">\n\t\t\t\t<div class=\"elementor-widget-container\">\n\t\t\t\t\t\t\t\t\t<p><strong>Requisitos para la conexi\u00f3n de internet:<\/strong><\/p><ol><li>Debe acudir el titular del servicio de energ\u00eda, de no ser as\u00ed, debe traer autorizaci\u00f3n del titular por escrita para poder realizar la conexi\u00f3n a su nombre. De esta manera se convierte en socio de la Cooperativa.<\/li><li>De no poder asistir el titular por razones justificadas, podr\u00e1 venir el conyugue con la autorizaci\u00f3n por escrita correspondiente en la que el titular lo autoriza a firmar en su nombre.<\/li><li><strong>El usuario no puede tener deuda de ning\u00fan servicio de la cooperativa, de lo contrario debe ser autorizada la conexi\u00f3n.<\/strong><\/li><\/ol><h6>\u00a0<\/h6><h6><strong>Para adherirse al servicio o para darse de baja:<\/strong><\/h6><h6><strong>Descargue la Planilla, completarla con los datos solicitados y enviar por mail a ceyalcoop@ceyalcoop.com.ar.<\/strong><\/h6>\t\t\t\t\t\t\t\t<\/div>\n\t\t\t\t<\/div>\n\t\t\t\t\t<\/div>\n\t\t<\/div>\n\t\t\t\t\t<\/div>\n\t\t<\/section>\n\t\t\t\t<section class=\"elementor-section elementor-top-section elementor-element elementor-element-6fb6c5a6 elementor-section-content-middle elementor-section-boxed elementor-section-height-default elementor-section-height-default\" data-id=\"6fb6c5a6\" data-element_type=\"section\" data-e-type=\"section\">\n\t\t\t\t\t\t<div class=\"elementor-container elementor-column-gap-no\">\n\t\t\t\t\t<div class=\"elementor-column elementor-col-100 elementor-top-column elementor-element elementor-element-49eb5680\" data-id=\"49eb5680\" data-element_type=\"column\" data-e-type=\"column\">\n\t\t\t<div class=\"elementor-widget-wrap elementor-element-populated\">\n\t\t\t\t\t\t<section class=\"elementor-section elementor-inner-section elementor-element elementor-element-38fb22d2 elementor-section-content-middle elementor-section-boxed elementor-section-height-default elementor-section-height-default\" data-id=\"38fb22d2\" data-element_type=\"section\" data-e-type=\"section\">\n\t\t\t\t\t\t<div class=\"elementor-container elementor-column-gap-no\">\n\t\t\t\t\t<div class=\"elementor-column elementor-col-50 elementor-inner-column elementor-element elementor-element-38a21bf9\" data-id=\"38a21bf9\" data-element_type=\"column\" data-e-type=\"column\">\n\t\t\t<div class=\"elementor-widget-wrap elementor-element-populated\">\n\t\t\t\t\t\t<div class=\"elementor-element elementor-element-6cc04976 elementor-position-top elementor-widget elementor-widget-image-box\" data-id=\"6cc04976\" data-element_type=\"widget\" data-e-type=\"widget\" data-widget_type=\"image-box.default\">\n\t\t\t\t<div class=\"elementor-widget-container\">\n\t\t\t\t\t<div class=\"elementor-image-box-wrapper\"><figure class=\"elementor-image-box-img\"><a href=\"https:\/\/view.officeapps.live.com\/op\/view.aspx?src=http%3A%2F%2Fwww.ceyalcoop.com.ar%2Fwp-content%2Fuploads%2F2021%2F05%2FPlanilla-Internet-2.doc&#038;wdOrigin=BROWSELINK\" tabindex=\"-1\"><img fetchpriority=\"high\" decoding=\"async\" width=\"1600\" height=\"1600\" src=\"https:\/\/ceyalcoop.com\/wp-content\/uploads\/2022\/02\/pngwing.com_.png\" class=\"elementor-animation-grow attachment-full size-full wp-image-706\" alt=\"\" srcset=\"https:\/\/ceyalcoop.com\/wp-content\/uploads\/2022\/02\/pngwing.com_.png 1600w, https:\/\/ceyalcoop.com\/wp-content\/uploads\/2022\/02\/pngwing.com_-300x300.png 300w, https:\/\/ceyalcoop.com\/wp-content\/uploads\/2022\/02\/pngwing.com_-1024x1024.png 1024w, https:\/\/ceyalcoop.com\/wp-content\/uploads\/2022\/02\/pngwing.com_-150x150.png 150w, https:\/\/ceyalcoop.com\/wp-content\/uploads\/2022\/02\/pngwing.com_-768x768.png 768w, https:\/\/ceyalcoop.com\/wp-content\/uploads\/2022\/02\/pngwing.com_-1536x1536.png 1536w\" sizes=\"(max-width: 1600px) 100vw, 1600px\" \/><\/a><\/figure><div class=\"elementor-image-box-content\"><h3 class=\"elementor-image-box-title\"><a href=\"https:\/\/view.officeapps.live.com\/op\/view.aspx?src=http%3A%2F%2Fwww.ceyalcoop.com.ar%2Fwp-content%2Fuploads%2F2021%2F05%2FPlanilla-Internet-2.doc&#038;wdOrigin=BROWSELINK\">Alta<\/a><\/h3><p class=\"elementor-image-box-description\">Descargue y llene la planilla para darse de alta en el servicio.<\/p><\/div><\/div>\t\t\t\t<\/div>\n\t\t\t\t<\/div>\n\t\t\t\t\t<\/div>\n\t\t<\/div>\n\t\t\t\t<div class=\"elementor-column elementor-col-50 elementor-inner-column elementor-element elementor-element-13e1d807\" data-id=\"13e1d807\" data-element_type=\"column\" data-e-type=\"column\">\n\t\t\t<div class=\"elementor-widget-wrap elementor-element-populated\">\n\t\t\t\t\t\t<div class=\"elementor-element elementor-element-9cc5d5 elementor-position-top elementor-widget elementor-widget-image-box\" data-id=\"9cc5d5\" data-element_type=\"widget\" data-e-type=\"widget\" data-widget_type=\"image-box.default\">\n\t\t\t\t<div class=\"elementor-widget-container\">\n\t\t\t\t\t<div class=\"elementor-image-box-wrapper\"><figure class=\"elementor-image-box-img\"><a href=\"https:\/\/view.officeapps.live.com\/op\/view.aspx?src=http%3A%2F%2Fwww.ceyalcoop.com.ar%2Fwp-content%2Fuploads%2F2020%2F11%2FBAJA-DE-SERVICIOS-DE-INTERNET.doc&#038;wdOrigin=BROWSELINK\" tabindex=\"-1\"><img fetchpriority=\"high\" decoding=\"async\" width=\"1600\" height=\"1600\" src=\"https:\/\/ceyalcoop.com\/wp-content\/uploads\/2022\/02\/pngwing.com_.png\" class=\"elementor-animation-grow attachment-full size-full wp-image-706\" alt=\"\" srcset=\"https:\/\/ceyalcoop.com\/wp-content\/uploads\/2022\/02\/pngwing.com_.png 1600w, https:\/\/ceyalcoop.com\/wp-content\/uploads\/2022\/02\/pngwing.com_-300x300.png 300w, https:\/\/ceyalcoop.com\/wp-content\/uploads\/2022\/02\/pngwing.com_-1024x1024.png 1024w, https:\/\/ceyalcoop.com\/wp-content\/uploads\/2022\/02\/pngwing.com_-150x150.png 150w, https:\/\/ceyalcoop.com\/wp-content\/uploads\/2022\/02\/pngwing.com_-768x768.png 768w, https:\/\/ceyalcoop.com\/wp-content\/uploads\/2022\/02\/pngwing.com_-1536x1536.png 1536w\" sizes=\"(max-width: 1600px) 100vw, 1600px\" \/><\/a><\/figure><div class=\"elementor-image-box-content\"><h3 class=\"elementor-image-box-title\"><a href=\"https:\/\/view.officeapps.live.com\/op\/view.aspx?src=http%3A%2F%2Fwww.ceyalcoop.com.ar%2Fwp-content%2Fuploads%2F2020%2F11%2FBAJA-DE-SERVICIOS-DE-INTERNET.doc&#038;wdOrigin=BROWSELINK\">Baja<\/a><\/h3><p class=\"elementor-image-box-description\">Descargue y llene la planilla para darse de baja en el servicio.<\/p><\/div><\/div>\t\t\t\t<\/div>\n\t\t\t\t<\/div>\n\t\t\t\t\t<\/div>\n\t\t<\/div>\n\t\t\t\t\t<\/div>\n\t\t<\/section>\n\t\t\t\t\t<\/div>\n\t\t<\/div>\n\t\t\t\t\t<\/div>\n\t\t<\/section>\n\t\t\t\t<section class=\"elementor-section elementor-top-section elementor-element elementor-element-4a6901c elementor-section-boxed elementor-section-height-default elementor-section-height-default\" data-id=\"4a6901c\" data-element_type=\"section\" data-e-type=\"section\">\n\t\t\t\t\t\t<div class=\"elementor-container elementor-column-gap-default\">\n\t\t\t\t\t<div class=\"elementor-column elementor-col-100 elementor-top-column elementor-element elementor-element-d8a85fe\" data-id=\"d8a85fe\" data-element_type=\"column\" data-e-type=\"column\">\n\t\t\t<div class=\"elementor-widget-wrap elementor-element-populated\">\n\t\t\t\t\t\t<div class=\"elementor-element elementor-element-7200a44 elementor-widget elementor-widget-text-editor\" data-id=\"7200a44\" data-element_type=\"widget\" data-e-type=\"widget\" data-widget_type=\"text-editor.default\">\n\t\t\t\t<div class=\"elementor-widget-container\">\n\t\t\t\t\t\t\t\t\t<p><strong>Para cualquier consulta puede comunicarse a:<\/strong><\/p><ul><li><strong>Guardia: (03583) 480000 \u2013 488888<\/strong><\/li><li><strong>Correo Electr\u00f3nico: ceyalcoop@ceyalcoop.com<\/strong>.<\/li><\/ul>\t\t\t\t\t\t\t\t<\/div>\n\t\t\t\t<\/div>\n\t\t\t\t<div class=\"elementor-element elementor-element-88f5323 elementor-widget elementor-widget-heading\" data-id=\"88f5323\" data-element_type=\"widget\" data-e-type=\"widget\" data-widget_type=\"heading.default\">\n\t\t\t\t<div class=\"elementor-widget-container\">\n\t\t\t\t\t<h2 class=\"elementor-heading-title elementor-size-default\">Tarifas.<\/h2>\t\t\t\t<\/div>\n\t\t\t\t<\/div>\n\t\t\t\t\t<\/div>\n\t\t<\/div>\n\t\t\t\t\t<\/div>\n\t\t<\/section>\n\t\t\t\t<section class=\"elementor-section elementor-top-section elementor-element elementor-element-455d338 elementor-section-boxed elementor-section-height-default elementor-section-height-default\" data-id=\"455d338\" data-element_type=\"section\" data-e-type=\"section\">\n\t\t\t\t\t\t<div class=\"elementor-container elementor-column-gap-default\">\n\t\t\t\t\t<div class=\"elementor-column elementor-col-100 elementor-top-column elementor-element elementor-element-205c252\" data-id=\"205c252\" data-element_type=\"column\" data-e-type=\"column\">\n\t\t\t<div class=\"elementor-widget-wrap elementor-element-populated\">\n\t\t\t\t\t\t<div class=\"elementor-element elementor-element-d4a6316 elementor-widget elementor-widget-text-editor\" data-id=\"d4a6316\" data-element_type=\"widget\" data-e-type=\"widget\" data-widget_type=\"text-editor.default\">\n\t\t\t\t<div class=\"elementor-widget-container\">\n\t\t\t\t\t\t\t\t\t<h6><strong>Precio de las Conexiones.<\/strong><\/h6><ul><li><h6><strong>$75000.00 finales <\/strong>(Entrega de $25000 y saldo en 2 cuotas)<\/h6><\/li><li><h6><strong>Equipo en comodato<\/strong><strong>\u00a0(en cualquiera de las conexiones).<\/strong><\/h6><\/li><li><h6><strong>Modem con servicio de Wi-Fi \u00a0 ($ 1210,00 finales).<\/strong><\/h6><\/li><li><h6><strong>Traslado ADSL ($ 24200.00 finales) y Fibra \u00d3ptica ($ 24200.00 finales) <\/strong>dependiendo de factibilidad.<\/h6><\/li><\/ul><hr \/><h6><strong>Conexi\u00f3n de Banda Ancha ADSL:\u00a0<\/strong><img decoding=\"async\" class=\"wp-image-2885 alignleft lazyload\" data-src=\"http:\/\/www.ceyalcoop.com.ar\/wp-content\/uploads\/2021\/06\/adsl-300x225.jpg\" data-sizes=\"(max-width: 65px) 100vw, 65px\" data-srcset=\"http:\/\/www.ceyalcoop.com.ar\/wp-content\/uploads\/2021\/06\/adsl-300x225.jpg 300w, http:\/\/www.ceyalcoop.com.ar\/wp-content\/uploads\/2021\/06\/adsl-768x577.jpg 768w, http:\/\/www.ceyalcoop.com.ar\/wp-content\/uploads\/2021\/06\/adsl-650x489.jpg 650w, http:\/\/www.ceyalcoop.com.ar\/wp-content\/uploads\/2021\/06\/adsl.jpg 906w\" alt=\"\" width=\"65\" height=\"50\" src=\"data:image\/svg+xml;base64,PHN2ZyB3aWR0aD0iMSIgaGVpZ2h0PSIxIiB4bWxucz0iaHR0cDovL3d3dy53My5vcmcvMjAwMC9zdmciPjwvc3ZnPg==\" style=\"--smush-placeholder-width: 65px; --smush-placeholder-aspect-ratio: 65\/50;\" \/><\/h6><hr \/><table width=\"527\"><tbody><tr><td width=\"199\"><h5 style=\"text-align: center;\">1-<\/h5><\/td><td width=\"200\"><h5>5 Mb (5072 kb)<\/h5><\/td><td width=\"200\"><h5>$ 14332.45 IVA Incluido<\/h5><\/td><\/tr><tr><td width=\"199\"><h5 style=\"text-align: center;\">2-<\/h5><\/td><td width=\"200\"><h5>6 Mb (6.144 kb)<\/h5><\/td><td width=\"200\"><h5>$ 18071.35 IVA Incluido<\/h5><\/td><\/tr><tr><td width=\"199\"><h5 style=\"text-align: center;\">3-<\/h5><\/td><td width=\"200\"><h5>9 Mb (9.216 kb)<\/h5><\/td><td width=\"200\"><h5>$ 23679.70 IVA Incluido<\/h5><\/td><\/tr><\/tbody><\/table><hr \/><h6><strong>Conexi\u00f3n \u00a0por Fibra\u00a0\u00d3ptica.<\/strong><\/h6><hr \/><h5><strong>(sujeta a avance de obra)<\/strong><\/h5><h6><strong>Usuarios residenciales.<\/strong><\/h6><table style=\"height: 138px;\" width=\"513\"><tbody><tr style=\"height: 64px;\"><td style=\"width: 159.175px; height: 64px;\"><h5 style=\"text-align: center;\">1-<\/h5><\/td><td style=\"width: 162.488px; height: 64px;\"><h5>50 Mb<\/h5><\/td><td style=\"width: 172.538px; height: 64px;\"><h5>$20981.40 IVA Incluido<\/h5><\/td><\/tr><tr style=\"height: 64px;\"><td style=\"width: 159.175px; height: 64px;\"><h5 style=\"text-align: center;\">2-<\/h5><\/td><td style=\"width: 162.488px; height: 64px;\"><h5>100 Mb<\/h5><\/td><td style=\"width: 172.538px; height: 64px;\"><h5>$ 33650.10 IVA Incluido<\/h5><\/td><\/tr><tr style=\"height: 10px;\"><td style=\"width: 159.175px; height: 10px;\">\u00a0<\/td><td style=\"width: 162.488px; height: 10px;\"><h5>\u00a0<\/h5><\/td><td style=\"width: 172.538px; height: 10px;\">\u00a0<\/td><\/tr><\/tbody><\/table><h6>\u00a0<\/h6><h6><strong>Usuarios comerciales \u00f3 industriales.<\/strong><\/h6><table width=\"534\"><tbody><tr><td width=\"199\"><h5 style=\"text-align: center;\">1-<\/h5><\/td><td width=\"200\"><h5>50 Mb<\/h5><\/td><td width=\"200\"><h5>$ 31460.00 IVA Incluido<\/h5><\/td><\/tr><tr><td width=\"199\"><h5 style=\"text-align: center;\">2-<\/h5><\/td><td width=\"200\"><h5>150 Mb<\/h5><\/td><td width=\"200\"><h5>$ 40728.60 IVA Incluido<\/h5><\/td><\/tr><tr><td width=\"199\"><h5 style=\"text-align: center;\">3-<\/h5><\/td><td width=\"200\"><h5>300 Mb<\/h5><\/td><td width=\"200\"><h5>$ 45665.40 IVA Incluido<\/h5><\/td><\/tr><\/tbody><\/table><h6>\u00a0<\/h6><h6><strong>Todas las conexiones cuentan con una casilla de correo gratuita.<\/strong><\/h6><h6><strong>La demora en la instalaci\u00f3n del servicio, est\u00e1 sujeta a disponibilidad t\u00e9cnica y\/o de equipos.<\/strong><\/h6>\t\t\t\t\t\t\t\t<\/div>\n\t\t\t\t<\/div>\n\t\t\t\t\t<\/div>\n\t\t<\/div>\n\t\t\t\t\t<\/div>\n\t\t<\/section>\n\t\t<div class=\"elementor-element elementor-element-fa8c174 e-flex e-con-boxed e-con e-parent\" data-id=\"fa8c174\" data-element_type=\"container\" data-e-type=\"container\">\n\t\t\t\t\t<div class=\"e-con-inner\">\n\t\t\t\t<div class=\"elementor-element elementor-element-917993d elementor-widget elementor-widget-image\" data-id=\"917993d\" data-element_type=\"widget\" data-e-type=\"widget\" data-widget_type=\"image.default\">\n\t\t\t\t<div class=\"elementor-widget-container\">\n\t\t\t\t\t\t\t\t\t\t\t\t\t\t\t<img decoding=\"async\" width=\"456\" height=\"147\" data-src=\"https:\/\/ceyalcoop.com\/wp-content\/uploads\/2024\/10\/SENSA-1-1.jpg\" class=\"attachment-large size-large wp-image-5658 lazyload\" alt=\"\" data-srcset=\"https:\/\/ceyalcoop.com\/wp-content\/uploads\/2024\/10\/SENSA-1-1.jpg 456w, https:\/\/ceyalcoop.com\/wp-content\/uploads\/2024\/10\/SENSA-1-1-300x97.jpg 300w\" data-sizes=\"(max-width: 456px) 100vw, 456px\" src=\"data:image\/svg+xml;base64,PHN2ZyB3aWR0aD0iMSIgaGVpZ2h0PSIxIiB4bWxucz0iaHR0cDovL3d3dy53My5vcmcvMjAwMC9zdmciPjwvc3ZnPg==\" style=\"--smush-placeholder-width: 456px; --smush-placeholder-aspect-ratio: 456\/147;\" \/>\t\t\t\t\t\t\t\t\t\t\t\t\t\t\t<\/div>\n\t\t\t\t<\/div>\n\t\t\t\t\t<\/div>\n\t\t\t\t<\/div>\n\t\t<div class=\"elementor-element elementor-element-ebe0c9b e-flex e-con-boxed e-con e-parent\" data-id=\"ebe0c9b\" data-element_type=\"container\" data-e-type=\"container\">\n\t\t\t\t\t<div class=\"e-con-inner\">\n\t\t\t\t<div class=\"elementor-element elementor-element-b5da307 elementor-widget elementor-widget-text-editor\" data-id=\"b5da307\" data-element_type=\"widget\" data-e-type=\"widget\" data-widget_type=\"text-editor.default\">\n\t\t\t\t<div class=\"elementor-widget-container\">\n\t\t\t\t\t\t\t\t\t<h4><span style=\"text-decoration: underline;\">PLANES<\/span><\/h4><p><strong>*CEYAL HOGAR:\u00a0<\/strong>Incluye 100Mb y Pack B\u00e1sico de canales $22215.60<\/p><p><strong>*CEYAL CINE:<\/strong> Incluye 200Mb y Pack B\u00e1sico +HBO canales de cine $25918.20<\/p><p><strong>*CEYAL FULL:<\/strong> Incluye 300Mb y Pack B\u00e1sico +HBO + canales de deportes (F\u00fatbol)\u00a0 $33323.40<\/p><p>CONVERTIDOR: $84200 en 2 cuotas<\/p><p>SEGUNDO CONVERTIDOR: $101200 en 2 cuotas<\/p><p>Equipo Mesh (1 antena) $48400 en 3 cuotas<\/p><p>Equipo Mesh (2 antenas) $90750 en 3 cuotas<\/p>\t\t\t\t\t\t\t\t<\/div>\n\t\t\t\t<\/div>\n\t\t\t\t\t<\/div>\n\t\t\t\t<\/div>\n\t\t\t\t<\/div>\n\t\t","protected":false},"excerpt":{"rendered":"<p>Tr\u00e1mites y requisitos. Requisitos para la conexi\u00f3n de internet: Debe acudir el titular del servicio de energ\u00eda, de no ser as\u00ed, debe traer autorizaci\u00f3n del titular por escrita para poder realizar la conexi\u00f3n a su nombre. De esta manera se convierte en socio de la Cooperativa. De no poder asistir el titular por razones justificadas, [&hellip;]<\/p>\n","protected":false},"author":3,"featured_media":0,"parent":0,"menu_order":0,"comment_status":"closed","ping_status":"closed","template":"","meta":{"footnotes":""},"class_list":["post-703","page","type-page","status-publish","hentry"],"_links":{"self":[{"href":"https:\/\/ceyalcoop.com\/index.php\/wp-json\/wp\/v2\/pages\/703","targetHints":{"allow":["GET"]}}],"collection":[{"href":"https:\/\/ceyalcoop.com\/index.php\/wp-json\/wp\/v2\/pages"}],"about":[{"href":"https:\/\/ceyalcoop.com\/index.php\/wp-json\/wp\/v2\/types\/page"}],"author":[{"embeddable":true,"href":"https:\/\/ceyalcoop.com\/index.php\/wp-json\/wp\/v2\/users\/3"}],"replies":[{"embeddable":true,"href":"https:\/\/ceyalcoop.com\/index.php\/wp-json\/wp\/v2\/comments?post=703"}],"version-history":[{"count":154,"href":"https:\/\/ceyalcoop.com\/index.php\/wp-json\/wp\/v2\/pages\/703\/revisions"}],"predecessor-version":[{"id":6750,"href":"https:\/\/ceyalcoop.com\/index.php\/wp-json\/wp\/v2\/pages\/703\/revisions\/6750"}],"wp:attachment":[{"href":"https:\/\/ceyalcoop.com\/index.php\/wp-json\/wp\/v2\/media?parent=703"}],"curies":[{"name":"wp","href":"https:\/\/api.w.org\/{rel}","templated":true}]}}