{"id":729,"date":"2022-02-23T14:03:56","date_gmt":"2022-02-23T14:03:56","guid":{"rendered":"http:\/\/ceyalcoop.com\/?page_id=729"},"modified":"2026-03-26T10:12:05","modified_gmt":"2026-03-26T10:12:05","slug":"servicio-de-sepelio","status":"publish","type":"page","link":"https:\/\/ceyalcoop.com\/index.php\/servicio-de-sepelio\/","title":{"rendered":"Servicio de Sepelio"},"content":{"rendered":"\t\t<div data-elementor-type=\"wp-page\" data-elementor-id=\"729\" class=\"elementor elementor-729\" data-elementor-post-type=\"page\">\n\t\t\t\t\t\t<section class=\"elementor-section elementor-top-section elementor-element elementor-element-e1bb48c elementor-section-boxed elementor-section-height-default elementor-section-height-default\" data-id=\"e1bb48c\" data-element_type=\"section\" data-e-type=\"section\">\n\t\t\t\t\t\t<div class=\"elementor-container elementor-column-gap-default\">\n\t\t\t\t\t<div class=\"elementor-column elementor-col-100 elementor-top-column elementor-element elementor-element-c843649\" data-id=\"c843649\" data-element_type=\"column\" data-e-type=\"column\">\n\t\t\t<div class=\"elementor-widget-wrap elementor-element-populated\">\n\t\t\t\t\t\t<div class=\"elementor-element elementor-element-4b5a32c elementor-widget elementor-widget-heading\" data-id=\"4b5a32c\" data-element_type=\"widget\" data-e-type=\"widget\" data-widget_type=\"heading.default\">\n\t\t\t\t<div class=\"elementor-widget-container\">\n\t\t\t\t\t<h2 class=\"elementor-heading-title elementor-size-default\">Servicio de Sepelio.<\/h2>\t\t\t\t<\/div>\n\t\t\t\t<\/div>\n\t\t\t\t\t<\/div>\n\t\t<\/div>\n\t\t\t\t\t<\/div>\n\t\t<\/section>\n\t\t\t\t<section class=\"elementor-section elementor-top-section elementor-element elementor-element-7dfe07c elementor-section-boxed elementor-section-height-default elementor-section-height-default\" data-id=\"7dfe07c\" data-element_type=\"section\" data-e-type=\"section\">\n\t\t\t\t\t\t<div class=\"elementor-container elementor-column-gap-default\">\n\t\t\t\t\t<div class=\"elementor-column elementor-col-100 elementor-top-column elementor-element elementor-element-44ba016\" data-id=\"44ba016\" data-element_type=\"column\" data-e-type=\"column\">\n\t\t\t<div class=\"elementor-widget-wrap elementor-element-populated\">\n\t\t\t\t\t\t<div class=\"elementor-element elementor-element-bcd9970 elementor-widget elementor-widget-text-editor\" data-id=\"bcd9970\" data-element_type=\"widget\" data-e-type=\"widget\" data-widget_type=\"text-editor.default\">\n\t\t\t\t<div class=\"elementor-widget-container\">\n\t\t\t\t\t\t\t\t\t<p>La adhesi\u00f3n al servicio de sepelio tiene un costo de $ 300.00, pudi\u00e9ndose abonar en 3 cuotas de $100.00 que le ser\u00e1n sumadas al monto mensual de $4960.00 que pagar\u00e1 por el grupo familiar o en caso de ser jubilado $3630.00 ( uno) y $4030.00 (la pareja de jubilados).<\/p><p>Si es asociado al servicio de energ\u00eda, los montos del servicio se le incluir\u00e1n en la factura de dicho servicio, caso contrario s\u00f3lo le llegar\u00e1 una factura con el detalle del servicio de sepelio, ya que no es condici\u00f3n de accesibilidad ser asociado al servicio de energ\u00eda. Usted podr\u00e1 hacerse asociado de la cooperativa a trav\u00e9s de este servicio.<\/p><p>El tiempo de carencia , normal es de seis (6) meses y para personas mayores de 65 a\u00f1os es de doce (12) meses, contando a partir del momento de la adhesi\u00f3n<\/p>\t\t\t\t\t\t\t\t<\/div>\n\t\t\t\t<\/div>\n\t\t\t\t\t<\/div>\n\t\t<\/div>\n\t\t\t\t\t<\/div>\n\t\t<\/section>\n\t\t\t\t<section class=\"elementor-section elementor-top-section elementor-element elementor-element-94cab22 elementor-section-boxed elementor-section-height-default elementor-section-height-default\" data-id=\"94cab22\" data-element_type=\"section\" data-e-type=\"section\">\n\t\t\t\t\t\t<div class=\"elementor-container elementor-column-gap-default\">\n\t\t\t\t\t<div class=\"elementor-column elementor-col-100 elementor-top-column elementor-element elementor-element-a08c867\" data-id=\"a08c867\" data-element_type=\"column\" data-e-type=\"column\">\n\t\t\t<div class=\"elementor-widget-wrap elementor-element-populated\">\n\t\t\t\t\t\t<div class=\"elementor-element elementor-element-2176742 elementor-align-center elementor-widget elementor-widget-button\" data-id=\"2176742\" data-element_type=\"widget\" data-e-type=\"widget\" data-widget_type=\"button.default\">\n\t\t\t\t<div class=\"elementor-widget-container\">\n\t\t\t\t\t\t\t\t\t<div class=\"elementor-button-wrapper\">\n\t\t\t\t\t<a class=\"elementor-button elementor-button-link elementor-size-sm elementor-animation-shrink\" href=\"https:\/\/ceyalcoop.com\/index.php\/necrologicas-2\/\">\n\t\t\t\t\t\t<span class=\"elementor-button-content-wrapper\">\n\t\t\t\t\t\t\t\t\t<span class=\"elementor-button-text\">Necrol\u00f3gicas<\/span>\n\t\t\t\t\t<\/span>\n\t\t\t\t\t<\/a>\n\t\t\t\t<\/div>\n\t\t\t\t\t\t\t\t<\/div>\n\t\t\t\t<\/div>\n\t\t\t\t\t<\/div>\n\t\t<\/div>\n\t\t\t\t\t<\/div>\n\t\t<\/section>\n\t\t\t\t<\/div>\n\t\t","protected":false},"excerpt":{"rendered":"<p>Servicio de Sepelio. La adhesi\u00f3n al servicio de sepelio tiene un costo de $ 300.00, pudi\u00e9ndose abonar en 3 cuotas de $100.00 que le ser\u00e1n sumadas al monto mensual de $4960.00 que pagar\u00e1 por el grupo familiar o en caso de ser jubilado $3630.00 ( uno) y $4030.00 (la pareja de jubilados). Si es asociado [&hellip;]<\/p>\n","protected":false},"author":3,"featured_media":0,"parent":0,"menu_order":0,"comment_status":"closed","ping_status":"closed","template":"","meta":{"footnotes":""},"class_list":["post-729","page","type-page","status-publish","hentry"],"_links":{"self":[{"href":"https:\/\/ceyalcoop.com\/index.php\/wp-json\/wp\/v2\/pages\/729","targetHints":{"allow":["GET"]}}],"collection":[{"href":"https:\/\/ceyalcoop.com\/index.php\/wp-json\/wp\/v2\/pages"}],"about":[{"href":"https:\/\/ceyalcoop.com\/index.php\/wp-json\/wp\/v2\/types\/page"}],"author":[{"embeddable":true,"href":"https:\/\/ceyalcoop.com\/index.php\/wp-json\/wp\/v2\/users\/3"}],"replies":[{"embeddable":true,"href":"https:\/\/ceyalcoop.com\/index.php\/wp-json\/wp\/v2\/comments?post=729"}],"version-history":[{"count":75,"href":"https:\/\/ceyalcoop.com\/index.php\/wp-json\/wp\/v2\/pages\/729\/revisions"}],"predecessor-version":[{"id":6737,"href":"https:\/\/ceyalcoop.com\/index.php\/wp-json\/wp\/v2\/pages\/729\/revisions\/6737"}],"wp:attachment":[{"href":"https:\/\/ceyalcoop.com\/index.php\/wp-json\/wp\/v2\/media?parent=729"}],"curies":[{"name":"wp","href":"https:\/\/api.w.org\/{rel}","templated":true}]}}