{"id":770,"date":"2022-02-23T17:24:35","date_gmt":"2022-02-23T17:24:35","guid":{"rendered":"http:\/\/ceyalcoop.com\/?page_id=770"},"modified":"2026-04-22T10:01:42","modified_gmt":"2026-04-22T10:01:42","slug":"traslado-social","status":"publish","type":"page","link":"https:\/\/ceyalcoop.com\/index.php\/traslado-social\/","title":{"rendered":"Traslado Social."},"content":{"rendered":"\t\t<div data-elementor-type=\"wp-page\" data-elementor-id=\"770\" class=\"elementor elementor-770\" data-elementor-post-type=\"page\">\n\t\t\t\t\t\t<section class=\"elementor-section elementor-top-section elementor-element elementor-element-752451d elementor-section-boxed elementor-section-height-default elementor-section-height-default\" data-id=\"752451d\" data-element_type=\"section\" data-e-type=\"section\">\n\t\t\t\t\t\t<div class=\"elementor-container elementor-column-gap-default\">\n\t\t\t\t\t<div class=\"elementor-column elementor-col-100 elementor-top-column elementor-element elementor-element-8b6b46a\" data-id=\"8b6b46a\" data-element_type=\"column\" data-e-type=\"column\">\n\t\t\t<div class=\"elementor-widget-wrap elementor-element-populated\">\n\t\t\t\t\t\t<div class=\"elementor-element elementor-element-e7a3756 elementor-widget elementor-widget-heading\" data-id=\"e7a3756\" data-element_type=\"widget\" data-e-type=\"widget\" data-widget_type=\"heading.default\">\n\t\t\t\t<div class=\"elementor-widget-container\">\n\t\t\t\t\t<h2 class=\"elementor-heading-title elementor-size-default\">Unidad de traslado social.<\/h2>\t\t\t\t<\/div>\n\t\t\t\t<\/div>\n\t\t\t\t<div class=\"elementor-element elementor-element-d648446 elementor-widget elementor-widget-text-editor\" data-id=\"d648446\" data-element_type=\"widget\" data-e-type=\"widget\" data-widget_type=\"text-editor.default\">\n\t\t\t\t<div class=\"elementor-widget-container\">\n\t\t\t\t\t\t\t\t\t<p><strong>Comienzo de Prestaci\u00f3n:<\/strong> 15 de Enero de 2002.<\/p><p><strong>Cantidad de Grupos Familiares Adheridos:<\/strong> 2414<\/p><p>En cada derivaci\u00f3n el paciente ser\u00e1 acompa\u00f1ado por una profesional de enfermer\u00eda.<img fetchpriority=\"high\" decoding=\"async\" class=\"size-medium wp-image-334 alignright\" src=\"http:\/\/172.24.1.226\/wp-content\/uploads\/2018\/05\/Ambulancia-300x196.jpg\" alt=\"\" width=\"300\" height=\"196\" \/><\/p><p>Tendr\u00e1n prioridad de disponibilidad de las unidades los asociados al servicio, ante cualquier otro pedido, quedando siempre una unidad de reserva para ellos.<\/p><p>Los adherentes \u00f3 asociados al servicio, tendr\u00e1n cobertura si cuentan con la Declaraci\u00f3n Jurada del grupo familiar debidamente cumplimentada , cumplida la carencia y los pagos al d\u00eda.<\/p><p>Los nuevos asociados al servicio, tendr\u00e1n una carencia de dos meses, luego de la suscripci\u00f3n de la correspondiente solicitud de adhesi\u00f3n.<\/p><p>Antes de realizar el traslado, el paciente deber\u00e1 contar con la Solicitud de Traslado, debidamente firmada y completada por el profesional derivante. Cuando los traslados se realicen desde otra ciudad \u00f3 localidad hacia V. Mackenna, el paciente deber\u00e1 anticipar la Solicitud de Traslado por fax, a la administraci\u00f3n de la Cooperativa, al TE 03583-480000.- Sin \u00e9ste requisito, la unidad no iniciar\u00e1 el viaje de traslado, conforme al art\u00edculo 6 de la Resoluci\u00f3n 596\/2008.<\/p><p><strong>Para el supuesto que el paciente a trasladar, necesite ser acompa\u00f1ado por profesional m\u00e9dico, su designaci\u00f3n ser\u00e1 responsabilidad del asociado.<\/strong><\/p><p><strong>Podr\u00e1, adem\u00e1s de la enfermera y el chofer, acompa\u00f1ar al paciente, solamente un familiar.<\/strong><\/p>\t\t\t\t\t\t\t\t<\/div>\n\t\t\t\t<\/div>\n\t\t\t\t<div class=\"elementor-element elementor-element-5848bb1 elementor-widget elementor-widget-heading\" data-id=\"5848bb1\" data-element_type=\"widget\" data-e-type=\"widget\" data-widget_type=\"heading.default\">\n\t\t\t\t<div class=\"elementor-widget-container\">\n\t\t\t\t\t<h2 class=\"elementor-heading-title elementor-size-default\">Declaraci\u00f3n jurada.<\/h2>\t\t\t\t<\/div>\n\t\t\t\t<\/div>\n\t\t\t\t\t<\/div>\n\t\t<\/div>\n\t\t\t\t\t<\/div>\n\t\t<\/section>\n\t\t\t\t<section class=\"elementor-section elementor-top-section elementor-element elementor-element-b71a39b elementor-section-boxed elementor-section-height-default elementor-section-height-default\" data-id=\"b71a39b\" data-element_type=\"section\" data-e-type=\"section\">\n\t\t\t\t\t\t<div class=\"elementor-container elementor-column-gap-default\">\n\t\t\t\t\t<div class=\"elementor-column elementor-col-100 elementor-top-column elementor-element elementor-element-6487bdf\" data-id=\"6487bdf\" data-element_type=\"column\" data-e-type=\"column\">\n\t\t\t<div class=\"elementor-widget-wrap elementor-element-populated\">\n\t\t\t\t\t\t<section class=\"elementor-section elementor-inner-section elementor-element elementor-element-29a6ab9 elementor-section-content-middle elementor-section-boxed elementor-section-height-default elementor-section-height-default\" data-id=\"29a6ab9\" data-element_type=\"section\" data-e-type=\"section\">\n\t\t\t\t\t\t<div class=\"elementor-container elementor-column-gap-no\">\n\t\t\t\t\t<div class=\"elementor-column elementor-col-100 elementor-inner-column elementor-element elementor-element-3f2b052\" data-id=\"3f2b052\" data-element_type=\"column\" data-e-type=\"column\">\n\t\t\t<div class=\"elementor-widget-wrap elementor-element-populated\">\n\t\t\t\t\t\t<div class=\"elementor-element elementor-element-4291e4a elementor-position-top elementor-widget elementor-widget-image-box\" data-id=\"4291e4a\" data-element_type=\"widget\" data-e-type=\"widget\" data-widget_type=\"image-box.default\">\n\t\t\t\t<div class=\"elementor-widget-container\">\n\t\t\t\t\t<div class=\"elementor-image-box-wrapper\"><figure class=\"elementor-image-box-img\"><a href=\"https:\/\/ceyalcoop.com\/index.php\/declaracion-jurada\/\" target=\"_blank\" tabindex=\"-1\"><img decoding=\"async\" width=\"1600\" height=\"1600\" data-src=\"https:\/\/ceyalcoop.com\/wp-content\/uploads\/2022\/09\/pngwing.com_.png\" class=\"elementor-animation-grow attachment-full size-full wp-image-2259 lazyload\" alt=\"\" data-srcset=\"https:\/\/ceyalcoop.com\/wp-content\/uploads\/2022\/09\/pngwing.com_.png 1600w, https:\/\/ceyalcoop.com\/wp-content\/uploads\/2022\/09\/pngwing.com_-300x300.png 300w, https:\/\/ceyalcoop.com\/wp-content\/uploads\/2022\/09\/pngwing.com_-1024x1024.png 1024w, https:\/\/ceyalcoop.com\/wp-content\/uploads\/2022\/09\/pngwing.com_-150x150.png 150w, https:\/\/ceyalcoop.com\/wp-content\/uploads\/2022\/09\/pngwing.com_-768x768.png 768w, https:\/\/ceyalcoop.com\/wp-content\/uploads\/2022\/09\/pngwing.com_-1536x1536.png 1536w\" data-sizes=\"(max-width: 1600px) 100vw, 1600px\" src=\"data:image\/svg+xml;base64,PHN2ZyB3aWR0aD0iMSIgaGVpZ2h0PSIxIiB4bWxucz0iaHR0cDovL3d3dy53My5vcmcvMjAwMC9zdmciPjwvc3ZnPg==\" style=\"--smush-placeholder-width: 1600px; --smush-placeholder-aspect-ratio: 1600\/1600;\" \/><\/a><\/figure><div class=\"elementor-image-box-content\"><h3 class=\"elementor-image-box-title\"><a href=\"https:\/\/ceyalcoop.com\/index.php\/declaracion-jurada\/\" target=\"_blank\">Declaraci\u00f3n  <\/a><\/h3><p class=\"elementor-image-box-description\">Descargue y llene la planilla para darse de alta en el servicio.<\/p><\/div><\/div>\t\t\t\t<\/div>\n\t\t\t\t<\/div>\n\t\t\t\t\t<\/div>\n\t\t<\/div>\n\t\t\t\t\t<\/div>\n\t\t<\/section>\n\t\t\t\t<div class=\"elementor-element elementor-element-c4b13a3 elementor-widget elementor-widget-heading\" data-id=\"c4b13a3\" data-element_type=\"widget\" data-e-type=\"widget\" data-widget_type=\"heading.default\">\n\t\t\t\t<div class=\"elementor-widget-container\">\n\t\t\t\t\t<h2 class=\"elementor-heading-title elementor-size-default\">Caracter\u00edsticas.<\/h2>\t\t\t\t<\/div>\n\t\t\t\t<\/div>\n\t\t\t\t\t<\/div>\n\t\t<\/div>\n\t\t\t\t\t<\/div>\n\t\t<\/section>\n\t\t\t\t<section class=\"elementor-section elementor-top-section elementor-element elementor-element-c59cba9 elementor-section-boxed elementor-section-height-default elementor-section-height-default\" data-id=\"c59cba9\" data-element_type=\"section\" data-e-type=\"section\">\n\t\t\t\t\t\t<div class=\"elementor-container elementor-column-gap-default\">\n\t\t\t\t\t<div class=\"elementor-column elementor-col-50 elementor-top-column elementor-element elementor-element-d2e8fd7\" data-id=\"d2e8fd7\" data-element_type=\"column\" data-e-type=\"column\">\n\t\t\t<div class=\"elementor-widget-wrap elementor-element-populated\">\n\t\t\t\t\t\t<div class=\"elementor-element elementor-element-144340c elementor-widget elementor-widget-text-editor\" data-id=\"144340c\" data-element_type=\"widget\" data-e-type=\"widget\" data-widget_type=\"text-editor.default\">\n\t\t\t\t<div class=\"elementor-widget-container\">\n\t\t\t\t\t\t\t\t\t<header class=\"entry-header\"><h6 class=\"entry-title\"><span style=\"font-size: 16px;\">Cada unidad, conforme a los exigido por la Resoluci\u00f3n 596\/2008\u00a0<\/span><\/h6><h6 class=\"entry-title\"><span style=\"font-size: 16px;\">cuenta con el siguiente equipamiento:<\/span><\/h6><\/header><div class=\"entry-content\"><ul><li>Camilla<\/li><li>Tubo de ox\u00edgeno<\/li><li>Almohada<\/li><li>2 frazadas<\/li><li>S\u00e1banas<\/li><li>Botiqu\u00edn de primeros auxilios, con tablas de caquis, collares cervicales, f\u00e9rulas, etc.<\/li><\/ul><\/div>\t\t\t\t\t\t\t\t<\/div>\n\t\t\t\t<\/div>\n\t\t\t\t\t<\/div>\n\t\t<\/div>\n\t\t\t\t<div class=\"elementor-column elementor-col-50 elementor-top-column elementor-element elementor-element-87f9392\" data-id=\"87f9392\" data-element_type=\"column\" data-e-type=\"column\">\n\t\t\t<div class=\"elementor-widget-wrap elementor-element-populated\">\n\t\t\t\t\t\t<div class=\"elementor-element elementor-element-578eb01 elementor-widget elementor-widget-image\" data-id=\"578eb01\" data-element_type=\"widget\" data-e-type=\"widget\" data-widget_type=\"image.default\">\n\t\t\t\t<div class=\"elementor-widget-container\">\n\t\t\t\t\t\t\t\t\t\t\t\t\t\t\t<img decoding=\"async\" width=\"300\" height=\"185\" data-src=\"https:\/\/ceyalcoop.com\/wp-content\/uploads\/2022\/02\/DSC01416-1-300x185-1.jpg\" class=\"attachment-large size-large wp-image-771 lazyload\" alt=\"\" src=\"data:image\/svg+xml;base64,PHN2ZyB3aWR0aD0iMSIgaGVpZ2h0PSIxIiB4bWxucz0iaHR0cDovL3d3dy53My5vcmcvMjAwMC9zdmciPjwvc3ZnPg==\" style=\"--smush-placeholder-width: 300px; --smush-placeholder-aspect-ratio: 300\/185;\" \/>\t\t\t\t\t\t\t\t\t\t\t\t\t\t\t<\/div>\n\t\t\t\t<\/div>\n\t\t\t\t\t<\/div>\n\t\t<\/div>\n\t\t\t\t\t<\/div>\n\t\t<\/section>\n\t\t\t\t<section class=\"elementor-section elementor-top-section elementor-element elementor-element-fb6a585 elementor-section-boxed elementor-section-height-default elementor-section-height-default\" data-id=\"fb6a585\" data-element_type=\"section\" data-e-type=\"section\">\n\t\t\t\t\t\t<div class=\"elementor-container elementor-column-gap-default\">\n\t\t\t\t\t<div class=\"elementor-column elementor-col-100 elementor-top-column elementor-element elementor-element-c2d0e37\" data-id=\"c2d0e37\" data-element_type=\"column\" data-e-type=\"column\">\n\t\t\t<div class=\"elementor-widget-wrap elementor-element-populated\">\n\t\t\t\t\t\t<div class=\"elementor-element elementor-element-8ee9ef6 elementor-widget elementor-widget-heading\" data-id=\"8ee9ef6\" data-element_type=\"widget\" data-e-type=\"widget\" data-widget_type=\"heading.default\">\n\t\t\t\t<div class=\"elementor-widget-container\">\n\t\t\t\t\t<h2 class=\"elementor-heading-title elementor-size-default\">Tarifas.<\/h2>\t\t\t\t<\/div>\n\t\t\t\t<\/div>\n\t\t\t\t\t<\/div>\n\t\t<\/div>\n\t\t\t\t\t<\/div>\n\t\t<\/section>\n\t\t\t\t<section class=\"elementor-section elementor-top-section elementor-element elementor-element-ea28b73 elementor-section-boxed elementor-section-height-default elementor-section-height-default\" data-id=\"ea28b73\" data-element_type=\"section\" data-e-type=\"section\">\n\t\t\t\t\t\t<div class=\"elementor-container elementor-column-gap-default\">\n\t\t\t\t\t<div class=\"elementor-column elementor-col-100 elementor-top-column elementor-element elementor-element-d61e178\" data-id=\"d61e178\" data-element_type=\"column\" data-e-type=\"column\">\n\t\t\t<div class=\"elementor-widget-wrap elementor-element-populated\">\n\t\t\t\t\t\t<div class=\"elementor-element elementor-element-a97d112 elementor-widget elementor-widget-text-editor\" data-id=\"a97d112\" data-element_type=\"widget\" data-e-type=\"widget\" data-widget_type=\"text-editor.default\">\n\t\t\t\t<div class=\"elementor-widget-container\">\n\t\t\t\t\t\t\t\t\t<p style=\"text-align: justify;\"><strong>La cuota de sostenimiento del servicio, es de $11900.00 por grupo familiar.<\/strong><\/p><p style=\"text-align: justify;\"><em><strong>&#8221; Si estas suscripto a este servicio y realizaste la declaraci\u00f3n Jurada de todo el grupo familiar, record\u00e1 que tambi\u00e9n estan cubiertos por el servicio de banco de sangre.&#8221;<\/strong><\/em><\/p><p style=\"text-align: justify;\">Para cualquier consulta puede comunicarse a:<\/p><ul><li>Tel\u00e9fonos Guardia: (03583) 480000 \u2013 488888<\/li><li>Correo Electr\u00f3nico: ceyalcoop@ceyalcoop.com.a<\/li><\/ul>\t\t\t\t\t\t\t\t<\/div>\n\t\t\t\t<\/div>\n\t\t\t\t\t<\/div>\n\t\t<\/div>\n\t\t\t\t\t<\/div>\n\t\t<\/section>\n\t\t\t\t<\/div>\n\t\t","protected":false},"excerpt":{"rendered":"<p>Unidad de traslado social. Comienzo de Prestaci\u00f3n: 15 de Enero de 2002. Cantidad de Grupos Familiares Adheridos: 2414 En cada derivaci\u00f3n el paciente ser\u00e1 acompa\u00f1ado por una profesional de enfermer\u00eda. Tendr\u00e1n prioridad de disponibilidad de las unidades los asociados al servicio, ante cualquier otro pedido, quedando siempre una unidad de reserva para ellos. Los adherentes [&hellip;]<\/p>\n","protected":false},"author":3,"featured_media":0,"parent":0,"menu_order":0,"comment_status":"closed","ping_status":"closed","template":"","meta":{"footnotes":""},"class_list":["post-770","page","type-page","status-publish","hentry"],"_links":{"self":[{"href":"https:\/\/ceyalcoop.com\/index.php\/wp-json\/wp\/v2\/pages\/770","targetHints":{"allow":["GET"]}}],"collection":[{"href":"https:\/\/ceyalcoop.com\/index.php\/wp-json\/wp\/v2\/pages"}],"about":[{"href":"https:\/\/ceyalcoop.com\/index.php\/wp-json\/wp\/v2\/types\/page"}],"author":[{"embeddable":true,"href":"https:\/\/ceyalcoop.com\/index.php\/wp-json\/wp\/v2\/users\/3"}],"replies":[{"embeddable":true,"href":"https:\/\/ceyalcoop.com\/index.php\/wp-json\/wp\/v2\/comments?post=770"}],"version-history":[{"count":109,"href":"https:\/\/ceyalcoop.com\/index.php\/wp-json\/wp\/v2\/pages\/770\/revisions"}],"predecessor-version":[{"id":6909,"href":"https:\/\/ceyalcoop.com\/index.php\/wp-json\/wp\/v2\/pages\/770\/revisions\/6909"}],"wp:attachment":[{"href":"https:\/\/ceyalcoop.com\/index.php\/wp-json\/wp\/v2\/media?parent=770"}],"curies":[{"name":"wp","href":"https:\/\/api.w.org\/{rel}","templated":true}]}}