{"id":981,"date":"2022-02-25T13:01:07","date_gmt":"2022-02-25T13:01:07","guid":{"rendered":"http:\/\/ceyalcoop.com\/?page_id=981"},"modified":"2024-08-19T16:16:11","modified_gmt":"2024-08-19T16:16:11","slug":"grua-servicio","status":"publish","type":"page","link":"https:\/\/ceyalcoop.com\/index.php\/grua-servicio\/","title":{"rendered":"Gr\u00faa Servicio"},"content":{"rendered":"\t\t<div data-elementor-type=\"wp-page\" data-elementor-id=\"981\" class=\"elementor elementor-981\" data-elementor-post-type=\"page\">\n\t\t\t\t\t\t<section class=\"elementor-section elementor-top-section elementor-element elementor-element-217bbba elementor-section-boxed elementor-section-height-default elementor-section-height-default\" data-id=\"217bbba\" data-element_type=\"section\" data-e-type=\"section\">\n\t\t\t\t\t\t<div class=\"elementor-container elementor-column-gap-default\">\n\t\t\t\t\t<div class=\"elementor-column elementor-col-100 elementor-top-column elementor-element elementor-element-b364666\" data-id=\"b364666\" data-element_type=\"column\" data-e-type=\"column\">\n\t\t\t<div class=\"elementor-widget-wrap elementor-element-populated\">\n\t\t\t\t\t\t<div class=\"elementor-element elementor-element-9ca3aa1 elementor-widget elementor-widget-heading\" data-id=\"9ca3aa1\" data-element_type=\"widget\" data-e-type=\"widget\" data-widget_type=\"heading.default\">\n\t\t\t\t<div class=\"elementor-widget-container\">\n\t\t\t\t\t<h2 class=\"elementor-heading-title elementor-size-default\">Servicio de Gr\u00faa.<\/h2>\t\t\t\t<\/div>\n\t\t\t\t<\/div>\n\t\t\t\t\t<\/div>\n\t\t<\/div>\n\t\t\t\t\t<\/div>\n\t\t<\/section>\n\t\t\t\t<section class=\"elementor-section elementor-top-section elementor-element elementor-element-ee540c8 elementor-section-boxed elementor-section-height-default elementor-section-height-default\" data-id=\"ee540c8\" data-element_type=\"section\" data-e-type=\"section\">\n\t\t\t\t\t\t<div class=\"elementor-container elementor-column-gap-default\">\n\t\t\t\t\t<div class=\"elementor-column elementor-col-100 elementor-top-column elementor-element elementor-element-cbac81a\" data-id=\"cbac81a\" data-element_type=\"column\" data-e-type=\"column\">\n\t\t\t<div class=\"elementor-widget-wrap elementor-element-populated\">\n\t\t\t\t\t\t<div class=\"elementor-element elementor-element-1e2f7c7 elementor-widget elementor-widget-text-editor\" data-id=\"1e2f7c7\" data-element_type=\"widget\" data-e-type=\"widget\" data-widget_type=\"text-editor.default\">\n\t\t\t\t<div class=\"elementor-widget-container\">\n\t\t\t\t\t\t\t\t\t<p><strong>Comienzo de Actividad:<\/strong> 15 de Julio de 1981<\/p><p><strong>Destinatarios:<\/strong> Asociados.<\/p>\t\t\t\t\t\t\t\t<\/div>\n\t\t\t\t<\/div>\n\t\t\t\t\t<\/div>\n\t\t<\/div>\n\t\t\t\t\t<\/div>\n\t\t<\/section>\n\t\t\t\t<section class=\"elementor-section elementor-top-section elementor-element elementor-element-a2d9357 elementor-section-boxed elementor-section-height-default elementor-section-height-default\" data-id=\"a2d9357\" data-element_type=\"section\" data-e-type=\"section\">\n\t\t\t\t\t\t<div class=\"elementor-container elementor-column-gap-default\">\n\t\t\t\t\t<div class=\"elementor-column elementor-col-100 elementor-top-column elementor-element elementor-element-1ff32cd\" data-id=\"1ff32cd\" data-element_type=\"column\" data-e-type=\"column\">\n\t\t\t<div class=\"elementor-widget-wrap elementor-element-populated\">\n\t\t\t\t\t\t<div class=\"elementor-element elementor-element-82e4c47 elementor-widget elementor-widget-heading\" data-id=\"82e4c47\" data-element_type=\"widget\" data-e-type=\"widget\" data-widget_type=\"heading.default\">\n\t\t\t\t<div class=\"elementor-widget-container\">\n\t\t\t\t\t<h2 class=\"elementor-heading-title elementor-size-default\">Tarifas.<\/h2>\t\t\t\t<\/div>\n\t\t\t\t<\/div>\n\t\t\t\t\t<\/div>\n\t\t<\/div>\n\t\t\t\t\t<\/div>\n\t\t<\/section>\n\t\t\t\t<section class=\"elementor-section elementor-top-section elementor-element elementor-element-bd560fc elementor-section-boxed elementor-section-height-default elementor-section-height-default\" data-id=\"bd560fc\" data-element_type=\"section\" data-e-type=\"section\">\n\t\t\t\t\t\t<div class=\"elementor-container elementor-column-gap-default\">\n\t\t\t\t\t<div class=\"elementor-column elementor-col-100 elementor-top-column elementor-element elementor-element-822b7dc\" data-id=\"822b7dc\" data-element_type=\"column\" data-e-type=\"column\">\n\t\t\t<div class=\"elementor-widget-wrap elementor-element-populated\">\n\t\t\t\t\t\t<div class=\"elementor-element elementor-element-e1ae83b elementor-widget elementor-widget-text-editor\" data-id=\"e1ae83b\" data-element_type=\"widget\" data-e-type=\"widget\" data-widget_type=\"text-editor.default\">\n\t\t\t\t<div class=\"elementor-widget-container\">\n\t\t\t\t\t\t\t\t\t<p><strong><span style=\"vertical-align: inherit;\"><span style=\"vertical-align: inherit;\">Por la ma\u00f1ana:<\/span><\/span><\/strong><span style=\"vertical-align: inherit;\"><span style=\"vertical-align: inherit;\"> socio $19300 + IVA la hora, y no socio $20370 + IVA la hora<\/span><\/span><\/p><p><strong><span style=\"vertical-align: inherit;\"><span style=\"vertical-align: inherit;\">Por la tarde :<\/span><\/span><\/strong><span style=\"vertical-align: inherit;\"><span style=\"vertical-align: inherit;\"> socio $24860+ IVA la hora, y no socio $29250 + IVA la hora<\/span><\/span><\/p><p><strong><span style=\"vertical-align: inherit;\"><span style=\"vertical-align: inherit;\">S\u00e1bados , domingos o feriados :<\/span><\/span><\/strong><\/p><p><span style=\"vertical-align: inherit;\"><span style=\"vertical-align: inherit;\">socio $33850 + IVA la hora y no socio $53300 + IVA la hora.<\/span><\/span><\/p><p><span style=\"vertical-align: inherit;\"><span style=\"vertical-align: inherit;\">Viaje para cumplir la tarea: $ 1950 + IVA el kil\u00f3metro recorrido.<\/span><\/span><\/p><p><strong><span style=\"vertical-align: inherit;\"><span style=\"vertical-align: inherit;\">Minicargadora:<\/span><\/span><\/strong><\/p><p><strong><span style=\"vertical-align: inherit;\"><span style=\"vertical-align: inherit;\">Por la ma\u00f1ana:<\/span><\/span><\/strong><span style=\"vertical-align: inherit;\"><span style=\"vertical-align: inherit;\"> socio $24500 + IVA la hora, y no socio $32400 + IVA la hora<\/span><\/span><\/p><p><span style=\"vertical-align: inherit;\"><span style=\"vertical-align: inherit;\">Por la tarde 35% de recargo<\/span><\/span><\/p><p><span style=\"vertical-align: inherit;\"><span style=\"vertical-align: inherit;\">S\u00e1bados , domingos \u00f3 feriados : 50% de recargo en cada categor\u00eda.<\/span><\/span><\/p><p><strong><span style=\"vertical-align: inherit;\"><span style=\"vertical-align: inherit;\">Retropala:<\/span><\/span><\/strong><\/p><p><strong><span style=\"vertical-align: inherit;\"><span style=\"vertical-align: inherit;\">Por la ma\u00f1ana:<\/span><\/span><\/strong><span style=\"vertical-align: inherit;\"><span style=\"vertical-align: inherit;\"> socio $34700 + IVA la hora, y no socio $43800<\/span><\/span><span style=\"vertical-align: inherit;\"><span style=\"vertical-align: inherit;\">\u00a0+ IVA la hora<\/span><\/span><\/p><p><strong><span style=\"vertical-align: inherit;\"><span style=\"vertical-align: inherit;\">Por la tarde 35% de recargo.<\/span><\/span><\/strong><\/p><p style=\"text-align: justify;\"><strong>Desobtructor: $38500 <span style=\"vertical-align: inherit;\">+ IVA la hora.<\/span><\/strong><\/p><p><strong><span style=\"vertical-align: inherit;\"><span style=\"vertical-align: inherit;\">S\u00e1bados , domingos \u00f3 feriados :<\/span><\/span><\/strong><span style=\"vertical-align: inherit;\"><span style=\"vertical-align: inherit;\"> 50% de recargo en cada categor\u00eda.<\/span><\/span><\/p><p><strong><span style=\"vertical-align: inherit;\"><span style=\"vertical-align: inherit;\">Para cualquier consulta puede comunicarse a:<\/span><\/span><\/strong><\/p><ul><li><strong><span style=\"vertical-align: inherit;\"><span style=\"vertical-align: inherit;\">Tel\u00e9fonos Guardia: (03583) 480000 \u2013 488888<\/span><\/span><\/strong><\/li><li><strong><span style=\"vertical-align: inherit;\"><span style=\"vertical-align: inherit;\">Correo Electr\u00f3nico: ceyalcoop@ceyalcoop.com.ar<\/span><\/span><\/strong><\/li><\/ul>\t\t\t\t\t\t\t\t<\/div>\n\t\t\t\t<\/div>\n\t\t\t\t\t<\/div>\n\t\t<\/div>\n\t\t\t\t\t<\/div>\n\t\t<\/section>\n\t\t\t\t<\/div>\n\t\t","protected":false},"excerpt":{"rendered":"<p>Servicio de Gr\u00faa. Comienzo de Actividad: 15 de Julio de 1981 Destinatarios: Asociados. Tarifas. Por la ma\u00f1ana: socio $19300 + IVA la hora, y no socio $20370 + IVA la hora Por la tarde : socio $24860+ IVA la hora, y no socio $29250 + IVA la hora S\u00e1bados , domingos o feriados : socio [&hellip;]<\/p>\n","protected":false},"author":3,"featured_media":0,"parent":0,"menu_order":0,"comment_status":"closed","ping_status":"closed","template":"","meta":{"footnotes":""},"class_list":["post-981","page","type-page","status-publish","hentry"],"_links":{"self":[{"href":"https:\/\/ceyalcoop.com\/index.php\/wp-json\/wp\/v2\/pages\/981","targetHints":{"allow":["GET"]}}],"collection":[{"href":"https:\/\/ceyalcoop.com\/index.php\/wp-json\/wp\/v2\/pages"}],"about":[{"href":"https:\/\/ceyalcoop.com\/index.php\/wp-json\/wp\/v2\/types\/page"}],"author":[{"embeddable":true,"href":"https:\/\/ceyalcoop.com\/index.php\/wp-json\/wp\/v2\/users\/3"}],"replies":[{"embeddable":true,"href":"https:\/\/ceyalcoop.com\/index.php\/wp-json\/wp\/v2\/comments?post=981"}],"version-history":[{"count":24,"href":"https:\/\/ceyalcoop.com\/index.php\/wp-json\/wp\/v2\/pages\/981\/revisions"}],"predecessor-version":[{"id":5580,"href":"https:\/\/ceyalcoop.com\/index.php\/wp-json\/wp\/v2\/pages\/981\/revisions\/5580"}],"wp:attachment":[{"href":"https:\/\/ceyalcoop.com\/index.php\/wp-json\/wp\/v2\/media?parent=981"}],"curies":[{"name":"wp","href":"https:\/\/api.w.org\/{rel}","templated":true}]}}